{"id":16088,"date":"2021-10-31T11:15:43","date_gmt":"2021-10-31T14:15:43","guid":{"rendered":"https:\/\/www.eaglescollege.cl\/web\/?page_id=16088"},"modified":"2024-12-11T15:15:18","modified_gmt":"2024-12-11T18:15:18","slug":"certificacion-cambridge","status":"publish","type":"page","link":"https:\/\/www.eaglescollege.cl\/web\/certificacion-cambridge\/","title":{"rendered":"Certificaci\u00f3n Cambridge"},"content":{"rendered":"<div id=\"cmsmasters_row_5l20zojr95\" class=\"cmsmasters_row cmsmasters_color_scheme_default cmsmasters_row_top_default cmsmasters_row_bot_default cmsmasters_row_boxed\">\n<div class=\"cmsmasters_row_outer_parent\">\n<div class=\"cmsmasters_row_outer\">\n<div class=\"cmsmasters_row_inner\">\n<div class=\"cmsmasters_row_margin\">\n<div id=\"cmsmasters_column_17wbngk5xl\" class=\"cmsmasters_column one_first\">\n<div class=\"cmsmasters_column_inner\"><div class=\"aligncenter\"><div class=\"cmsmasters_img  cmsmasters_image_c\"><img decoding=\"async\" src=\"https:\/\/www.eaglescollege.cl\/web\/wp-content\/uploads\/2022\/09\/Prep-centre-logo_RGB-300x161.png\" \/><\/div><\/div>\n<\/div><\/div>\n<\/div>\n<\/div>\n<\/div>\n<\/div>\n<\/div>\n<div id=\"cmsmasters_row_sy5i4fgvg9\" class=\"cmsmasters_row cmsmasters_color_scheme_default cmsmasters_row_top_default cmsmasters_row_bot_default cmsmasters_row_boxed\">\n<div class=\"cmsmasters_row_outer_parent\">\n<div class=\"cmsmasters_row_outer\">\n<div class=\"cmsmasters_row_inner\">\n<div class=\"cmsmasters_row_margin\">\n<div id=\"cmsmasters_column_nlmmrx7ho4\" class=\"cmsmasters_column one_half\">\n<div class=\"cmsmasters_column_inner\"><div id=\"cmsmasters_hover_slider_935hff2zwu\" class=\"cmsmasters_hover_slider\" data-thumb-width=\"100\" data-thumb-height=\"60\" data-active-slide=\"1\" data-pause-time=\"5000\" data-pause-on-hover=\"true\"><ul class=\"cmsmasters_hover_slider_items\">\n<li><figure class=\"cmsmasters_hover_slider_full_img\"><img loading=\"lazy\" decoding=\"async\" width=\"850\" height=\"344\" src=\"https:\/\/www.eaglescollege.cl\/web\/wp-content\/uploads\/2021\/10\/Imagen7.jpg\" class=\"attachment-post-thumbnail size-post-thumbnail\" alt=\"\" srcset=\"https:\/\/www.eaglescollege.cl\/web\/wp-content\/uploads\/2021\/10\/Imagen7.jpg 850w, https:\/\/www.eaglescollege.cl\/web\/wp-content\/uploads\/2021\/10\/Imagen7-300x121.jpg 300w, https:\/\/www.eaglescollege.cl\/web\/wp-content\/uploads\/2021\/10\/Imagen7-768x311.jpg 768w, https:\/\/www.eaglescollege.cl\/web\/wp-content\/uploads\/2021\/10\/Imagen7-580x235.jpg 580w\" sizes=\"auto, (max-width: 850px) 100vw, 850px\" \/><\/figure><\/li><li><figure class=\"cmsmasters_hover_slider_full_img\"><img loading=\"lazy\" decoding=\"async\" width=\"845\" height=\"548\" src=\"https:\/\/www.eaglescollege.cl\/web\/wp-content\/uploads\/2021\/10\/Imagen11.jpg\" class=\"attachment-post-thumbnail size-post-thumbnail\" alt=\"\" srcset=\"https:\/\/www.eaglescollege.cl\/web\/wp-content\/uploads\/2021\/10\/Imagen11.jpg 845w, https:\/\/www.eaglescollege.cl\/web\/wp-content\/uploads\/2021\/10\/Imagen11-300x195.jpg 300w, https:\/\/www.eaglescollege.cl\/web\/wp-content\/uploads\/2021\/10\/Imagen11-768x498.jpg 768w, https:\/\/www.eaglescollege.cl\/web\/wp-content\/uploads\/2021\/10\/Imagen11-580x376.jpg 580w\" sizes=\"auto, (max-width: 845px) 100vw, 845px\" \/><\/figure><\/li><li><figure class=\"cmsmasters_hover_slider_full_img\"><img loading=\"lazy\" decoding=\"async\" width=\"860\" height=\"575\" src=\"https:\/\/www.eaglescollege.cl\/web\/wp-content\/uploads\/2021\/10\/Imagen10-860x575.jpg\" class=\"attachment-post-thumbnail size-post-thumbnail\" alt=\"\" \/><\/figure><\/li><li><figure class=\"cmsmasters_hover_slider_full_img\"><img loading=\"lazy\" decoding=\"async\" width=\"860\" height=\"539\" src=\"https:\/\/www.eaglescollege.cl\/web\/wp-content\/uploads\/2021\/10\/Imagen9-860x539.jpg\" class=\"attachment-post-thumbnail size-post-thumbnail\" alt=\"\" \/><\/figure><\/li><\/ul>\n<\/div>\n<\/div><\/div>\n<div id=\"cmsmasters_column_zhtdksw2to\" class=\"cmsmasters_column one_half\">\n<div class=\"cmsmasters_column_inner\"><div class=\"cmsmasters_text\">\n<p>Eagles\u2019 College ha sido reconocido como Centro Preparador de Ex\u00e1menes Internacionales Estandarizados de la Universidad de Cambridge.<\/p>\n<p>La validaci\u00f3n de la competencia ling\u00fc\u00edstica alcanzada a trav\u00e9s de los ex\u00e1menes de Cambridge English goza de prestigio internacional, y cubre un variado campo de temas acad\u00e9micos y vocacionales dise\u00f1ados para el mercado internacional.<\/p>\n<p>Nuestros alumnos se ven enfrentados a rendir las siguientes examinaciones que se especifican por nivel, las que ser\u00e1n financiadas por los padres y\/o apoderados y obligatorios para ciertos niveles que se indican a continuaci\u00f3n.<\/p>\n<p>Cabe indicar que estos ex\u00e1menes corresponden a una de las Actividades Institucionales m\u00e1s importantes de Eagles\u2019 College, como consecuci\u00f3n del logro de uno de los objetivos del Proyecto Educativo, como Colegio Biling\u00fce.<\/p>\n<\/div>\n<\/div><\/div>\n<\/div>\n<\/div>\n<\/div>\n<\/div>\n<\/div>\n<div id=\"cmsmasters_row_381n0p6uic\" class=\"cmsmasters_row cmsmasters_color_scheme_default cmsmasters_row_top_default cmsmasters_row_bot_default cmsmasters_row_fullwidth\">\n<div class=\"cmsmasters_row_outer_parent\">\n<div class=\"cmsmasters_row_outer\">\n<div class=\"cmsmasters_row_inner cmsmasters_row_fullwidth cmsmasters_row_no_margin\">\n<div class=\"cmsmasters_row_margin\">\n<div id=\"cmsmasters_column_svqdeyr7n\" class=\"cmsmasters_column one_first\">\n<div class=\"cmsmasters_column_inner\"><div class=\"aligncenter\"><div class=\"cmsmasters_img  cmsmasters_image_c\"><img decoding=\"async\" src=\"https:\/\/www.eaglescollege.cl\/web\/wp-content\/uploads\/2021\/10\/Captura-1-768x324-1.jpg\" \/><\/div><\/div>\n<\/div><\/div>\n<\/div>\n<\/div>\n<\/div>\n<\/div>\n<\/div>\n<div id=\"cmsmasters_row_cqk2pn62hc\" class=\"cmsmasters_row cmsmasters_color_scheme_default cmsmasters_row_top_default cmsmasters_row_bot_default cmsmasters_row_boxed\">\n<div class=\"cmsmasters_row_outer_parent\">\n<div class=\"cmsmasters_row_outer\">\n<div class=\"cmsmasters_row_inner\">\n<div class=\"cmsmasters_row_margin\">\n<div id=\"cmsmasters_column_1vbhc6u3z\" class=\"cmsmasters_column one_first\">\n<div class=\"cmsmasters_column_inner\"><div class=\"cmsmasters_wrap_table\"><table class=\"cmsmasters_table\"><caption><\/caption><thead><tr class=\"cmsmasters_table_row_header\"><th class=\"cmsmasters_table_cell_alignleft\">Curso<\/th><th class=\"cmsmasters_table_cell_alignleft\">Prueba<\/th><th class=\"cmsmasters_table_cell_alignleft\">Equivalencia<\/th><th class=\"cmsmasters_table_cell_alignleft\">Usuario<\/th><\/tr><\/thead><tr><td class=\"cmsmasters_table_cell_alignleft\">6th Grade<\/td><td class=\"cmsmasters_table_cell_alignleft\">KET**<\/td><td class=\"cmsmasters_table_cell_alignleft\">Nivel A2 | Counicativo<\/td><td class=\"cmsmasters_table_cell_alignleft\">Basic User<\/td><\/tr><tr><td class=\"cmsmasters_table_cell_alignleft\">Elementary<\/td><td class=\"cmsmasters_table_cell_alignleft\">KET**<\/td><td class=\"cmsmasters_table_cell_alignleft\">Nivel A2 | Counicativo<\/td><td class=\"cmsmasters_table_cell_alignleft\">Basic User<\/td><\/tr><tr><td class=\"cmsmasters_table_cell_alignleft\">Intermediate<\/td><td class=\"cmsmasters_table_cell_alignleft\">PET<\/td><td class=\"cmsmasters_table_cell_alignleft\">Nivel B1 | comunicativo<\/td><td class=\"cmsmasters_table_cell_alignleft\">Indep. User<\/td><\/tr><tr><td class=\"cmsmasters_table_cell_alignleft\">Upper Intermediate<\/td><td class=\"cmsmasters_table_cell_alignleft\">FCE<\/td><td class=\"cmsmasters_table_cell_alignleft\">Nivel B2 | comunicativo<\/td><td class=\"cmsmasters_table_cell_alignleft\">Indep. User<\/td><\/tr><\/table><\/div>\n<\/div><\/div>\n<\/div>\n<\/div>\n<\/div>\n<\/div>\n<\/div>\n<div id=\"cmsmasters_row_4yf167x2ee\" class=\"cmsmasters_row cmsmasters_color_scheme_default cmsmasters_row_top_default cmsmasters_row_bot_default cmsmasters_row_boxed\">\n<div class=\"cmsmasters_row_outer_parent\">\n<div class=\"cmsmasters_row_outer\">\n<div class=\"cmsmasters_row_inner\">\n<div class=\"cmsmasters_row_margin\">\n<div id=\"cmsmasters_column_iadt7zuf13\" class=\"cmsmasters_column one_half\">\n<div class=\"cmsmasters_column_inner\"><div id=\"cmsmasters_heading_zf5crcx739\" class=\"cmsmasters_heading_wrap cmsmasters_heading_align_left\">\n\t<h2 class=\"cmsmasters_heading\">YLE Cambridge Young Learners English Tests<\/h2>\n<\/div><div id=\"cmsmasters_fb_5kqlswf67p\" class=\"cmsmasters_featured_block\">\n<div class=\"featured_block_inner\">\n<div class=\"featured_block_text\">\n<p>Los ex\u00e1menes YLE son para ni\u00f1os entre 7 y 12 a\u00f1os, es por esta misma raz\u00f3n que han sido dise\u00f1ados en un estilo ameno y atractivo para incentivar a los ni\u00f1os en sus estudios de ingl\u00e9s. Los ex\u00e1menes eval\u00faan lectura y escritura, comprensi\u00f3n auditiva y expresi\u00f3n oral.<\/p>\n<p>Estas pruebas est\u00e1n dividas en tres niveles:<\/p>\n<ul>\n<li>YLE Starters (Bajo nivel A1)<\/li>\n<li>YLE Movers (Nivel A1)<\/li>\n<li>YLE Flyers (Nivel A2)<\/li>\n<\/ul>\n\n<\/div>\n<\/div>\n<\/div>\n<\/div><\/div>\n<div id=\"cmsmasters_column_wriz8v9vao\" class=\"cmsmasters_column one_half\">\n<div class=\"cmsmasters_column_inner\"><div id=\"cmsmasters_heading_z4geh77x8f\" class=\"cmsmasters_heading_wrap cmsmasters_heading_align_left\">\n\t<h2 class=\"cmsmasters_heading\">Ket for Schools<\/h2>\n<\/div><div id=\"cmsmasters_fb_ssg4m0u59\" class=\"cmsmasters_featured_block\">\n<div class=\"featured_block_inner\">\n<div class=\"featured_block_text\">\n<p>Este examen al igual que el examen KET convencional eval\u00faa (certifica) la capacidad de desenvolverse en forma oral y escrita en un nivel elemental pr\u00e1ctico.<\/p>\n<p>Tiene el mismo formato y nivel de las preguntas que el examen KET, la \u00fanica diferencia son los t\u00f3picos que han sido particularmente dise\u00f1ados de acuerdo a los intereses y experiencia de estudiantes de colegios.<\/p>\n\n<\/div>\n<\/div>\n<\/div>\n<\/div><\/div>\n<\/div>\n<\/div>\n<\/div>\n<\/div>\n<\/div>\n<div id=\"cmsmasters_row_xq8dy8bgek\" class=\"cmsmasters_row cmsmasters_color_scheme_default cmsmasters_row_top_default cmsmasters_row_bot_default cmsmasters_row_boxed\">\n<div class=\"cmsmasters_row_outer_parent\">\n<div class=\"cmsmasters_row_outer\">\n<div class=\"cmsmasters_row_inner\">\n<div class=\"cmsmasters_row_margin\">\n<div id=\"cmsmasters_column_5xmlast8qm\" class=\"cmsmasters_column one_half\">\n<div class=\"cmsmasters_column_inner\"><div id=\"cmsmasters_heading_pz2pqn61dc\" class=\"cmsmasters_heading_wrap cmsmasters_heading_align_left\">\n\t<h2 class=\"cmsmasters_heading\">Pet for Schools<\/h2>\n<\/div><div id=\"cmsmasters_fb_u8c7rpaeof\" class=\"cmsmasters_featured_block\">\n<div class=\"featured_block_inner\">\n<div class=\"featured_block_text\">\n<p>En este nivel los candidatos deben ser capaces de manejarse ling\u00fc\u00edsticamente en un nivel intermedio en forma oral y escrita. El examen tiene el mismo formato y nivel de preguntas que el examen PET convencional, la diferencia con este \u00faltimo est\u00e1 en que los t\u00f3picos que han sido particularmente dise\u00f1ados de acuerdo a los intereses y experiencia de los estudiantes de colegios<\/p>\n\n<\/div>\n<\/div>\n<\/div>\n<\/div><\/div>\n<div id=\"cmsmasters_column_57cj959ipm\" class=\"cmsmasters_column one_half\">\n<div class=\"cmsmasters_column_inner\"><div id=\"cmsmasters_heading_zcugbh0awg\" class=\"cmsmasters_heading_wrap cmsmasters_heading_align_left\">\n\t<h2 class=\"cmsmasters_heading\">FCE for Schools<\/h2>\n<\/div><div id=\"cmsmasters_fb_oc0qni7ga\" class=\"cmsmasters_featured_block\">\n<div class=\"featured_block_inner\">\n<div class=\"featured_block_text\">\n<p>Es un examen de nivel intermedio alto en el que los candidatos deben ser capaces de comunicarse fluidamente en un nivel m\u00e1s complejo en forma oral y escrita. El examen tiene el mismo formato y nivel de preguntas que el examen FCE convencional, con la diferencia que el primero contiene t\u00f3picos que han sido particularmente dise\u00f1ados de acuerdo a los intereses y experiencia de los estudiantes de colegios.<\/p>\n\n<\/div>\n<\/div>\n<\/div>\n<\/div><\/div>\n<\/div>\n<\/div>\n<\/div>\n<\/div>\n<\/div>\n<div id=\"cmsmasters_row_a4tq4k4oh\" class=\"cmsmasters_row cmsmasters_color_scheme_default cmsmasters_row_top_default cmsmasters_row_bot_default cmsmasters_row_boxed\">\n<div class=\"cmsmasters_row_outer_parent\">\n<div class=\"cmsmasters_row_outer\">\n<div class=\"cmsmasters_row_inner\">\n<div class=\"cmsmasters_row_margin\">\n<div id=\"cmsmasters_column_mmpzotn9fk\" class=\"cmsmasters_column one_first\">\n<div class=\"cmsmasters_column_inner\"><div id=\"cmsmasters_heading_x0ijptcy0o\" class=\"cmsmasters_heading_wrap cmsmasters_heading_align_left\">\n\t<h2 class=\"cmsmasters_heading\">Ex\u00e1menes seg\u00fan nivel:<\/h2>\n<\/div><div id=\"cmsmasters_heading_st0cwkz1cw\" class=\"cmsmasters_heading_wrap cmsmasters_heading_align_left\">\n\t<h2 class=\"cmsmasters_heading\">Educaci\u00f3n B\u00e1sica:<\/h2>\n<\/div><div id=\"cmsmasters_fb_qaaxmbzfll\" class=\"cmsmasters_featured_block\">\n<div class=\"featured_block_inner\">\n<div class=\"featured_block_text\">\n<p>Durante el segundo semestre, los apoderados deben inscribir y cancelar el valor del examen, previamente comunicado, a trav\u00e9s de Coordinaci\u00f3n de Ingl\u00e9s y\/o Administraci\u00f3n de Eagles\u2019 College.<\/p>\n<p>Los alumnos de 2do b\u00e1sico deber\u00e1n rendir el examen STARTERS, dependiendo del desarrollo de sus habilidades ling\u00fc\u00edsticas. El examen en este nivel no ser\u00e1 obligatorio.<\/p>\n<p>Los alumnos de 3ro b\u00e1sico podr\u00e1n rendir Starters o Movers, dependiendo del desarrollo de sus habilidades ling\u00fc\u00edsticas. El examen en este nivel no ser\u00e1 obligatorio.<\/p>\n<p>Los alumnos de 4to b\u00e1sico podr\u00e1n rendir el examen MOVERS.<\/p>\n<p>Los alumnos de 5to b\u00e1sico podr\u00e1n rendir Movers o Flyers, dependiendo del desarrollo de sus habilidades ling\u00fc\u00edsticas. El examen en este nivel no ser\u00e1 obligatorio.<\/p>\n<p><strong>Los alumnos de 6to b\u00e1sico deber\u00e1n rendir el examen KET en forma obligatoria.<\/strong><\/p>\n<p>Al t\u00e9rmino de la ense\u00f1anza B\u00e1sica, es deseable que los alumnos posean al menos 2 certificados de rendici\u00f3n de ex\u00e1menes estandarizados.<\/p>\n\n<\/div>\n<\/div>\n<\/div>\n<div id=\"cmsmasters_heading_4hqjzasx76\" class=\"cmsmasters_heading_wrap cmsmasters_heading_align_left\">\n\t<h2 class=\"cmsmasters_heading\">Educaci\u00f3n Media:<\/h2>\n<\/div><div id=\"cmsmasters_fb_nfebpravbk\" class=\"cmsmasters_featured_block\">\n<div class=\"featured_block_inner\">\n<div class=\"featured_block_text\">\n<p>Los alumnos de 7mo b\u00e1sico podr\u00e1n rendir KET, dependiendo del desarrollo de sus habilidades ling\u00fc\u00edsticas. El examen en este nivel no ser\u00e1 obligatorio.<\/p>\n<p>Los alumnos de 8vo b\u00e1sico deber\u00e1n rendir el examen PET (o KET dependiendo del desarrollo de sus habilidades ling\u00fc\u00edsticas.<\/p>\n<p>Todos los alumnos de 8vo b\u00e1sico que subir\u00e1n a los niveles de ingl\u00e9s de High School, al a\u00f1o siguiente, deben rendir el examen PET, a menos que lleve menos de dos a\u00f1os en Eagles\u2019 College, de ser as\u00ed puede rendir KET.<\/p>\n<p><strong>Niveles de Ingl\u00e9s en HIGH SCHOOL o Educaci\u00f3n Media y rendici\u00f3n de ex\u00e1menes internacionales en forma obligatoria<\/strong><\/p>\n<p>Elementary level: los alumnos del nivel pueden rendir KET<\/p>\n<p>Intermediate: los alumnos del nivel pueden rendir PET<\/p>\n<p>Upper intermediate: los alumnos del nivel pueden rendir PET o FCE (dependiendo del desarrollo de sus habilidades ling\u00fc\u00edsticas)<\/p>\n<p>Advanced: los alumnos de este nivel DEBEN rendir FCE.<\/p>\n<p>Todos los alumnos que est\u00e9n cursando 4to medio deben rendir un examen al final del proceso. (Cualquiera de ellos de acuerdo a su nivel de logro)<\/p>\n<p>Los alumnos de ense\u00f1anza media deber\u00e1n haber rendido al menos 2 examinaciones para el t\u00e9rmino de su educaci\u00f3n media. (1 YLE y 1 KET\/PET o FCE)<\/p>\n<p>Los alumnos de Educaci\u00f3n Media que se encuentren en el nivel de rendir CAE, lo podr\u00e1n hacer, con la recomendaci\u00f3n de sus profesores.<\/p>\n\n<\/div>\n<\/div>\n<\/div>\n<\/div><\/div>\n<\/div>\n<\/div>\n<\/div>\n<\/div>\n<\/div>\n<div id=\"cmsmasters_row_wbdty642ck\" class=\"cmsmasters_row cmsmasters_color_scheme_default cmsmasters_row_top_default cmsmasters_row_bot_default cmsmasters_row_boxed\">\n<div class=\"cmsmasters_row_outer_parent\">\n<div class=\"cmsmasters_row_outer\">\n<div class=\"cmsmasters_row_inner\">\n<div class=\"cmsmasters_row_margin\">\n<div id=\"cmsmasters_column_5f4rw121qv\" class=\"cmsmasters_column one_first\">\n<div class=\"cmsmasters_column_inner\"><div id=\"cmsmasters_heading_0ok4429jja\" class=\"cmsmasters_heading_wrap cmsmasters_heading_align_left\">\n\t<h2 class=\"cmsmasters_heading\">Fechas importantes<\/h2>\n<\/div><div class=\"cmsmasters_wrap_table\"><table class=\"cmsmasters_table\"><caption><\/caption><thead><tr class=\"cmsmasters_table_row_header\"><th class=\"cmsmasters_table_cell_alignleft\">Examen<\/th><th class=\"cmsmasters_table_cell_alignleft\">Fecha para rendir examen<\/th><\/tr><\/thead><tr><td class=\"cmsmasters_table_cell_alignleft\">KET for Schools<\/td><td class=\"cmsmasters_table_cell_alignleft\">Octubre (horario por confirmar)<\/td><\/tr><tr><td class=\"cmsmasters_table_cell_alignleft\">PET for Schools<\/td><td class=\"cmsmasters_table_cell_alignleft\">Octubre (horario por confirmar)<\/td><\/tr><tr><td class=\"cmsmasters_table_cell_alignleft\">FCE<\/td><td class=\"cmsmasters_table_cell_alignleft\">Noviembre (horario y lugar por confirmar)<\/td><\/tr><tr><td class=\"cmsmasters_table_cell_alignleft\">YLE (starters\/movers\/flyers)<\/td><td class=\"cmsmasters_table_cell_alignleft\">Octubre (horario por confirmar)<\/td><\/tr><\/table><\/div>\n<\/div><\/div>\n<\/div>\n<\/div>\n<\/div>\n<\/div>\n<\/div>\n\n","protected":false},"excerpt":{"rendered":"","protected":false},"author":1,"featured_media":0,"parent":0,"menu_order":0,"comment_status":"closed","ping_status":"closed","template":"","meta":{"_EventAllDay":false,"_EventTimezone":"","_EventStartDate":"","_EventEndDate":"","_EventStartDateUTC":"","_EventEndDateUTC":"","_EventShowMap":false,"_EventShowMapLink":false,"_EventURL":"","_EventCost":"","_EventCostDescription":"","_EventCurrencySymbol":"","_EventCurrencyCode":"","_EventCurrencyPosition":"","_EventDateTimeSeparator":"","_EventTimeRangeSeparator":"","_EventOrganizerID":[],"_EventVenueID":[],"_OrganizerEmail":"","_OrganizerPhone":"","_OrganizerWebsite":"","_VenueAddress":"","_VenueCity":"","_VenueCountry":"","_VenueProvince":"","_VenueState":"","_VenueZip":"","_VenuePhone":"","_VenueURL":"","_VenueStateProvince":"","_VenueLat":"","_VenueLng":"","_VenueShowMap":false,"_VenueShowMapLink":false,"footnotes":""},"class_list":["post-16088","page","type-page","status-publish","hentry"],"yoast_head":"<!-- This site is optimized with the Yoast SEO plugin v24.0 - https:\/\/yoast.com\/wordpress\/plugins\/seo\/ -->\n<title>Certificaci\u00f3n Cambridge - Eagles&#039; College<\/title>\n<meta name=\"robots\" content=\"index, follow, max-snippet:-1, max-image-preview:large, max-video-preview:-1\" \/>\n<link rel=\"canonical\" href=\"https:\/\/www.eaglescollege.cl\/web\/certificacion-cambridge\/\" \/>\n<meta property=\"og:locale\" content=\"es_ES\" \/>\n<meta property=\"og:type\" content=\"article\" \/>\n<meta property=\"og:title\" content=\"Certificaci\u00f3n Cambridge - Eagles&#039; College\" \/>\n<meta property=\"og:url\" content=\"https:\/\/www.eaglescollege.cl\/web\/certificacion-cambridge\/\" \/>\n<meta property=\"og:site_name\" content=\"Eagles&#039; College\" \/>\n<meta property=\"article:modified_time\" content=\"2024-12-11T18:15:18+00:00\" \/>\n<meta name=\"twitter:card\" content=\"summary_large_image\" \/>\n<meta name=\"twitter:label1\" content=\"Tiempo de lectura\" \/>\n\t<meta name=\"twitter:data1\" content=\"7 minutos\" \/>\n<script type=\"application\/ld+json\" class=\"yoast-schema-graph\">{\"@context\":\"https:\/\/schema.org\",\"@graph\":[{\"@type\":\"WebPage\",\"@id\":\"https:\/\/www.eaglescollege.cl\/web\/certificacion-cambridge\/\",\"url\":\"https:\/\/www.eaglescollege.cl\/web\/certificacion-cambridge\/\",\"name\":\"Certificaci\u00f3n Cambridge - Eagles&#039; College\",\"isPartOf\":{\"@id\":\"https:\/\/www.eaglescollege.cl\/web\/#website\"},\"datePublished\":\"2021-10-31T14:15:43+00:00\",\"dateModified\":\"2024-12-11T18:15:18+00:00\",\"breadcrumb\":{\"@id\":\"https:\/\/www.eaglescollege.cl\/web\/certificacion-cambridge\/#breadcrumb\"},\"inLanguage\":\"es\",\"potentialAction\":[{\"@type\":\"ReadAction\",\"target\":[\"https:\/\/www.eaglescollege.cl\/web\/certificacion-cambridge\/\"]}]},{\"@type\":\"BreadcrumbList\",\"@id\":\"https:\/\/www.eaglescollege.cl\/web\/certificacion-cambridge\/#breadcrumb\",\"itemListElement\":[{\"@type\":\"ListItem\",\"position\":1,\"name\":\"Home\",\"item\":\"https:\/\/www.eaglescollege.cl\/web\/\"},{\"@type\":\"ListItem\",\"position\":2,\"name\":\"Certificaci\u00f3n Cambridge\"}]},{\"@type\":\"WebSite\",\"@id\":\"https:\/\/www.eaglescollege.cl\/web\/#website\",\"url\":\"https:\/\/www.eaglescollege.cl\/web\/\",\"name\":\"Eagles&#039; College\",\"description\":\"education is life itself\",\"potentialAction\":[{\"@type\":\"SearchAction\",\"target\":{\"@type\":\"EntryPoint\",\"urlTemplate\":\"https:\/\/www.eaglescollege.cl\/web\/?s={search_term_string}\"},\"query-input\":{\"@type\":\"PropertyValueSpecification\",\"valueRequired\":true,\"valueName\":\"search_term_string\"}}],\"inLanguage\":\"es\"}]}<\/script>\n<!-- \/ Yoast SEO plugin. -->","yoast_head_json":{"title":"Certificaci\u00f3n Cambridge - Eagles&#039; College","robots":{"index":"index","follow":"follow","max-snippet":"max-snippet:-1","max-image-preview":"max-image-preview:large","max-video-preview":"max-video-preview:-1"},"canonical":"https:\/\/www.eaglescollege.cl\/web\/certificacion-cambridge\/","og_locale":"es_ES","og_type":"article","og_title":"Certificaci\u00f3n Cambridge - Eagles&#039; College","og_url":"https:\/\/www.eaglescollege.cl\/web\/certificacion-cambridge\/","og_site_name":"Eagles&#039; College","article_modified_time":"2024-12-11T18:15:18+00:00","twitter_card":"summary_large_image","twitter_misc":{"Tiempo de lectura":"7 minutos"},"schema":{"@context":"https:\/\/schema.org","@graph":[{"@type":"WebPage","@id":"https:\/\/www.eaglescollege.cl\/web\/certificacion-cambridge\/","url":"https:\/\/www.eaglescollege.cl\/web\/certificacion-cambridge\/","name":"Certificaci\u00f3n Cambridge - Eagles&#039; College","isPartOf":{"@id":"https:\/\/www.eaglescollege.cl\/web\/#website"},"datePublished":"2021-10-31T14:15:43+00:00","dateModified":"2024-12-11T18:15:18+00:00","breadcrumb":{"@id":"https:\/\/www.eaglescollege.cl\/web\/certificacion-cambridge\/#breadcrumb"},"inLanguage":"es","potentialAction":[{"@type":"ReadAction","target":["https:\/\/www.eaglescollege.cl\/web\/certificacion-cambridge\/"]}]},{"@type":"BreadcrumbList","@id":"https:\/\/www.eaglescollege.cl\/web\/certificacion-cambridge\/#breadcrumb","itemListElement":[{"@type":"ListItem","position":1,"name":"Home","item":"https:\/\/www.eaglescollege.cl\/web\/"},{"@type":"ListItem","position":2,"name":"Certificaci\u00f3n Cambridge"}]},{"@type":"WebSite","@id":"https:\/\/www.eaglescollege.cl\/web\/#website","url":"https:\/\/www.eaglescollege.cl\/web\/","name":"Eagles&#039; College","description":"education is life itself","potentialAction":[{"@type":"SearchAction","target":{"@type":"EntryPoint","urlTemplate":"https:\/\/www.eaglescollege.cl\/web\/?s={search_term_string}"},"query-input":{"@type":"PropertyValueSpecification","valueRequired":true,"valueName":"search_term_string"}}],"inLanguage":"es"}]}},"_links":{"self":[{"href":"https:\/\/www.eaglescollege.cl\/web\/wp-json\/wp\/v2\/pages\/16088","targetHints":{"allow":["GET"]}}],"collection":[{"href":"https:\/\/www.eaglescollege.cl\/web\/wp-json\/wp\/v2\/pages"}],"about":[{"href":"https:\/\/www.eaglescollege.cl\/web\/wp-json\/wp\/v2\/types\/page"}],"author":[{"embeddable":true,"href":"https:\/\/www.eaglescollege.cl\/web\/wp-json\/wp\/v2\/users\/1"}],"replies":[{"embeddable":true,"href":"https:\/\/www.eaglescollege.cl\/web\/wp-json\/wp\/v2\/comments?post=16088"}],"version-history":[{"count":21,"href":"https:\/\/www.eaglescollege.cl\/web\/wp-json\/wp\/v2\/pages\/16088\/revisions"}],"predecessor-version":[{"id":17811,"href":"https:\/\/www.eaglescollege.cl\/web\/wp-json\/wp\/v2\/pages\/16088\/revisions\/17811"}],"wp:attachment":[{"href":"https:\/\/www.eaglescollege.cl\/web\/wp-json\/wp\/v2\/media?parent=16088"}],"curies":[{"name":"wp","href":"https:\/\/api.w.org\/{rel}","templated":true}]}}