{"id":16366,"date":"2023-05-31T22:01:17","date_gmt":"2023-06-01T01:01:17","guid":{"rendered":"https:\/\/www.eaglescollege.cl\/web\/?page_id=16366"},"modified":"2026-04-20T16:26:04","modified_gmt":"2026-04-20T19:26:04","slug":"utiles-escolares","status":"publish","type":"page","link":"https:\/\/www.eaglescollege.cl\/web\/utiles-escolares\/","title":{"rendered":"\u00datiles escolares 2026"},"content":{"rendered":"<div id=\"cmsmasters_row_g0gy60dm4i\" class=\"cmsmasters_row cmsmasters_color_scheme_default cmsmasters_row_top_default cmsmasters_row_bot_default cmsmasters_row_boxed\">\n<div class=\"cmsmasters_row_outer_parent\">\n<div class=\"cmsmasters_row_outer\">\n<div class=\"cmsmasters_row_inner\">\n<div class=\"cmsmasters_row_margin\">\n<div id=\"cmsmasters_column_jvurm0orz\" class=\"cmsmasters_column one_first\">\n<div class=\"cmsmasters_column_inner\"><\/div><\/div>\n<\/div>\n<\/div>\n<\/div>\n<\/div>\n<\/div>\n<div id=\"cmsmasters_row_7gmtoiovbs\" class=\"cmsmasters_row cmsmasters_color_scheme_default cmsmasters_row_top_default cmsmasters_row_bot_default cmsmasters_row_boxed\">\n<div class=\"cmsmasters_row_outer_parent\">\n<div class=\"cmsmasters_row_outer\">\n<div class=\"cmsmasters_row_inner\">\n<div class=\"cmsmasters_row_margin\">\n<div id=\"cmsmasters_column_szqlysfd5r\" class=\"cmsmasters_column one_first\">\n<div class=\"cmsmasters_column_inner\"><div id=\"cmsmasters_notice_0vbnurxefh\" class=\"cmsmasters_notice cmsmasters_notice_info cmsmasters-icon-info-circled\">\n<a href=\"#\" class=\"notice_close cmsmasters_theme_icon_cancel\"><\/a><div class=\"notice_content\">\n<p><strong>Informaci\u00f3n importante a tener en cuenta:<\/strong><\/p>\n<p>El Ordinario 085\/2014 de la Superintendencia de Educaci\u00f3n, que instruye sobre uniformes y \u00fatiles escolares, no fue dirigido a colegios de dependencia particular.<em>\u00a0<\/em><\/p>\n<\/div>\n<\/div>\n<\/div><\/div>\n<\/div>\n<\/div>\n<\/div>\n<\/div>\n<\/div>\n<div id=\"cmsmasters_row_\" class=\"cmsmasters_row cmsmasters_color_scheme_default cmsmasters_row_top_default cmsmasters_row_bot_default cmsmasters_row_boxed\">\n<div class=\"cmsmasters_row_outer_parent\">\n<div class=\"cmsmasters_row_outer\">\n<div class=\"cmsmasters_row_inner\">\n<div class=\"cmsmasters_row_margin\">\n<div id=\"cmsmasters_column_\" class=\"cmsmasters_column one_first\">\n<div class=\"cmsmasters_column_inner\"><div class=\"cmsmasters_text\">\n<p><strong><em>Venta de libros SANTILLANA &amp; RICHMOND<\/em><\/strong><\/p>\n<p>&nbsp;<\/p>\n<p>Estos son los pasos para que puedas adquirir tu\u00a0<strong>suscripci\u00f3n:<\/strong><\/p>\n<ol type=\"1\">\n<li>Ingresa a\u00a0<a href=\"https:\/\/pagos.santillanacompartir.cl\/\">https:\/\/pagos.santillanacompartir.cl\/<\/a>\u00a0y revisa el video tutorial.<\/li>\n<li>Inicia sesi\u00f3n o reg\u00edstrate y valida tus datos al mail de confirmaci\u00f3n (recuerda revisar bandeja spam).<\/li>\n<li>Completa el formulario de compra con los datos solicitados, y listo.<\/li>\n<\/ol>\n<p>Seleccione la opci\u00f3n del proyecto elegido por el establecimiento<strong>,\u00a0<\/strong>por ejemplo:<\/p>\n<p>2026 PROY SANTILLANA COMPARTIR 1\u00b0 B\u00c1SICO (Incluye Material Digital m\u00e1s Impreso)<\/p>\n<ul>\n<li>El sistema de compra dispone de opci\u00f3n de pago hasta 10 cuotas precio contado con tarjeta de cr\u00e9dito (exceptuando Falabella).<\/li>\n<\/ul>\n<p><a href=\"https:\/\/drive.google.com\/file\/d\/18IardgwrPZ3DA_aavxgzjMROdQHgAZsR\/view?usp=sharing\">Ver video para comprar en Santillana Compartir<\/a><\/p>\n<p><a href=\"https:\/\/www.eaglescollege.cl\/web\/wp-content\/uploads\/2025\/12\/Retiro-en-Tienda-Iquique.pdf\" target=\"_blank\" rel=\"noopener\">Retiro en tienda Iquique<\/a><\/p>\n<p><a href=\"https:\/\/www.eaglescollege.cl\/web\/wp-content\/uploads\/2025\/12\/Comunicado-EDI-Compartir-Colegio-Familia.pdf\" target=\"_blank\" rel=\"noreferrer noopener\">Ver el comunicado de EDI Compartir<\/a><\/p>\n<figure class=\"wp-block-image aligncenter is-resized is-style-default\"><\/figure>\n<\/div>\n<\/div><\/div>\n<\/div>\n<\/div>\n<\/div>\n<\/div>\n<\/div>\n<div id=\"cmsmasters_row_ejxmbh827i\" class=\"cmsmasters_row cmsmasters_color_scheme_default cmsmasters_row_top_default cmsmasters_row_bot_default cmsmasters_row_boxed\">\n<div class=\"cmsmasters_row_outer_parent\">\n<div class=\"cmsmasters_row_outer\">\n<div class=\"cmsmasters_row_inner\">\n<div class=\"cmsmasters_row_margin\">\n<div id=\"cmsmasters_column_47kop5pin\" class=\"cmsmasters_column one_first\">\n<div class=\"cmsmasters_column_inner\"><div id=\"cmsmasters_divider_lcjtwbifa\" class=\"cmsmasters_divider cmsmasters_divider_width_long cmsmasters_divider_pos_center\"><\/div>\n<\/div><\/div>\n<\/div>\n<\/div>\n<\/div>\n<\/div>\n<\/div>\n<div id=\"cmsmasters_row_05d6sffgla\" class=\"cmsmasters_row cmsmasters_color_scheme_default cmsmasters_row_top_default cmsmasters_row_bot_default cmsmasters_row_boxed\">\n<div class=\"cmsmasters_row_outer_parent\">\n<div class=\"cmsmasters_row_outer\">\n<div class=\"cmsmasters_row_inner\">\n<div class=\"cmsmasters_row_margin\">\n<div id=\"cmsmasters_column_vjyhov3r8q\" class=\"cmsmasters_column one_first\">\n<div class=\"cmsmasters_column_inner\"><div class=\"aligncenter\"><div class=\"cmsmasters_img  cmsmasters_image_c\" data-animation=\"fadeIn\" data-delay=\"0\"><img decoding=\"async\" src=\"https:\/\/www.eaglescollege.cl\/web\/wp-content\/uploads\/2024\/08\/booksbits-212x300.jpg\" \/><\/div><\/div>\n<\/div><\/div>\n<\/div>\n<\/div>\n<\/div>\n<\/div>\n<\/div>\n<div id=\"cmsmasters_row_z9s2o0nors\" class=\"cmsmasters_row cmsmasters_color_scheme_default cmsmasters_row_top_default cmsmasters_row_bot_default cmsmasters_row_boxed\">\n<div class=\"cmsmasters_row_outer_parent\">\n<div class=\"cmsmasters_row_outer\">\n<div class=\"cmsmasters_row_inner\">\n<div class=\"cmsmasters_row_margin\">\n<div id=\"cmsmasters_column_okvehrhrq8\" class=\"cmsmasters_column one_first\">\n<div class=\"cmsmasters_column_inner\"><div id=\"cmsmasters_divider_z8gwhpn09n\" class=\"cmsmasters_divider cmsmasters_divider_width_long cmsmasters_divider_pos_center\"><\/div>\n<\/div><\/div>\n<\/div>\n<\/div>\n<\/div>\n<\/div>\n<\/div>\n<div id=\"cmsmasters_row_pkkxz4bj5\" class=\"cmsmasters_row cmsmasters_color_scheme_default cmsmasters_row_top_default cmsmasters_row_bot_default cmsmasters_row_boxed\">\n<div class=\"cmsmasters_row_outer_parent\">\n<div class=\"cmsmasters_row_outer\">\n<div class=\"cmsmasters_row_inner\">\n<div class=\"cmsmasters_row_margin\">\n<div id=\"cmsmasters_column_4fvknquwkn\" class=\"cmsmasters_column one_first\">\n<div class=\"cmsmasters_column_inner\"><div class=\"cmsmasters_text\">\n<h2 style=\"text-align: center;\"><span style=\"color: #003366;\">\u00datiles escolares por nivel<\/span><\/h2>\n<\/div>\n<\/div><\/div>\n<\/div>\n<\/div>\n<\/div>\n<\/div>\n<\/div>\n<div id=\"cmsmasters_row_7a9afbuz19\" class=\"cmsmasters_row cmsmasters_color_scheme_default cmsmasters_row_top_default cmsmasters_row_bot_default cmsmasters_row_boxed\">\n<div class=\"cmsmasters_row_outer_parent\">\n<div class=\"cmsmasters_row_outer\">\n<div class=\"cmsmasters_row_inner\">\n<div class=\"cmsmasters_row_margin\">\n<div id=\"cmsmasters_column_m0cbmjbj2\" class=\"cmsmasters_column one_first\">\n<div class=\"cmsmasters_column_inner\"><div id=\"cmsmasters_divider_aot9osaoh2\" class=\"cmsmasters_divider cmsmasters_divider_width_short cmsmasters_divider_pos_center\"><\/div>\n<\/div><\/div>\n<\/div>\n<\/div>\n<\/div>\n<\/div>\n<\/div>\n<div id=\"cmsmasters_row_nix4hb6sp\" class=\"cmsmasters_row cmsmasters_color_scheme_default cmsmasters_row_top_default cmsmasters_row_bot_default cmsmasters_row_boxed\">\n<div class=\"cmsmasters_row_outer_parent\">\n<div class=\"cmsmasters_row_outer\">\n<div class=\"cmsmasters_row_inner\">\n<div class=\"cmsmasters_row_margin\">\n<div id=\"cmsmasters_column_2jgqsgc3po\" class=\"cmsmasters_column one_first\" data-animation=\"fadeIn\" data-delay=\"0\">\n<div class=\"cmsmasters_column_inner\"><div class=\"cmsmasters_tabs tabs_mode_tour tabs_pos_left\">\n<ul class=\"cmsmasters_tabs_list\">\n<li id=\"cmsmasters_tabs_list_item_3b8sjwkg6t\" class=\"cmsmasters_tabs_list_item current_tab\">\n<a href=\"#\">\n<span>Preschool<\/span>\n<\/a>\n<\/li><li id=\"cmsmasters_tabs_list_item_qj5lxeey4p\" class=\"cmsmasters_tabs_list_item\">\n<a href=\"#\">\n<span>Elementary<\/span>\n<\/a>\n<\/li><li id=\"cmsmasters_tabs_list_item_kuxmvs4tn8\" class=\"cmsmasters_tabs_list_item\">\n<a href=\"#\">\n<span>High School<\/span>\n<\/a>\n<\/li><\/ul>\n<div class=\"cmsmasters_tabs_wrap\">\n<div id=\"cmsmasters_tab_3b8sjwkg6t\" class=\"cmsmasters_tab active_tab\">\n<div class=\"cmsmasters_tab_inner\">\n<ul>\n<li><a href=\"https:\/\/www.eaglescollege.cl\/web\/wp-content\/uploads\/2025\/12\/TODDLER-2026.pdf\" target=\"_blank\" rel=\"noopener\">Toddler<\/a><\/li>\n<li><a href=\"https:\/\/www.eaglescollege.cl\/web\/wp-content\/uploads\/2025\/12\/PRE-KINDER-2026.pdf\" target=\"_blank\" rel=\"noopener\">Pre-Kinder<\/a><\/li>\n<li><a href=\"https:\/\/www.eaglescollege.cl\/web\/wp-content\/uploads\/2025\/12\/KINDER-2026.pdf\" target=\"_blank\" rel=\"noopener\">Kinder<\/a><\/li>\n<\/ul>\n<\/div>\n<\/div><div id=\"cmsmasters_tab_qj5lxeey4p\" class=\"cmsmasters_tab\">\n<div class=\"cmsmasters_tab_inner\">\n<ul>\n<li><a href=\"https:\/\/www.eaglescollege.cl\/web\/wp-content\/uploads\/2025\/12\/1st-Grade.pdf\" target=\"_blank\" rel=\"noopener\">1st grade<\/a><\/li>\n<li><a href=\"https:\/\/www.eaglescollege.cl\/web\/wp-content\/uploads\/2026\/04\/2nd-Grade.pdf\" target=\"_blank\" rel=\"noopener\">2nd grade<\/a><\/li>\n<li><a href=\"https:\/\/www.eaglescollege.cl\/web\/wp-content\/uploads\/2025\/12\/3rd-Grade.pdf\" target=\"_blank\" rel=\"noopener\">3rd grade<\/a><\/li>\n<li><a href=\"https:\/\/www.eaglescollege.cl\/web\/wp-content\/uploads\/2025\/12\/4th-Grade.pdf\" target=\"_blank\" rel=\"noopener\">4th grade<\/a><\/li>\n<li><a href=\"https:\/\/www.eaglescollege.cl\/web\/wp-content\/uploads\/2025\/12\/5th-Grade.pdf\" target=\"_blank\" rel=\"noopener\">5th grade<\/a><\/li>\n<li><a href=\"https:\/\/www.eaglescollege.cl\/web\/wp-content\/uploads\/2025\/12\/6th-Grade.pdf\" target=\"_blank\" rel=\"noopener\">6th grade<\/a><\/li>\n<\/ul>\n<\/div>\n<\/div><div id=\"cmsmasters_tab_kuxmvs4tn8\" class=\"cmsmasters_tab\">\n<div class=\"cmsmasters_tab_inner\">\n<ul>\n<li><a href=\"https:\/\/www.eaglescollege.cl\/web\/wp-content\/uploads\/2025\/12\/7th-Grade.pdf\" target=\"_blank\" rel=\"noopener\">7th grade<\/a><\/li>\n<li><a href=\"https:\/\/www.eaglescollege.cl\/web\/wp-content\/uploads\/2025\/12\/8th-Grade.pdf\" target=\"_blank\" rel=\"noopener\">8th grade<\/a><\/li>\n<li><a href=\"https:\/\/www.eaglescollege.cl\/web\/wp-content\/uploads\/2025\/12\/9th-Grade.pdf\" target=\"_blank\" rel=\"noopener\">9th grade<\/a><\/li>\n<li><a href=\"https:\/\/www.eaglescollege.cl\/web\/wp-content\/uploads\/2025\/12\/10th-Grade.pdf\" target=\"_blank\" rel=\"noopener\">10th grade<\/a><\/li>\n<li><a href=\"https:\/\/www.eaglescollege.cl\/web\/wp-content\/uploads\/2026\/01\/11th-Grade.pdf\" target=\"_blank\" rel=\"noopener\">11th grade<\/a><\/li>\n<li><a href=\"https:\/\/www.eaglescollege.cl\/web\/wp-content\/uploads\/2026\/01\/12th-Grade.pdf\" target=\"_blank\" rel=\"noopener\">12th grade<\/a><\/li>\n<\/ul>\n<\/div>\n<\/div><\/div>\n<\/div>\n<\/div><\/div>\n<\/div>\n<\/div>\n<\/div>\n<\/div>\n<\/div>\n<!-- \/wp:post-content -->","protected":false},"excerpt":{"rendered":"","protected":false},"author":2,"featured_media":0,"parent":0,"menu_order":0,"comment_status":"closed","ping_status":"closed","template":"","meta":{"_EventAllDay":false,"_EventTimezone":"","_EventStartDate":"","_EventEndDate":"","_EventStartDateUTC":"","_EventEndDateUTC":"","_EventShowMap":false,"_EventShowMapLink":false,"_EventURL":"","_EventCost":"","_EventCostDescription":"","_EventCurrencySymbol":"","_EventCurrencyCode":"","_EventCurrencyPosition":"","_EventDateTimeSeparator":"","_EventTimeRangeSeparator":"","_EventOrganizerID":[],"_EventVenueID":[],"_OrganizerEmail":"","_OrganizerPhone":"","_OrganizerWebsite":"","_VenueAddress":"","_VenueCity":"","_VenueCountry":"","_VenueProvince":"","_VenueState":"","_VenueZip":"","_VenuePhone":"","_VenueURL":"","_VenueStateProvince":"","_VenueLat":"","_VenueLng":"","_VenueShowMap":false,"_VenueShowMapLink":false,"footnotes":""},"class_list":["post-16366","page","type-page","status-publish","hentry"],"yoast_head":"<!-- This site is optimized with the Yoast SEO plugin v24.0 - https:\/\/yoast.com\/wordpress\/plugins\/seo\/ -->\n<title>\u00datiles escolares 2026 - Eagles&#039; College<\/title>\n<meta name=\"robots\" content=\"index, follow, max-snippet:-1, max-image-preview:large, max-video-preview:-1\" \/>\n<link rel=\"canonical\" href=\"https:\/\/www.eaglescollege.cl\/web\/utiles-escolares\/\" \/>\n<meta property=\"og:locale\" content=\"es_ES\" \/>\n<meta property=\"og:type\" content=\"article\" \/>\n<meta property=\"og:title\" content=\"\u00datiles escolares 2026 - Eagles&#039; College\" \/>\n<meta property=\"og:url\" content=\"https:\/\/www.eaglescollege.cl\/web\/utiles-escolares\/\" \/>\n<meta property=\"og:site_name\" content=\"Eagles&#039; College\" \/>\n<meta property=\"article:modified_time\" content=\"2026-04-20T19:26:04+00:00\" \/>\n<meta name=\"twitter:card\" content=\"summary_large_image\" \/>\n<meta name=\"twitter:label1\" content=\"Tiempo de lectura\" \/>\n\t<meta name=\"twitter:data1\" content=\"3 minutos\" \/>\n<script type=\"application\/ld+json\" class=\"yoast-schema-graph\">{\"@context\":\"https:\/\/schema.org\",\"@graph\":[{\"@type\":\"WebPage\",\"@id\":\"https:\/\/www.eaglescollege.cl\/web\/utiles-escolares\/\",\"url\":\"https:\/\/www.eaglescollege.cl\/web\/utiles-escolares\/\",\"name\":\"\u00datiles escolares 2026 - Eagles&#039; College\",\"isPartOf\":{\"@id\":\"https:\/\/www.eaglescollege.cl\/web\/#website\"},\"datePublished\":\"2023-06-01T01:01:17+00:00\",\"dateModified\":\"2026-04-20T19:26:04+00:00\",\"breadcrumb\":{\"@id\":\"https:\/\/www.eaglescollege.cl\/web\/utiles-escolares\/#breadcrumb\"},\"inLanguage\":\"es\",\"potentialAction\":[{\"@type\":\"ReadAction\",\"target\":[\"https:\/\/www.eaglescollege.cl\/web\/utiles-escolares\/\"]}]},{\"@type\":\"BreadcrumbList\",\"@id\":\"https:\/\/www.eaglescollege.cl\/web\/utiles-escolares\/#breadcrumb\",\"itemListElement\":[{\"@type\":\"ListItem\",\"position\":1,\"name\":\"Home\",\"item\":\"https:\/\/www.eaglescollege.cl\/web\/\"},{\"@type\":\"ListItem\",\"position\":2,\"name\":\"\u00datiles escolares 2026\"}]},{\"@type\":\"WebSite\",\"@id\":\"https:\/\/www.eaglescollege.cl\/web\/#website\",\"url\":\"https:\/\/www.eaglescollege.cl\/web\/\",\"name\":\"Eagles&#039; College\",\"description\":\"education is life itself\",\"potentialAction\":[{\"@type\":\"SearchAction\",\"target\":{\"@type\":\"EntryPoint\",\"urlTemplate\":\"https:\/\/www.eaglescollege.cl\/web\/?s={search_term_string}\"},\"query-input\":{\"@type\":\"PropertyValueSpecification\",\"valueRequired\":true,\"valueName\":\"search_term_string\"}}],\"inLanguage\":\"es\"}]}<\/script>\n<!-- \/ Yoast SEO plugin. -->","yoast_head_json":{"title":"\u00datiles escolares 2026 - Eagles&#039; College","robots":{"index":"index","follow":"follow","max-snippet":"max-snippet:-1","max-image-preview":"max-image-preview:large","max-video-preview":"max-video-preview:-1"},"canonical":"https:\/\/www.eaglescollege.cl\/web\/utiles-escolares\/","og_locale":"es_ES","og_type":"article","og_title":"\u00datiles escolares 2026 - Eagles&#039; College","og_url":"https:\/\/www.eaglescollege.cl\/web\/utiles-escolares\/","og_site_name":"Eagles&#039; College","article_modified_time":"2026-04-20T19:26:04+00:00","twitter_card":"summary_large_image","twitter_misc":{"Tiempo de lectura":"3 minutos"},"schema":{"@context":"https:\/\/schema.org","@graph":[{"@type":"WebPage","@id":"https:\/\/www.eaglescollege.cl\/web\/utiles-escolares\/","url":"https:\/\/www.eaglescollege.cl\/web\/utiles-escolares\/","name":"\u00datiles escolares 2026 - Eagles&#039; College","isPartOf":{"@id":"https:\/\/www.eaglescollege.cl\/web\/#website"},"datePublished":"2023-06-01T01:01:17+00:00","dateModified":"2026-04-20T19:26:04+00:00","breadcrumb":{"@id":"https:\/\/www.eaglescollege.cl\/web\/utiles-escolares\/#breadcrumb"},"inLanguage":"es","potentialAction":[{"@type":"ReadAction","target":["https:\/\/www.eaglescollege.cl\/web\/utiles-escolares\/"]}]},{"@type":"BreadcrumbList","@id":"https:\/\/www.eaglescollege.cl\/web\/utiles-escolares\/#breadcrumb","itemListElement":[{"@type":"ListItem","position":1,"name":"Home","item":"https:\/\/www.eaglescollege.cl\/web\/"},{"@type":"ListItem","position":2,"name":"\u00datiles escolares 2026"}]},{"@type":"WebSite","@id":"https:\/\/www.eaglescollege.cl\/web\/#website","url":"https:\/\/www.eaglescollege.cl\/web\/","name":"Eagles&#039; College","description":"education is life itself","potentialAction":[{"@type":"SearchAction","target":{"@type":"EntryPoint","urlTemplate":"https:\/\/www.eaglescollege.cl\/web\/?s={search_term_string}"},"query-input":{"@type":"PropertyValueSpecification","valueRequired":true,"valueName":"search_term_string"}}],"inLanguage":"es"}]}},"_links":{"self":[{"href":"https:\/\/www.eaglescollege.cl\/web\/wp-json\/wp\/v2\/pages\/16366","targetHints":{"allow":["GET"]}}],"collection":[{"href":"https:\/\/www.eaglescollege.cl\/web\/wp-json\/wp\/v2\/pages"}],"about":[{"href":"https:\/\/www.eaglescollege.cl\/web\/wp-json\/wp\/v2\/types\/page"}],"author":[{"embeddable":true,"href":"https:\/\/www.eaglescollege.cl\/web\/wp-json\/wp\/v2\/users\/2"}],"replies":[{"embeddable":true,"href":"https:\/\/www.eaglescollege.cl\/web\/wp-json\/wp\/v2\/comments?post=16366"}],"version-history":[{"count":47,"href":"https:\/\/www.eaglescollege.cl\/web\/wp-json\/wp\/v2\/pages\/16366\/revisions"}],"predecessor-version":[{"id":18288,"href":"https:\/\/www.eaglescollege.cl\/web\/wp-json\/wp\/v2\/pages\/16366\/revisions\/18288"}],"wp:attachment":[{"href":"https:\/\/www.eaglescollege.cl\/web\/wp-json\/wp\/v2\/media?parent=16366"}],"curies":[{"name":"wp","href":"https:\/\/api.w.org\/{rel}","templated":true}]}}