{"id":16409,"date":"2023-12-13T22:47:13","date_gmt":"2023-12-14T01:47:13","guid":{"rendered":"https:\/\/www.eaglescollege.cl\/web\/?page_id=16409"},"modified":"2025-01-08T11:42:16","modified_gmt":"2025-01-08T14:42:16","slug":"informacion-general","status":"publish","type":"page","link":"https:\/\/www.eaglescollege.cl\/web\/informacion-general\/","title":{"rendered":"Informaci\u00f3n general"},"content":{"rendered":"<div id=\"cmsmasters_row_vx03k5xqwg\" class=\"cmsmasters_row cmsmasters_color_scheme_default cmsmasters_row_top_default cmsmasters_row_bot_default cmsmasters_row_boxed\">\n<div class=\"cmsmasters_row_outer_parent\">\n<div class=\"cmsmasters_row_outer\">\n<div class=\"cmsmasters_row_inner\">\n<div class=\"cmsmasters_row_margin\">\n<div id=\"cmsmasters_column_upprlnp1jb\" class=\"cmsmasters_column one_first\">\n<div class=\"cmsmasters_column_inner\"><div id=\"cmsmasters_heading_f9xivvn1mg\" class=\"cmsmasters_heading_wrap cmsmasters_heading_align_center\">\n\t<h2 class=\"cmsmasters_heading\">Bienvenidos a Eagles&#8217; College<\/h2>\n<\/div><div class=\"aligncenter\"><div class=\"cmsmasters_img  cmsmasters_image_c\"><img decoding=\"async\" src=\"https:\/\/www.eaglescollege.cl\/web\/wp-content\/uploads\/2023\/12\/destacador-azul2.png\" \/><\/div><\/div><div id=\"cmsmasters_heading_ltupkyv7j9\" class=\"cmsmasters_heading_wrap cmsmasters_heading_align_center\">\n\t<h5 class=\"cmsmasters_heading\">Education is not preparing for life, it&#8217;s life itself<\/h5>\n<\/div>\n<\/div><\/div>\n<\/div>\n<\/div>\n<\/div>\n<\/div>\n<\/div>\n<div id=\"cmsmasters_row_tudlgt1yu\" class=\"cmsmasters_row cmsmasters_color_scheme_default cmsmasters_row_top_default cmsmasters_row_bot_default cmsmasters_row_boxed\">\n<div class=\"cmsmasters_row_outer_parent\">\n<div class=\"cmsmasters_row_outer\">\n<div class=\"cmsmasters_row_inner\">\n<div class=\"cmsmasters_row_margin\">\n<div id=\"cmsmasters_column_bfbrybdjwf\" class=\"cmsmasters_column one_first\">\n<div class=\"cmsmasters_column_inner\"><div class=\"cmsmasters_text\">\n<div dir=\"auto\">\n<p>Bienvenidos al Eagles\u2019 College, una instituci\u00f3n educativa privada de excelencia con jornada extendida, dedicada a la formaci\u00f3n biling\u00fce y al desarrollo integral de nuestros estudiantes. Nuestra comunidad se caracteriza por promover un ambiente seguro, con valores familiares, un enfoque en el desarrollo emocional y relaciones interpersonales saludables, y una Unidad de Convivencia Escolar que impulsa las habilidades personales y sociales.<\/p>\n<p><strong>Nuestro Modelo Educativo<\/strong><\/p>\n<p>Desde la educaci\u00f3n parvularia, los estudiantes inician su camino en el biling\u00fcismo, luego participan en un programa de semi-inmersi\u00f3n en ingl\u00e9s en el ciclo Elementary (Primero a Sexto B\u00e1sico). En este nivel, desarrollan una base s\u00f3lida que les permitir\u00e1 certificar su dominio de ingl\u00e9s al rendir el examen de Cambridge al final de Sexto B\u00e1sico. Eagles\u2019 College es el \u00fanico centro autorizado en la regi\u00f3n para esta certificaci\u00f3n internacional, un reconocimiento otorgado por la prestigiosa Universidad de Cambridge en Inglaterra.<\/p>\n<p>En High School, nuestros estudiantes contin\u00faan con su formaci\u00f3n en ingl\u00e9s a trav\u00e9s de un programa estructurado en cuatro niveles: b\u00e1sico, preintermedio, intermedio y avanzado. Al finalizar, los alumnos rinden nuevamente el examen Cambridge para certificar su nivel, consolidando una formaci\u00f3n biling\u00fce que les abre oportunidades globales.<\/p>\n<p><strong>Calidad Acad\u00e9mica y Multidisciplina<\/strong><\/p>\n<p>Nuestro enfoque en la comprensi\u00f3n lectora y el dominio de habilidades lectoras, junto a una ense\u00f1anza multidisciplinaria de alto nivel, nos ha permitido obtener por dos a\u00f1os consecutivos los mayores puntajes en la PAES de la regi\u00f3n. Con un n\u00famero reducido de alumnos por aula, garantizamos una educaci\u00f3n personalizada que fomenta el rendimiento acad\u00e9mico y el desarrollo integral.<\/p>\n<p><strong>Compromiso con la Seguridad y el Bienestar<\/strong><\/p>\n<p>Eagles\u2019 College es un colegio preventivo de SENDA, reconocido en la categor\u00eda A, lo cual refuerza nuestro compromiso con un ambiente educativo seguro y con la psicoeducaci\u00f3n de las emociones. Nuestros programas promueven la inteligencia emocional y las habilidades interpersonales, formando estudiantes resilientes y capaces de enfrentar los desaf\u00edos del futuro.<\/p>\n<p><strong>Proceso de Postulaci\u00f3n<\/strong><\/p>\n<p>Si desea conocer m\u00e1s sobre nuestro proceso de admisi\u00f3n, lo invitamos a explorar esta secci\u00f3n donde encontrar\u00e1 toda la informaci\u00f3n sobre las etapas de postulaci\u00f3n, requisitos y plazos. En Eagles\u2019 College, trabajamos d\u00eda a d\u00eda para formar ciudadanos responsables, biling\u00fces y con una s\u00f3lida base acad\u00e9mica, listos para ser l\u00edderes en un mundo cada vez m\u00e1s globalizado.<\/p>\n<\/div>\n<\/div>\n<\/div><\/div>\n<\/div>\n<\/div>\n<\/div>\n<\/div>\n<\/div>\n<div id=\"cmsmasters_row_cpd3g1h2rs\" class=\"cmsmasters_row cmsmasters_color_scheme_default cmsmasters_row_top_default cmsmasters_row_bot_default cmsmasters_row_boxed\">\n<div class=\"cmsmasters_row_outer_parent\">\n<div class=\"cmsmasters_row_outer\">\n<div class=\"cmsmasters_row_inner cmsmasters_row_no_margin\">\n<div class=\"cmsmasters_row_margin cmsmasters_row_columns_behavior\">\n<div id=\"cmsmasters_column_p6h73spd6\" class=\"cmsmasters_column one_third\" data-animation=\"bounceInRight\" data-delay=\"0\">\n<div class=\"cmsmasters_column_inner\"><div id=\"cmsmasters_fb_ifvok5nlw\" class=\"cmsmasters_featured_block\">\n<div class=\"featured_block_inner\">\n<div class=\"featured_block_text\">\n<div id=\"cmsmasters_heading_7hfedjgvc\" class=\"cmsmasters_heading_wrap cmsmasters_heading_align_left\">\n\t<h4 class=\"cmsmasters_heading\"><a href=\"https:\/\/www.eaglescollege.cl\/web\/postulacion-y-pre-matricula-preschool\/\"> Admisi\u00f3n Preschool<\/a><\/h4>\n<\/div>\n\n<\/div>\n<\/div>\n<\/div>\n<\/div><\/div>\n<div id=\"cmsmasters_column_46960oqmeq\" class=\"cmsmasters_column one_third\" data-animation=\"fadeInLeft\">\n<div class=\"cmsmasters_column_inner\"><div id=\"cmsmasters_fb_40v2rhm95d\" class=\"cmsmasters_featured_block\">\n<div class=\"featured_block_inner\">\n<div class=\"featured_block_text\">\n<div id=\"cmsmasters_heading_ebd1zliuor\" class=\"cmsmasters_heading_wrap cmsmasters_heading_align_left\">\n\t<h4 class=\"cmsmasters_heading\"><a href=\"https:\/\/www.eaglescollege.cl\/web\/admision-elementary-y-high-school\/\">Admisi\u00f3n Elementary y High School<\/a><\/h4>\n<\/div>\n\n<\/div>\n<\/div>\n<\/div>\n<\/div><\/div>\n<div id=\"cmsmasters_column_g31322qqg\" class=\"cmsmasters_column one_third\" data-animation=\"fadeInLeftBig\">\n<div class=\"cmsmasters_column_inner\"><div id=\"cmsmasters_fb_84vl8spgnh\" class=\"cmsmasters_featured_block\">\n<div class=\"featured_block_inner\">\n<div class=\"featured_block_text\">\n<div id=\"cmsmasters_heading_wghts5o3ko\" class=\"cmsmasters_heading_wrap cmsmasters_heading_align_left\">\n\t<h4 class=\"cmsmasters_heading\"><a href=\"https:\/\/www.eaglescollege.cl\/web\/como-postular\/\">Como postular<\/a><\/h4>\n<\/div>\n\n<\/div>\n<\/div>\n<\/div>\n<\/div><\/div>\n<\/div>\n<\/div>\n<\/div>\n<\/div>\n<\/div>\n\n","protected":false},"excerpt":{"rendered":"","protected":false},"author":1,"featured_media":0,"parent":0,"menu_order":0,"comment_status":"closed","ping_status":"closed","template":"","meta":{"_EventAllDay":false,"_EventTimezone":"","_EventStartDate":"","_EventEndDate":"","_EventStartDateUTC":"","_EventEndDateUTC":"","_EventShowMap":false,"_EventShowMapLink":false,"_EventURL":"","_EventCost":"","_EventCostDescription":"","_EventCurrencySymbol":"","_EventCurrencyCode":"","_EventCurrencyPosition":"","_EventDateTimeSeparator":"","_EventTimeRangeSeparator":"","_EventOrganizerID":[],"_EventVenueID":[],"_OrganizerEmail":"","_OrganizerPhone":"","_OrganizerWebsite":"","_VenueAddress":"","_VenueCity":"","_VenueCountry":"","_VenueProvince":"","_VenueState":"","_VenueZip":"","_VenuePhone":"","_VenueURL":"","_VenueStateProvince":"","_VenueLat":"","_VenueLng":"","_VenueShowMap":false,"_VenueShowMapLink":false,"footnotes":""},"class_list":["post-16409","page","type-page","status-publish","hentry"],"yoast_head":"<!-- This site is optimized with the Yoast SEO plugin v24.0 - https:\/\/yoast.com\/wordpress\/plugins\/seo\/ -->\n<title>Informaci\u00f3n general - Eagles&#039; College<\/title>\n<meta name=\"robots\" content=\"index, follow, max-snippet:-1, max-image-preview:large, max-video-preview:-1\" \/>\n<link rel=\"canonical\" href=\"https:\/\/www.eaglescollege.cl\/web\/informacion-general\/\" \/>\n<meta property=\"og:locale\" content=\"es_ES\" \/>\n<meta property=\"og:type\" content=\"article\" \/>\n<meta property=\"og:title\" content=\"Informaci\u00f3n general - Eagles&#039; College\" \/>\n<meta property=\"og:url\" content=\"https:\/\/www.eaglescollege.cl\/web\/informacion-general\/\" \/>\n<meta property=\"og:site_name\" content=\"Eagles&#039; College\" \/>\n<meta property=\"article:modified_time\" content=\"2025-01-08T14:42:16+00:00\" \/>\n<meta name=\"twitter:card\" content=\"summary_large_image\" \/>\n<meta name=\"twitter:label1\" content=\"Tiempo de lectura\" \/>\n\t<meta name=\"twitter:data1\" content=\"3 minutos\" \/>\n<script type=\"application\/ld+json\" class=\"yoast-schema-graph\">{\"@context\":\"https:\/\/schema.org\",\"@graph\":[{\"@type\":\"WebPage\",\"@id\":\"https:\/\/www.eaglescollege.cl\/web\/informacion-general\/\",\"url\":\"https:\/\/www.eaglescollege.cl\/web\/informacion-general\/\",\"name\":\"Informaci\u00f3n general - Eagles&#039; College\",\"isPartOf\":{\"@id\":\"https:\/\/www.eaglescollege.cl\/web\/#website\"},\"datePublished\":\"2023-12-14T01:47:13+00:00\",\"dateModified\":\"2025-01-08T14:42:16+00:00\",\"breadcrumb\":{\"@id\":\"https:\/\/www.eaglescollege.cl\/web\/informacion-general\/#breadcrumb\"},\"inLanguage\":\"es\",\"potentialAction\":[{\"@type\":\"ReadAction\",\"target\":[\"https:\/\/www.eaglescollege.cl\/web\/informacion-general\/\"]}]},{\"@type\":\"BreadcrumbList\",\"@id\":\"https:\/\/www.eaglescollege.cl\/web\/informacion-general\/#breadcrumb\",\"itemListElement\":[{\"@type\":\"ListItem\",\"position\":1,\"name\":\"Home\",\"item\":\"https:\/\/www.eaglescollege.cl\/web\/\"},{\"@type\":\"ListItem\",\"position\":2,\"name\":\"Informaci\u00f3n general\"}]},{\"@type\":\"WebSite\",\"@id\":\"https:\/\/www.eaglescollege.cl\/web\/#website\",\"url\":\"https:\/\/www.eaglescollege.cl\/web\/\",\"name\":\"Eagles&#039; College\",\"description\":\"education is life itself\",\"potentialAction\":[{\"@type\":\"SearchAction\",\"target\":{\"@type\":\"EntryPoint\",\"urlTemplate\":\"https:\/\/www.eaglescollege.cl\/web\/?s={search_term_string}\"},\"query-input\":{\"@type\":\"PropertyValueSpecification\",\"valueRequired\":true,\"valueName\":\"search_term_string\"}}],\"inLanguage\":\"es\"}]}<\/script>\n<!-- \/ Yoast SEO plugin. -->","yoast_head_json":{"title":"Informaci\u00f3n general - Eagles&#039; College","robots":{"index":"index","follow":"follow","max-snippet":"max-snippet:-1","max-image-preview":"max-image-preview:large","max-video-preview":"max-video-preview:-1"},"canonical":"https:\/\/www.eaglescollege.cl\/web\/informacion-general\/","og_locale":"es_ES","og_type":"article","og_title":"Informaci\u00f3n general - Eagles&#039; College","og_url":"https:\/\/www.eaglescollege.cl\/web\/informacion-general\/","og_site_name":"Eagles&#039; College","article_modified_time":"2025-01-08T14:42:16+00:00","twitter_card":"summary_large_image","twitter_misc":{"Tiempo de lectura":"3 minutos"},"schema":{"@context":"https:\/\/schema.org","@graph":[{"@type":"WebPage","@id":"https:\/\/www.eaglescollege.cl\/web\/informacion-general\/","url":"https:\/\/www.eaglescollege.cl\/web\/informacion-general\/","name":"Informaci\u00f3n general - Eagles&#039; College","isPartOf":{"@id":"https:\/\/www.eaglescollege.cl\/web\/#website"},"datePublished":"2023-12-14T01:47:13+00:00","dateModified":"2025-01-08T14:42:16+00:00","breadcrumb":{"@id":"https:\/\/www.eaglescollege.cl\/web\/informacion-general\/#breadcrumb"},"inLanguage":"es","potentialAction":[{"@type":"ReadAction","target":["https:\/\/www.eaglescollege.cl\/web\/informacion-general\/"]}]},{"@type":"BreadcrumbList","@id":"https:\/\/www.eaglescollege.cl\/web\/informacion-general\/#breadcrumb","itemListElement":[{"@type":"ListItem","position":1,"name":"Home","item":"https:\/\/www.eaglescollege.cl\/web\/"},{"@type":"ListItem","position":2,"name":"Informaci\u00f3n general"}]},{"@type":"WebSite","@id":"https:\/\/www.eaglescollege.cl\/web\/#website","url":"https:\/\/www.eaglescollege.cl\/web\/","name":"Eagles&#039; College","description":"education is life itself","potentialAction":[{"@type":"SearchAction","target":{"@type":"EntryPoint","urlTemplate":"https:\/\/www.eaglescollege.cl\/web\/?s={search_term_string}"},"query-input":{"@type":"PropertyValueSpecification","valueRequired":true,"valueName":"search_term_string"}}],"inLanguage":"es"}]}},"_links":{"self":[{"href":"https:\/\/www.eaglescollege.cl\/web\/wp-json\/wp\/v2\/pages\/16409","targetHints":{"allow":["GET"]}}],"collection":[{"href":"https:\/\/www.eaglescollege.cl\/web\/wp-json\/wp\/v2\/pages"}],"about":[{"href":"https:\/\/www.eaglescollege.cl\/web\/wp-json\/wp\/v2\/types\/page"}],"author":[{"embeddable":true,"href":"https:\/\/www.eaglescollege.cl\/web\/wp-json\/wp\/v2\/users\/1"}],"replies":[{"embeddable":true,"href":"https:\/\/www.eaglescollege.cl\/web\/wp-json\/wp\/v2\/comments?post=16409"}],"version-history":[{"count":47,"href":"https:\/\/www.eaglescollege.cl\/web\/wp-json\/wp\/v2\/pages\/16409\/revisions"}],"predecessor-version":[{"id":17844,"href":"https:\/\/www.eaglescollege.cl\/web\/wp-json\/wp\/v2\/pages\/16409\/revisions\/17844"}],"wp:attachment":[{"href":"https:\/\/www.eaglescollege.cl\/web\/wp-json\/wp\/v2\/media?parent=16409"}],"curies":[{"name":"wp","href":"https:\/\/api.w.org\/{rel}","templated":true}]}}