{"id":16479,"date":"2024-08-23T12:24:06","date_gmt":"2024-08-23T15:24:06","guid":{"rendered":"https:\/\/www.eaglescollege.cl\/web\/?page_id=16479"},"modified":"2024-11-27T11:21:02","modified_gmt":"2024-11-27T14:21:02","slug":"bienvenidos","status":"publish","type":"page","link":"https:\/\/www.eaglescollege.cl\/web\/bienvenidos\/","title":{"rendered":"Bienvenidos"},"content":{"rendered":"<div id=\"cmsmasters_row_ixjv2r6v3\" class=\"cmsmasters_row cmsmasters_color_scheme_default cmsmasters_row_top_default cmsmasters_row_bot_default cmsmasters_row_boxed\">\n<div class=\"cmsmasters_row_outer_parent\">\n<div class=\"cmsmasters_row_outer\">\n<div class=\"cmsmasters_row_inner\">\n<div class=\"cmsmasters_row_margin\">\n<div id=\"cmsmasters_column_jn9q6pd3z\" class=\"cmsmasters_column one_first\">\n<div class=\"cmsmasters_column_inner\"><div class=\"custom_html\">\n<p><head>\n    <link rel=\"stylesheet\" href=\"https:\/\/cdnjs.cloudflare.com\/ajax\/libs\/font-awesome\/6.0.0-beta3\/css\/all.min.css\">\n<style>\n        body {<\/p>\n<p>        }\n        .container {\n            display: flex;\n            flex-direction: column;\n            align-items: center;\n            background-color: white;\n            padding: 20px;\n            border-radius: 10px;\n            max-width: 800px;\n            margin: auto;\n            box-shadow: 0 4px 8px rgba(0, 0, 0, 0.1);\n        }\n        .text {\n            line-height: 1.6;\n            text-align: justify;\n            margin-bottom: 20px;\n        }\n        .separator {\n            margin: 0 8px;\n        }\n        .profile-pic {\n            width: 250px;\n            height: 250px;\n            border-radius: 50%;\n            object-fit: cover;\n            transition: transform 0.3s ease;\n            float: right; \/* Alinea la imagen a la derecha del p\u00e1rrafo *\/\n            margin-left: 15px; \/* Espacio entre la imagen y el texto *\/\n        }\n        .profile-pic:hover {\n            transform: scale(1.05);\n        }\n    <\/style>\n<p><\/head><br \/>\n<body><\/p>\n<div class=\"container\">\n<div class=\"text\">\n<p>Eagles\u2019 College, ubicado en Iquique, Chile, ha sido un referente en educaci\u00f3n desde 2000, ofreciendo un entorno educativo que combina altos est\u00e1ndares acad\u00e9micos con s\u00f3lidos valores familiares. <img decoding=\"async\" src=\"https:\/\/www.eaglescollege.cl\/web\/wp-content\/uploads\/2024\/11\/Miss-Rosa-PPP-min.png\" alt=\"Rosa Ma. Retamales\" class=\"profile-pic\"> Nos enorgullece ser un colegio biling\u00fce que acompa\u00f1a a los estudiantes desde educaci\u00f3n parvularia hasta high school, brind\u00e1ndoles una formaci\u00f3n integral en espa\u00f1ol e ingl\u00e9s.<\/p>\n<p>Como centro preparador de Ex\u00e1menes de Cambridge, ofrecemos a nuestros estudiantes la oportunidad de certificar sus competencias en ingl\u00e9s, asegurando su preparaci\u00f3n para un mundo globalizado. Hemos integrado el Marco para la Vida de Cambridge, promoviendo el desarrollo de habilidades del siglo XXI, como el pensamiento cr\u00edtico, la creatividad y la colaboraci\u00f3n, que son esenciales para enfrentar los retos del futuro.<\/p>\n<p>Uno de los pilares fundamentales de nuestro proyecto educativo es la inclusi\u00f3n y la diversidad multicultural, que consideramos una riqueza invaluable. Valoramos las diferencias individuales y culturales, fomentando un ambiente de respeto y aprendizaje donde cada estudiante es apreciado por su unicidad.<\/p>\n<p>En Eagles' College, nuestros cursos est\u00e1n conformados por un m\u00e1ximo de 25 alumnos por aula, lo que nos permite tener un conocimiento profundo de cada uno de nuestros estudiantes. Esto nos permite no solo ofrecer una educaci\u00f3n centrada en el alumno, sino tambi\u00e9n valorarlos como personas, acompa\u00f1\u00e1ndolos de manera cercana en su proceso de crecimiento acad\u00e9mico y personal.<\/p>\n<p>Adem\u00e1s, contamos con un programa psicoeducativo, donde psic\u00f3logas especializadas imparten talleres dise\u00f1ados para fortalecer las habilidades personales, emocionales y sociales de nuestros estudiantes, promoviendo un desarrollo saludable en un entorno de apoyo.<\/p>\n<p>Ofrecemos una amplia gama de actividades extracurriculares, desde deportes hasta artes y cultura, que contribuyen al desarrollo f\u00edsico y creativo de nuestros estudiantes. En Eagles\u2019 College, buscamos formar ciudadanos globales responsables, comprometidos con su entorno y preparados para los desaf\u00edos de un mundo en constante cambio.<\/p>\n<p>\u00a1Les invitamos a ser parte de nuestra comunidad educativa, donde cada estudiante es valorado y alentado a alcanzar su m\u00e1ximo potencial! \u00a1Bienvenidos a la familia Eagles!<\/p>\n<\/p><\/div>\n<\/div>\n<p><\/body><\/p>\n<\/div>\n<\/div><\/div>\n<\/div>\n<\/div>\n<\/div>\n<\/div>\n<\/div>\n<div id=\"cmsmasters_row_27bcc7xnh8\" class=\"cmsmasters_row cmsmasters_color_scheme_default cmsmasters_row_top_default cmsmasters_row_bot_default cmsmasters_row_boxed\">\n<div class=\"cmsmasters_row_outer_parent\">\n<div class=\"cmsmasters_row_outer\">\n<div class=\"cmsmasters_row_inner\">\n<div class=\"cmsmasters_row_margin\">\n<div id=\"cmsmasters_column_7tjng6dlp\" class=\"cmsmasters_column one_fourth\">\n<div class=\"cmsmasters_column_inner\"><\/div><\/div>\n<div id=\"cmsmasters_column_pdurrj1f2h\" class=\"cmsmasters_column one_half\">\n<div class=\"cmsmasters_column_inner\"><div class=\"custom_html\">\n<p><head>\n  <link rel=\"stylesheet\" href=\"https:\/\/cdnjs.cloudflare.com\/ajax\/libs\/font-awesome\/6.0.0-beta3\/css\/all.min.css\">\n<style>\n    .signature {\n      background-color: #fbc02d;\n      color: white;\n      padding: 20px;\n      border-radius: 10px;\n      font-family: Arial, sans-serif;\n      max-width: 500px;\n      margin: auto;\n      box-shadow: 0 4px 8px rgba(0, 0, 0, 0.1);\n      line-height: 2.4;\n    }<\/p>\n<p>    .signature div {\n      display: flex;\n      align-items: center;\n      margin-bottom: 15px;\n    }<\/p>\n<p>    .signature div i {\n      font-size: 18px;\n      color: white;\n      margin-right: 10px;\n      min-width: 25px;\n    }<\/p>\n<p>    .signature .name {\n      font-weight: bold;\n      font-size: 24px;\n      color: #ffeb3b;\n    }<\/p>\n<p>    .signature .email, .signature .phone, .signature .role {\n      font-style: italic;\n      color: #003366; \/* Azul oscuro *\/\n    }<\/p>\n<p>    .signature a {\n      color: white;\n      text-decoration: none;\n    }<\/p>\n<p>    .signature a:hover {\n      text-decoration: underline;\n    }<\/p>\n<p>    \/* Estilo para el icono separador *\/\n    .separator {\n      margin: 0 10px; \/* Ajusta el margen para el espaciado *\/\n      font-size: 18px; \/* Tama\u00f1o del icono separador *\/\n      color: white; \/* Color del icono separador *\/\n    }\n  <\/style>\n<p><\/head><\/p>\n<p><body><\/p>\n<div class=\"signature\">\n<div><i class=\"fas fa-user\"><\/i>    <span class=\"separator\">|<\/span>   <span class=\"name\">Rosa Mar\u00eda Retamales Latrille<\/span><\/div>\n<div><i class=\"fas fa-envelope\"><\/i>   <span class=\"separator\">|<\/span>   <span class=\"email\"><a href=\"mailto:schooldirector@eaglescollege.cl\">schooldirector@eaglescollege.cl<\/a><\/span><\/div>\n<div><i class=\"fas fa-briefcase\"><\/i>    <span class=\"separator\">|<\/span>   <span class=\"role\">Directora<\/span><\/div><\/div>\n<p><\/body><\/p>\n<\/div>\n<\/div><\/div>\n<div id=\"cmsmasters_column_309m4mug6r\" class=\"cmsmasters_column one_fourth\">\n<div class=\"cmsmasters_column_inner\"><\/div><\/div>\n<\/div>\n<\/div>\n<\/div>\n<\/div>\n<\/div>\n\n","protected":false},"excerpt":{"rendered":"","protected":false},"author":2,"featured_media":0,"parent":0,"menu_order":0,"comment_status":"closed","ping_status":"closed","template":"","meta":{"_EventAllDay":false,"_EventTimezone":"","_EventStartDate":"","_EventEndDate":"","_EventStartDateUTC":"","_EventEndDateUTC":"","_EventShowMap":false,"_EventShowMapLink":false,"_EventURL":"","_EventCost":"","_EventCostDescription":"","_EventCurrencySymbol":"","_EventCurrencyCode":"","_EventCurrencyPosition":"","_EventDateTimeSeparator":"","_EventTimeRangeSeparator":"","_EventOrganizerID":[],"_EventVenueID":[],"_OrganizerEmail":"","_OrganizerPhone":"","_OrganizerWebsite":"","_VenueAddress":"","_VenueCity":"","_VenueCountry":"","_VenueProvince":"","_VenueState":"","_VenueZip":"","_VenuePhone":"","_VenueURL":"","_VenueStateProvince":"","_VenueLat":"","_VenueLng":"","_VenueShowMap":false,"_VenueShowMapLink":false,"footnotes":""},"class_list":["post-16479","page","type-page","status-publish","hentry"],"yoast_head":"<!-- This site is optimized with the Yoast SEO plugin v24.0 - https:\/\/yoast.com\/wordpress\/plugins\/seo\/ -->\n<title>Bienvenidos - Eagles&#039; College<\/title>\n<meta name=\"robots\" content=\"index, follow, max-snippet:-1, max-image-preview:large, max-video-preview:-1\" \/>\n<link rel=\"canonical\" href=\"https:\/\/www.eaglescollege.cl\/web\/bienvenidos\/\" \/>\n<meta property=\"og:locale\" content=\"es_ES\" \/>\n<meta property=\"og:type\" content=\"article\" \/>\n<meta property=\"og:title\" content=\"Bienvenidos - Eagles&#039; College\" \/>\n<meta property=\"og:url\" content=\"https:\/\/www.eaglescollege.cl\/web\/bienvenidos\/\" \/>\n<meta property=\"og:site_name\" content=\"Eagles&#039; College\" \/>\n<meta property=\"article:modified_time\" content=\"2024-11-27T14:21:02+00:00\" \/>\n<meta name=\"twitter:card\" content=\"summary_large_image\" \/>\n<meta name=\"twitter:label1\" content=\"Tiempo de lectura\" \/>\n\t<meta name=\"twitter:data1\" content=\"1 minuto\" \/>\n<script type=\"application\/ld+json\" class=\"yoast-schema-graph\">{\"@context\":\"https:\/\/schema.org\",\"@graph\":[{\"@type\":\"WebPage\",\"@id\":\"https:\/\/www.eaglescollege.cl\/web\/bienvenidos\/\",\"url\":\"https:\/\/www.eaglescollege.cl\/web\/bienvenidos\/\",\"name\":\"Bienvenidos - Eagles&#039; College\",\"isPartOf\":{\"@id\":\"https:\/\/www.eaglescollege.cl\/web\/#website\"},\"datePublished\":\"2024-08-23T15:24:06+00:00\",\"dateModified\":\"2024-11-27T14:21:02+00:00\",\"breadcrumb\":{\"@id\":\"https:\/\/www.eaglescollege.cl\/web\/bienvenidos\/#breadcrumb\"},\"inLanguage\":\"es\",\"potentialAction\":[{\"@type\":\"ReadAction\",\"target\":[\"https:\/\/www.eaglescollege.cl\/web\/bienvenidos\/\"]}]},{\"@type\":\"BreadcrumbList\",\"@id\":\"https:\/\/www.eaglescollege.cl\/web\/bienvenidos\/#breadcrumb\",\"itemListElement\":[{\"@type\":\"ListItem\",\"position\":1,\"name\":\"Home\",\"item\":\"https:\/\/www.eaglescollege.cl\/web\/\"},{\"@type\":\"ListItem\",\"position\":2,\"name\":\"Bienvenidos\"}]},{\"@type\":\"WebSite\",\"@id\":\"https:\/\/www.eaglescollege.cl\/web\/#website\",\"url\":\"https:\/\/www.eaglescollege.cl\/web\/\",\"name\":\"Eagles&#039; College\",\"description\":\"education is life itself\",\"potentialAction\":[{\"@type\":\"SearchAction\",\"target\":{\"@type\":\"EntryPoint\",\"urlTemplate\":\"https:\/\/www.eaglescollege.cl\/web\/?s={search_term_string}\"},\"query-input\":{\"@type\":\"PropertyValueSpecification\",\"valueRequired\":true,\"valueName\":\"search_term_string\"}}],\"inLanguage\":\"es\"}]}<\/script>\n<!-- \/ Yoast SEO plugin. -->","yoast_head_json":{"title":"Bienvenidos - Eagles&#039; College","robots":{"index":"index","follow":"follow","max-snippet":"max-snippet:-1","max-image-preview":"max-image-preview:large","max-video-preview":"max-video-preview:-1"},"canonical":"https:\/\/www.eaglescollege.cl\/web\/bienvenidos\/","og_locale":"es_ES","og_type":"article","og_title":"Bienvenidos - Eagles&#039; College","og_url":"https:\/\/www.eaglescollege.cl\/web\/bienvenidos\/","og_site_name":"Eagles&#039; College","article_modified_time":"2024-11-27T14:21:02+00:00","twitter_card":"summary_large_image","twitter_misc":{"Tiempo de lectura":"1 minuto"},"schema":{"@context":"https:\/\/schema.org","@graph":[{"@type":"WebPage","@id":"https:\/\/www.eaglescollege.cl\/web\/bienvenidos\/","url":"https:\/\/www.eaglescollege.cl\/web\/bienvenidos\/","name":"Bienvenidos - Eagles&#039; College","isPartOf":{"@id":"https:\/\/www.eaglescollege.cl\/web\/#website"},"datePublished":"2024-08-23T15:24:06+00:00","dateModified":"2024-11-27T14:21:02+00:00","breadcrumb":{"@id":"https:\/\/www.eaglescollege.cl\/web\/bienvenidos\/#breadcrumb"},"inLanguage":"es","potentialAction":[{"@type":"ReadAction","target":["https:\/\/www.eaglescollege.cl\/web\/bienvenidos\/"]}]},{"@type":"BreadcrumbList","@id":"https:\/\/www.eaglescollege.cl\/web\/bienvenidos\/#breadcrumb","itemListElement":[{"@type":"ListItem","position":1,"name":"Home","item":"https:\/\/www.eaglescollege.cl\/web\/"},{"@type":"ListItem","position":2,"name":"Bienvenidos"}]},{"@type":"WebSite","@id":"https:\/\/www.eaglescollege.cl\/web\/#website","url":"https:\/\/www.eaglescollege.cl\/web\/","name":"Eagles&#039; College","description":"education is life itself","potentialAction":[{"@type":"SearchAction","target":{"@type":"EntryPoint","urlTemplate":"https:\/\/www.eaglescollege.cl\/web\/?s={search_term_string}"},"query-input":{"@type":"PropertyValueSpecification","valueRequired":true,"valueName":"search_term_string"}}],"inLanguage":"es"}]}},"_links":{"self":[{"href":"https:\/\/www.eaglescollege.cl\/web\/wp-json\/wp\/v2\/pages\/16479","targetHints":{"allow":["GET"]}}],"collection":[{"href":"https:\/\/www.eaglescollege.cl\/web\/wp-json\/wp\/v2\/pages"}],"about":[{"href":"https:\/\/www.eaglescollege.cl\/web\/wp-json\/wp\/v2\/types\/page"}],"author":[{"embeddable":true,"href":"https:\/\/www.eaglescollege.cl\/web\/wp-json\/wp\/v2\/users\/2"}],"replies":[{"embeddable":true,"href":"https:\/\/www.eaglescollege.cl\/web\/wp-json\/wp\/v2\/comments?post=16479"}],"version-history":[{"count":35,"href":"https:\/\/www.eaglescollege.cl\/web\/wp-json\/wp\/v2\/pages\/16479\/revisions"}],"predecessor-version":[{"id":17658,"href":"https:\/\/www.eaglescollege.cl\/web\/wp-json\/wp\/v2\/pages\/16479\/revisions\/17658"}],"wp:attachment":[{"href":"https:\/\/www.eaglescollege.cl\/web\/wp-json\/wp\/v2\/media?parent=16479"}],"curies":[{"name":"wp","href":"https:\/\/api.w.org\/{rel}","templated":true}]}}