{"id":16495,"date":"2024-08-23T12:53:43","date_gmt":"2024-08-23T15:53:43","guid":{"rendered":"https:\/\/www.eaglescollege.cl\/web\/?page_id=16495"},"modified":"2024-11-19T08:19:43","modified_gmt":"2024-11-19T11:19:43","slug":"perfil-del-alumno-y-del-apoderado","status":"publish","type":"page","link":"https:\/\/www.eaglescollege.cl\/web\/perfil-del-alumno-y-del-apoderado\/","title":{"rendered":"Perfil del alumno y del apoderado"},"content":{"rendered":"<div id=\"cmsmasters_row_\" class=\"cmsmasters_row cmsmasters_color_scheme_default cmsmasters_row_top_default cmsmasters_row_bot_default cmsmasters_row_boxed\">\n<div class=\"cmsmasters_row_outer_parent\">\n<div class=\"cmsmasters_row_outer\">\n<div class=\"cmsmasters_row_inner cmsmasters_row_no_margin\">\n<div class=\"cmsmasters_row_margin\">\n<div id=\"cmsmasters_column_\" class=\"cmsmasters_column one_first\">\n<div class=\"cmsmasters_column_inner\"><div class=\"cmsmasters_text\">\n<h3><strong>Expectativas de Eagles&#8217; College hacia estudiantes y apoderados<\/strong><\/h3>\n<p>En Eagles&#8217; College creemos que la educaci\u00f3n integral se refleja no solo en el rendimiento acad\u00e9mico de nuestros estudiantes, sino tambi\u00e9n en su desarrollo personal, de acuerdo con lo estipulado en nuestro Reglamento Interno de Evaluaci\u00f3n. Estas expectativas tambi\u00e9n aplican para quienes postulan a nuestra instituci\u00f3n.<\/p>\n<p><!-- \/wp:post-content --><\/p>\n<p><!-- wp:separator --><\/p>\n<p><!-- \/wp:separator --><\/p>\n<\/div>\n<\/div><\/div>\n<\/div>\n<\/div>\n<\/div>\n<\/div>\n<\/div>\n<div id=\"cmsmasters_row_pyhianaizp\" class=\"cmsmasters_row cmsmasters_color_scheme_default cmsmasters_row_top_default cmsmasters_row_bot_default cmsmasters_row_boxed\">\n<div class=\"cmsmasters_row_outer_parent\">\n<div class=\"cmsmasters_row_outer\">\n<div class=\"cmsmasters_row_inner\">\n<div class=\"cmsmasters_row_margin\">\n<div id=\"cmsmasters_column_3diry50qr\" class=\"cmsmasters_column one_first\">\n<div class=\"cmsmasters_column_inner\"><div class=\"custom_html\">\n<p><head>\n    <link rel=\"stylesheet\" href=\"https:\/\/cdnjs.cloudflare.com\/ajax\/libs\/font-awesome\/6.0.0-beta3\/css\/all.min.css\">\n<style>\n        body {<\/p>\n<p>        }\n        h2, h3 {\n            color: #000; \/* Subt\u00edtulos en color negro *\/\n        }\n        ul {\n            list-style-type: none;\n            margin-left: 20px;\n        }\n        ul li {\n            margin-bottom: 10px;\n        }\n        ul li i {\n            color: #007bff; \/* Color azul para los iconos *\/\n            margin-right: 10px;\n        }\n    <\/style>\n<p><\/head><br \/>\n<body><\/p>\n<h3><i class=\"fas fa-user-graduate\"><\/i> Perfil del estudiante<\/h3>\n<ul>\n<li><i class=\"fas fa-check-circle\"><\/i> Ser honesto, respetuoso, responsable, organizado, proactivo y perseverante.<\/li>\n<li><i class=\"fas fa-lightbulb\"><\/i> Ser creativo, optimista y seguro de s\u00ed mismo.<\/li>\n<li><i class=\"fas fa-brain\"><\/i> Ser reflexivo, con pensamiento cr\u00edtico y capacidad de autocr\u00edtica.<\/li>\n<li><i class=\"fas fa-tools\"><\/i> Ser capaz de resolver problemas y superar las frustraciones.<\/li>\n<li><i class=\"fas fa-user-check\"><\/i> Ser independiente y aut\u00f3nomo, involucrado activamente en su proceso de aprendizaje (PEA).<\/li>\n<li><i class=\"fas fa-thumbs-up\"><\/i> Ser una influencia positiva para el colegio.<\/li>\n<li><i class=\"fas fa-users\"><\/i> Poseer habilidades sociales bien desarrolladas.<\/li>\n<li><i class=\"fas fa-hands-helping\"><\/i> Ser solidario con los dem\u00e1s e involucrado con su entorno.<\/li>\n<li><i class=\"fas fa-handshake\"><\/i> Respetar los derechos de los dem\u00e1s y la diversidad.<\/li>\n<li><i class=\"fas fa-globe\"><\/i> Ser biling\u00fce.<\/li>\n<li><i class=\"fas fa-star\"><\/i> Tener inter\u00e9s en actividades extracurriculares.<\/li>\n<li><i class=\"fas fa-clock\"><\/i> Tener buena asistencia y ser puntual.<\/li>\n<li><i class=\"fas fa-gavel\"><\/i> Aceptar y cooperar con las reglas de la comunidad educativa.<\/li>\n<li><i class=\"fas fa-school\"><\/i> Mantener un comportamiento adecuado al esp\u00edritu del colegio.<\/li>\n<li><i class=\"fas fa-file-contract\"><\/i> Cumplir con el C\u00f3digo de Conducta de Eagles' College.<\/li>\n<\/ul>\n<h3><i class=\"fas fa-user-tie\"><\/i> Perfil del apoderado<\/h3>\n<ul>\n<li><i class=\"fas fa-user-shield\"><\/i> Responsable con su rol de apoderado, como se define en el manual de convivencia.<\/li>\n<li><i class=\"fas fa-book\"><\/i> Conocer, respetar y cumplir el Manual de Convivencia como parte integral de la comunidad.<\/li>\n<li><i class=\"fas fa-user-clock\"><\/i> Estar presente en el desarrollo y formaci\u00f3n integral de su hijo, as\u00ed como en su desempe\u00f1o acad\u00e9mico.<\/li>\n<li><i class=\"fas fa-handshake\"><\/i> Comprometido y participativo en actividades acad\u00e9micas, extracurriculares e institucionales, tanto del curso como del colegio.<\/li>\n<li><i class=\"fas fa-comments\"><\/i> Respetuoso y tolerante con todos los miembros de la comunidad educativa.<\/li>\n<\/ul>\n<p><\/body><\/p>\n<\/div>\n<\/div><\/div>\n<\/div>\n<\/div>\n<\/div>\n<\/div>\n<\/div>\n","protected":false},"excerpt":{"rendered":"","protected":false},"author":2,"featured_media":0,"parent":0,"menu_order":0,"comment_status":"closed","ping_status":"closed","template":"","meta":{"_EventAllDay":false,"_EventTimezone":"","_EventStartDate":"","_EventEndDate":"","_EventStartDateUTC":"","_EventEndDateUTC":"","_EventShowMap":false,"_EventShowMapLink":false,"_EventURL":"","_EventCost":"","_EventCostDescription":"","_EventCurrencySymbol":"","_EventCurrencyCode":"","_EventCurrencyPosition":"","_EventDateTimeSeparator":"","_EventTimeRangeSeparator":"","_EventOrganizerID":[],"_EventVenueID":[],"_OrganizerEmail":"","_OrganizerPhone":"","_OrganizerWebsite":"","_VenueAddress":"","_VenueCity":"","_VenueCountry":"","_VenueProvince":"","_VenueState":"","_VenueZip":"","_VenuePhone":"","_VenueURL":"","_VenueStateProvince":"","_VenueLat":"","_VenueLng":"","_VenueShowMap":false,"_VenueShowMapLink":false,"footnotes":""},"class_list":["post-16495","page","type-page","status-publish","hentry"],"yoast_head":"<!-- This site is optimized with the Yoast SEO plugin v24.0 - https:\/\/yoast.com\/wordpress\/plugins\/seo\/ -->\n<title>Perfil del alumno y del apoderado - Eagles&#039; College<\/title>\n<meta name=\"robots\" content=\"index, follow, max-snippet:-1, max-image-preview:large, max-video-preview:-1\" \/>\n<link rel=\"canonical\" href=\"https:\/\/www.eaglescollege.cl\/web\/perfil-del-alumno-y-del-apoderado\/\" \/>\n<meta property=\"og:locale\" content=\"es_ES\" \/>\n<meta property=\"og:type\" content=\"article\" \/>\n<meta property=\"og:title\" content=\"Perfil del alumno y del apoderado - Eagles&#039; College\" \/>\n<meta property=\"og:url\" content=\"https:\/\/www.eaglescollege.cl\/web\/perfil-del-alumno-y-del-apoderado\/\" \/>\n<meta property=\"og:site_name\" content=\"Eagles&#039; College\" \/>\n<meta property=\"article:modified_time\" content=\"2024-11-19T11:19:43+00:00\" \/>\n<meta name=\"twitter:card\" content=\"summary_large_image\" \/>\n<meta name=\"twitter:label1\" content=\"Tiempo de lectura\" \/>\n\t<meta name=\"twitter:data1\" content=\"1 minuto\" \/>\n<script type=\"application\/ld+json\" class=\"yoast-schema-graph\">{\"@context\":\"https:\/\/schema.org\",\"@graph\":[{\"@type\":\"WebPage\",\"@id\":\"https:\/\/www.eaglescollege.cl\/web\/perfil-del-alumno-y-del-apoderado\/\",\"url\":\"https:\/\/www.eaglescollege.cl\/web\/perfil-del-alumno-y-del-apoderado\/\",\"name\":\"Perfil del alumno y del apoderado - Eagles&#039; College\",\"isPartOf\":{\"@id\":\"https:\/\/www.eaglescollege.cl\/web\/#website\"},\"datePublished\":\"2024-08-23T15:53:43+00:00\",\"dateModified\":\"2024-11-19T11:19:43+00:00\",\"breadcrumb\":{\"@id\":\"https:\/\/www.eaglescollege.cl\/web\/perfil-del-alumno-y-del-apoderado\/#breadcrumb\"},\"inLanguage\":\"es\",\"potentialAction\":[{\"@type\":\"ReadAction\",\"target\":[\"https:\/\/www.eaglescollege.cl\/web\/perfil-del-alumno-y-del-apoderado\/\"]}]},{\"@type\":\"BreadcrumbList\",\"@id\":\"https:\/\/www.eaglescollege.cl\/web\/perfil-del-alumno-y-del-apoderado\/#breadcrumb\",\"itemListElement\":[{\"@type\":\"ListItem\",\"position\":1,\"name\":\"Home\",\"item\":\"https:\/\/www.eaglescollege.cl\/web\/\"},{\"@type\":\"ListItem\",\"position\":2,\"name\":\"Perfil del alumno y del apoderado\"}]},{\"@type\":\"WebSite\",\"@id\":\"https:\/\/www.eaglescollege.cl\/web\/#website\",\"url\":\"https:\/\/www.eaglescollege.cl\/web\/\",\"name\":\"Eagles&#039; College\",\"description\":\"education is life itself\",\"potentialAction\":[{\"@type\":\"SearchAction\",\"target\":{\"@type\":\"EntryPoint\",\"urlTemplate\":\"https:\/\/www.eaglescollege.cl\/web\/?s={search_term_string}\"},\"query-input\":{\"@type\":\"PropertyValueSpecification\",\"valueRequired\":true,\"valueName\":\"search_term_string\"}}],\"inLanguage\":\"es\"}]}<\/script>\n<!-- \/ Yoast SEO plugin. -->","yoast_head_json":{"title":"Perfil del alumno y del apoderado - Eagles&#039; College","robots":{"index":"index","follow":"follow","max-snippet":"max-snippet:-1","max-image-preview":"max-image-preview:large","max-video-preview":"max-video-preview:-1"},"canonical":"https:\/\/www.eaglescollege.cl\/web\/perfil-del-alumno-y-del-apoderado\/","og_locale":"es_ES","og_type":"article","og_title":"Perfil del alumno y del apoderado - Eagles&#039; College","og_url":"https:\/\/www.eaglescollege.cl\/web\/perfil-del-alumno-y-del-apoderado\/","og_site_name":"Eagles&#039; College","article_modified_time":"2024-11-19T11:19:43+00:00","twitter_card":"summary_large_image","twitter_misc":{"Tiempo de lectura":"1 minuto"},"schema":{"@context":"https:\/\/schema.org","@graph":[{"@type":"WebPage","@id":"https:\/\/www.eaglescollege.cl\/web\/perfil-del-alumno-y-del-apoderado\/","url":"https:\/\/www.eaglescollege.cl\/web\/perfil-del-alumno-y-del-apoderado\/","name":"Perfil del alumno y del apoderado - Eagles&#039; College","isPartOf":{"@id":"https:\/\/www.eaglescollege.cl\/web\/#website"},"datePublished":"2024-08-23T15:53:43+00:00","dateModified":"2024-11-19T11:19:43+00:00","breadcrumb":{"@id":"https:\/\/www.eaglescollege.cl\/web\/perfil-del-alumno-y-del-apoderado\/#breadcrumb"},"inLanguage":"es","potentialAction":[{"@type":"ReadAction","target":["https:\/\/www.eaglescollege.cl\/web\/perfil-del-alumno-y-del-apoderado\/"]}]},{"@type":"BreadcrumbList","@id":"https:\/\/www.eaglescollege.cl\/web\/perfil-del-alumno-y-del-apoderado\/#breadcrumb","itemListElement":[{"@type":"ListItem","position":1,"name":"Home","item":"https:\/\/www.eaglescollege.cl\/web\/"},{"@type":"ListItem","position":2,"name":"Perfil del alumno y del apoderado"}]},{"@type":"WebSite","@id":"https:\/\/www.eaglescollege.cl\/web\/#website","url":"https:\/\/www.eaglescollege.cl\/web\/","name":"Eagles&#039; College","description":"education is life itself","potentialAction":[{"@type":"SearchAction","target":{"@type":"EntryPoint","urlTemplate":"https:\/\/www.eaglescollege.cl\/web\/?s={search_term_string}"},"query-input":{"@type":"PropertyValueSpecification","valueRequired":true,"valueName":"search_term_string"}}],"inLanguage":"es"}]}},"_links":{"self":[{"href":"https:\/\/www.eaglescollege.cl\/web\/wp-json\/wp\/v2\/pages\/16495","targetHints":{"allow":["GET"]}}],"collection":[{"href":"https:\/\/www.eaglescollege.cl\/web\/wp-json\/wp\/v2\/pages"}],"about":[{"href":"https:\/\/www.eaglescollege.cl\/web\/wp-json\/wp\/v2\/types\/page"}],"author":[{"embeddable":true,"href":"https:\/\/www.eaglescollege.cl\/web\/wp-json\/wp\/v2\/users\/2"}],"replies":[{"embeddable":true,"href":"https:\/\/www.eaglescollege.cl\/web\/wp-json\/wp\/v2\/comments?post=16495"}],"version-history":[{"count":13,"href":"https:\/\/www.eaglescollege.cl\/web\/wp-json\/wp\/v2\/pages\/16495\/revisions"}],"predecessor-version":[{"id":17561,"href":"https:\/\/www.eaglescollege.cl\/web\/wp-json\/wp\/v2\/pages\/16495\/revisions\/17561"}],"wp:attachment":[{"href":"https:\/\/www.eaglescollege.cl\/web\/wp-json\/wp\/v2\/media?parent=16495"}],"curies":[{"name":"wp","href":"https:\/\/api.w.org\/{rel}","templated":true}]}}