{"id":16548,"date":"2024-08-26T16:16:01","date_gmt":"2024-08-26T19:16:01","guid":{"rendered":"https:\/\/www.eaglescollege.cl\/web\/?page_id=16548"},"modified":"2024-11-28T16:17:04","modified_gmt":"2024-11-28T19:17:04","slug":"clases-de-reforzamiento","status":"publish","type":"page","link":"https:\/\/www.eaglescollege.cl\/web\/clases-de-reforzamiento\/","title":{"rendered":"Clases de reforzamiento"},"content":{"rendered":"<div id=\"cmsmasters_row_\" class=\"cmsmasters_row cmsmasters_color_scheme_default cmsmasters_row_top_default cmsmasters_row_bot_default cmsmasters_row_boxed\">\n<div class=\"cmsmasters_row_outer_parent\">\n<div class=\"cmsmasters_row_outer\">\n<div class=\"cmsmasters_row_inner\">\n<div class=\"cmsmasters_row_margin\">\n<div id=\"cmsmasters_column_\" class=\"cmsmasters_column one_first\">\n<div class=\"cmsmasters_column_inner\"><div class=\"custom_html\">\n<p>Es nuestro objetivo que todos nuestros estudiantes aprendan efectivamente y logren los niveles de desempe\u00f1o que se esperan para sus cursos en cada asignatura. Es por esto, que Eagles\u2019 College, planifica talleres \u00a0semestrales para aquellos alumnos que est\u00e1n por debajo del nivel esperado.\u00a0 Esto, \u00a0porque son estudiantes nuevos o extranjeros producto de traslados de pa\u00edses, regiones del pa\u00eds o han optado por nuestro Proyecto como una mejor opci\u00f3n en forma local.<\/p>\n<p><strong>TALLERES DE INGL\u00c9S<\/strong><\/p>\n<p>Eagles\u2019 College proporciona clases de reforzamiento de ingl\u00e9s a los alumnos que, al momento de incorporarse al sistema,\u00a0 se encuentran en proceso de desarrollo de sus habilidades ling\u00fc\u00edsticas. Las clases son realizadas semanalmente despu\u00e9s de la jornada escolar. El objetivo de estas clases es proveer al alumno de vocabulario y estructura del idioma ingl\u00e9s de manera de poder construir el lenguaje. La asistencia es obligatoria y se entregan reportes en forma peri\u00f3dica (semestralmente).<\/p>\n<p><strong>TALLERES DE LENGUAJE<\/strong><\/p>\n<p>Eagles\u2019 College dicta clases de reforzamiento en lenguaje para aquellos alumnos que se encuentran en proceso de desarrollo de la lecto escritura y para aqu\u00e9llos que presentan descendidas sus estrategias de comprensi\u00f3n lectora. Este reforzamiento est\u00e1 especialmente dise\u00f1ado para los alumnos de Elementary y para alumnos extranjeros cuyo primer o segundo idioma no es el espa\u00f1ol ni tampoco el Ingl\u00e9s. La asistencia al taller es obligatoria.<\/p>\n<p><strong>TALLERES DE MATEM\u00c1TICA Y\/O CLASES COLEGIADAS<\/strong><\/p>\n<p>Eagles\u2019 College podr\u00e1 dictar talleres de reforzamiento en Matem\u00e1tica para aquellos estudiantes, en los cursos, donde existan resultados que indiquen que a\u00fan no han desarrollado las herramientas fundamentales de la Matem\u00e1tica en el nivel que sea.<\/p>\n<p>Las clases tambi\u00e9n podr\u00e1n tomar la forma de colegiadas, donde, seg\u00fan la necesidad se dicten con dos profesores en aula.<\/p>\n<\/div>\n<\/div><\/div>\n<\/div>\n<\/div>\n<\/div>\n<\/div>\n<\/div>\n\n","protected":false},"excerpt":{"rendered":"","protected":false},"author":2,"featured_media":0,"parent":0,"menu_order":0,"comment_status":"closed","ping_status":"closed","template":"","meta":{"_EventAllDay":false,"_EventTimezone":"","_EventStartDate":"","_EventEndDate":"","_EventStartDateUTC":"","_EventEndDateUTC":"","_EventShowMap":false,"_EventShowMapLink":false,"_EventURL":"","_EventCost":"","_EventCostDescription":"","_EventCurrencySymbol":"","_EventCurrencyCode":"","_EventCurrencyPosition":"","_EventDateTimeSeparator":"","_EventTimeRangeSeparator":"","_EventOrganizerID":[],"_EventVenueID":[],"_OrganizerEmail":"","_OrganizerPhone":"","_OrganizerWebsite":"","_VenueAddress":"","_VenueCity":"","_VenueCountry":"","_VenueProvince":"","_VenueState":"","_VenueZip":"","_VenuePhone":"","_VenueURL":"","_VenueStateProvince":"","_VenueLat":"","_VenueLng":"","_VenueShowMap":false,"_VenueShowMapLink":false,"footnotes":""},"class_list":["post-16548","page","type-page","status-publish","hentry"],"yoast_head":"<!-- This site is optimized with the Yoast SEO plugin v24.0 - https:\/\/yoast.com\/wordpress\/plugins\/seo\/ -->\n<title>Clases de reforzamiento - Eagles&#039; College<\/title>\n<meta name=\"robots\" content=\"index, follow, max-snippet:-1, max-image-preview:large, max-video-preview:-1\" \/>\n<link rel=\"canonical\" href=\"https:\/\/www.eaglescollege.cl\/web\/clases-de-reforzamiento\/\" \/>\n<meta property=\"og:locale\" content=\"es_ES\" \/>\n<meta property=\"og:type\" content=\"article\" \/>\n<meta property=\"og:title\" content=\"Clases de reforzamiento - Eagles&#039; College\" \/>\n<meta property=\"og:url\" content=\"https:\/\/www.eaglescollege.cl\/web\/clases-de-reforzamiento\/\" \/>\n<meta property=\"og:site_name\" content=\"Eagles&#039; College\" \/>\n<meta property=\"article:modified_time\" content=\"2024-11-28T19:17:04+00:00\" \/>\n<meta name=\"twitter:card\" content=\"summary_large_image\" \/>\n<meta name=\"twitter:label1\" content=\"Tiempo de lectura\" \/>\n\t<meta name=\"twitter:data1\" content=\"1 minuto\" \/>\n<script type=\"application\/ld+json\" class=\"yoast-schema-graph\">{\"@context\":\"https:\/\/schema.org\",\"@graph\":[{\"@type\":\"WebPage\",\"@id\":\"https:\/\/www.eaglescollege.cl\/web\/clases-de-reforzamiento\/\",\"url\":\"https:\/\/www.eaglescollege.cl\/web\/clases-de-reforzamiento\/\",\"name\":\"Clases de reforzamiento - Eagles&#039; College\",\"isPartOf\":{\"@id\":\"https:\/\/www.eaglescollege.cl\/web\/#website\"},\"datePublished\":\"2024-08-26T19:16:01+00:00\",\"dateModified\":\"2024-11-28T19:17:04+00:00\",\"breadcrumb\":{\"@id\":\"https:\/\/www.eaglescollege.cl\/web\/clases-de-reforzamiento\/#breadcrumb\"},\"inLanguage\":\"es\",\"potentialAction\":[{\"@type\":\"ReadAction\",\"target\":[\"https:\/\/www.eaglescollege.cl\/web\/clases-de-reforzamiento\/\"]}]},{\"@type\":\"BreadcrumbList\",\"@id\":\"https:\/\/www.eaglescollege.cl\/web\/clases-de-reforzamiento\/#breadcrumb\",\"itemListElement\":[{\"@type\":\"ListItem\",\"position\":1,\"name\":\"Home\",\"item\":\"https:\/\/www.eaglescollege.cl\/web\/\"},{\"@type\":\"ListItem\",\"position\":2,\"name\":\"Clases de reforzamiento\"}]},{\"@type\":\"WebSite\",\"@id\":\"https:\/\/www.eaglescollege.cl\/web\/#website\",\"url\":\"https:\/\/www.eaglescollege.cl\/web\/\",\"name\":\"Eagles&#039; College\",\"description\":\"education is life itself\",\"potentialAction\":[{\"@type\":\"SearchAction\",\"target\":{\"@type\":\"EntryPoint\",\"urlTemplate\":\"https:\/\/www.eaglescollege.cl\/web\/?s={search_term_string}\"},\"query-input\":{\"@type\":\"PropertyValueSpecification\",\"valueRequired\":true,\"valueName\":\"search_term_string\"}}],\"inLanguage\":\"es\"}]}<\/script>\n<!-- \/ Yoast SEO plugin. -->","yoast_head_json":{"title":"Clases de reforzamiento - Eagles&#039; College","robots":{"index":"index","follow":"follow","max-snippet":"max-snippet:-1","max-image-preview":"max-image-preview:large","max-video-preview":"max-video-preview:-1"},"canonical":"https:\/\/www.eaglescollege.cl\/web\/clases-de-reforzamiento\/","og_locale":"es_ES","og_type":"article","og_title":"Clases de reforzamiento - Eagles&#039; College","og_url":"https:\/\/www.eaglescollege.cl\/web\/clases-de-reforzamiento\/","og_site_name":"Eagles&#039; College","article_modified_time":"2024-11-28T19:17:04+00:00","twitter_card":"summary_large_image","twitter_misc":{"Tiempo de lectura":"1 minuto"},"schema":{"@context":"https:\/\/schema.org","@graph":[{"@type":"WebPage","@id":"https:\/\/www.eaglescollege.cl\/web\/clases-de-reforzamiento\/","url":"https:\/\/www.eaglescollege.cl\/web\/clases-de-reforzamiento\/","name":"Clases de reforzamiento - Eagles&#039; College","isPartOf":{"@id":"https:\/\/www.eaglescollege.cl\/web\/#website"},"datePublished":"2024-08-26T19:16:01+00:00","dateModified":"2024-11-28T19:17:04+00:00","breadcrumb":{"@id":"https:\/\/www.eaglescollege.cl\/web\/clases-de-reforzamiento\/#breadcrumb"},"inLanguage":"es","potentialAction":[{"@type":"ReadAction","target":["https:\/\/www.eaglescollege.cl\/web\/clases-de-reforzamiento\/"]}]},{"@type":"BreadcrumbList","@id":"https:\/\/www.eaglescollege.cl\/web\/clases-de-reforzamiento\/#breadcrumb","itemListElement":[{"@type":"ListItem","position":1,"name":"Home","item":"https:\/\/www.eaglescollege.cl\/web\/"},{"@type":"ListItem","position":2,"name":"Clases de reforzamiento"}]},{"@type":"WebSite","@id":"https:\/\/www.eaglescollege.cl\/web\/#website","url":"https:\/\/www.eaglescollege.cl\/web\/","name":"Eagles&#039; College","description":"education is life itself","potentialAction":[{"@type":"SearchAction","target":{"@type":"EntryPoint","urlTemplate":"https:\/\/www.eaglescollege.cl\/web\/?s={search_term_string}"},"query-input":{"@type":"PropertyValueSpecification","valueRequired":true,"valueName":"search_term_string"}}],"inLanguage":"es"}]}},"_links":{"self":[{"href":"https:\/\/www.eaglescollege.cl\/web\/wp-json\/wp\/v2\/pages\/16548","targetHints":{"allow":["GET"]}}],"collection":[{"href":"https:\/\/www.eaglescollege.cl\/web\/wp-json\/wp\/v2\/pages"}],"about":[{"href":"https:\/\/www.eaglescollege.cl\/web\/wp-json\/wp\/v2\/types\/page"}],"author":[{"embeddable":true,"href":"https:\/\/www.eaglescollege.cl\/web\/wp-json\/wp\/v2\/users\/2"}],"replies":[{"embeddable":true,"href":"https:\/\/www.eaglescollege.cl\/web\/wp-json\/wp\/v2\/comments?post=16548"}],"version-history":[{"count":5,"href":"https:\/\/www.eaglescollege.cl\/web\/wp-json\/wp\/v2\/pages\/16548\/revisions"}],"predecessor-version":[{"id":17687,"href":"https:\/\/www.eaglescollege.cl\/web\/wp-json\/wp\/v2\/pages\/16548\/revisions\/17687"}],"wp:attachment":[{"href":"https:\/\/www.eaglescollege.cl\/web\/wp-json\/wp\/v2\/media?parent=16548"}],"curies":[{"name":"wp","href":"https:\/\/api.w.org\/{rel}","templated":true}]}}