{"id":16577,"date":"2024-08-26T16:41:03","date_gmt":"2024-08-26T19:41:03","guid":{"rendered":"https:\/\/www.eaglescollege.cl\/web\/?page_id=16577"},"modified":"2026-04-08T14:16:11","modified_gmt":"2026-04-08T17:16:11","slug":"manual-de-convivencia","status":"publish","type":"page","link":"https:\/\/www.eaglescollege.cl\/web\/manual-de-convivencia\/","title":{"rendered":"Manual de convivencia"},"content":{"rendered":"\n<p>La Direcci\u00f3n de Eagles\u2019 College ha impulsado la creaci\u00f3n de una Unidad de Convivencia Escolar, con miembros que promueven las habilidades pro sociales y emocionales de los estudiantes en todos los niveles educativos. Ellos son los encargados de administrar el Manual de Convivencia en el colegio.<\/p>\n\n\n\n<figure class=\"wp-block-embed is-type-video is-provider-youtube wp-block-embed-youtube wp-embed-aspect-16-9 wp-has-aspect-ratio\"><div class=\"wp-block-embed__wrapper\">\n<iframe loading=\"lazy\" title=\"Campa\u00f1a de Convivencia Escolar 2016\" width=\"1160\" height=\"653\" src=\"https:\/\/www.youtube.com\/embed\/3YTuQfgctnE?feature=oembed\" frameborder=\"0\" allow=\"accelerometer; autoplay; clipboard-write; encrypted-media; gyroscope; picture-in-picture; web-share\" referrerpolicy=\"strict-origin-when-cross-origin\" allowfullscreen><\/iframe>\n<\/div><\/figure>\n\n\n\n<p>El Manual de Convivencia, son las normas de convivencia que forman parte del Reglamento Interno que todo establecimiento educacional tiene la obligaci\u00f3n de elaborar, aun cuando conste en un documento separado. Las normas de convivencia deben estar de acuerdo con los criterios establecidos en la Ley sobre Violencia Escolar \u2013 LSVE y definidas por cada comunidad educativa. Estas normas estar\u00e1n de acuerdo con los valores expresados en su Proyecto Educativo. Se deben enmarcar en la ley y en las normas vigentes, teniendo como horizonte el desarrollo y la formaci\u00f3n integral de los y las estudiantes.<\/p>\n\n\n\n<p>La Ley sobre Violencia Escolar le otorga una gran responsabilidad a toda la comunidad educativa, tanto en su \u00f3rgano de representaci\u00f3n como es el Comit\u00e9 de Convivencia Escolar, donde se debe proponer medidas para mejorar la convivencia escolar, como a cada uno de los actores: \u201calumnos, alumnas, padres, madres, apoderados, profesionales y asistentes de la educaci\u00f3n, as\u00ed como los equipos docentes y directivos de los establecimientos educacionales, deber\u00e1n propiciar un clima escolar que promueva la buena convivencia de manera de prevenir todo tipo de acoso escolar\u201d (LSVE Art. 16 C)<\/p>\n\n\n\n<hr class=\"wp-block-separator has-text-color has-color-8-color has-alpha-channel-opacity has-color-8-background-color has-background is-style-wide\"\/>\n\n\n\n<div class=\"wp-block-columns is-layout-flex wp-container-core-columns-is-layout-9d6595d7 wp-block-columns-is-layout-flex\">\n<div class=\"wp-block-column is-layout-flow wp-block-column-is-layout-flow\">\n<p class=\"has-text-align-right\">Reglamento Interno de Convivencia Escolar<\/p>\n<\/div>\n\n\n\n<div class=\"wp-block-column is-layout-flow wp-block-column-is-layout-flow\">\n<div class=\"wp-block-buttons is-layout-flex wp-block-buttons-is-layout-flex\">\n<div class=\"wp-block-button\"><a class=\"wp-block-button__link has-text-align-left wp-element-button\" href=\"https:\/\/www.eaglescollege.cl\/web\/wp-content\/uploads\/2026\/04\/RICE-2026.pdf\" target=\"_blank\" rel=\"noreferrer noopener\">Descargar<\/a><\/div>\n<\/div>\n<\/div>\n<\/div>\n\n\n\n<div class=\"wp-block-buttons is-layout-flex wp-block-buttons-is-layout-flex\"><\/div>\n\n\n\n<p><\/p>\n","protected":false},"excerpt":{"rendered":"<p>La Direcci\u00f3n de Eagles\u2019 College ha impulsado la creaci\u00f3n de una Unidad de Convivencia Escolar, con miembros que promueven las&#8230;<\/p>\n","protected":false},"author":2,"featured_media":0,"parent":0,"menu_order":0,"comment_status":"closed","ping_status":"closed","template":"","meta":{"_EventAllDay":false,"_EventTimezone":"","_EventStartDate":"","_EventEndDate":"","_EventStartDateUTC":"","_EventEndDateUTC":"","_EventShowMap":false,"_EventShowMapLink":false,"_EventURL":"","_EventCost":"","_EventCostDescription":"","_EventCurrencySymbol":"","_EventCurrencyCode":"","_EventCurrencyPosition":"","_EventDateTimeSeparator":"","_EventTimeRangeSeparator":"","_EventOrganizerID":[],"_EventVenueID":[],"_OrganizerEmail":"","_OrganizerPhone":"","_OrganizerWebsite":"","_VenueAddress":"","_VenueCity":"","_VenueCountry":"","_VenueProvince":"","_VenueState":"","_VenueZip":"","_VenuePhone":"","_VenueURL":"","_VenueStateProvince":"","_VenueLat":"","_VenueLng":"","_VenueShowMap":false,"_VenueShowMapLink":false,"footnotes":""},"class_list":["post-16577","page","type-page","status-publish","hentry"],"yoast_head":"<!-- This site is optimized with the Yoast SEO plugin v24.0 - https:\/\/yoast.com\/wordpress\/plugins\/seo\/ -->\n<title>Manual de convivencia - Eagles&#039; College<\/title>\n<meta name=\"robots\" content=\"index, follow, max-snippet:-1, max-image-preview:large, max-video-preview:-1\" \/>\n<link rel=\"canonical\" href=\"https:\/\/www.eaglescollege.cl\/web\/manual-de-convivencia\/\" \/>\n<meta property=\"og:locale\" content=\"es_ES\" \/>\n<meta property=\"og:type\" content=\"article\" \/>\n<meta property=\"og:title\" content=\"Manual de convivencia - Eagles&#039; College\" \/>\n<meta property=\"og:description\" content=\"La Direcci\u00f3n de Eagles\u2019 College ha impulsado la creaci\u00f3n de una Unidad de Convivencia Escolar, con miembros que promueven las...\" \/>\n<meta property=\"og:url\" content=\"https:\/\/www.eaglescollege.cl\/web\/manual-de-convivencia\/\" \/>\n<meta property=\"og:site_name\" content=\"Eagles&#039; College\" \/>\n<meta property=\"article:modified_time\" content=\"2026-04-08T17:16:11+00:00\" \/>\n<meta name=\"twitter:card\" content=\"summary_large_image\" \/>\n<meta name=\"twitter:label1\" content=\"Tiempo de lectura\" \/>\n\t<meta name=\"twitter:data1\" content=\"2 minutos\" \/>\n<script type=\"application\/ld+json\" class=\"yoast-schema-graph\">{\"@context\":\"https:\/\/schema.org\",\"@graph\":[{\"@type\":\"WebPage\",\"@id\":\"https:\/\/www.eaglescollege.cl\/web\/manual-de-convivencia\/\",\"url\":\"https:\/\/www.eaglescollege.cl\/web\/manual-de-convivencia\/\",\"name\":\"Manual de convivencia - Eagles&#039; College\",\"isPartOf\":{\"@id\":\"https:\/\/www.eaglescollege.cl\/web\/#website\"},\"datePublished\":\"2024-08-26T19:41:03+00:00\",\"dateModified\":\"2026-04-08T17:16:11+00:00\",\"breadcrumb\":{\"@id\":\"https:\/\/www.eaglescollege.cl\/web\/manual-de-convivencia\/#breadcrumb\"},\"inLanguage\":\"es\",\"potentialAction\":[{\"@type\":\"ReadAction\",\"target\":[\"https:\/\/www.eaglescollege.cl\/web\/manual-de-convivencia\/\"]}]},{\"@type\":\"BreadcrumbList\",\"@id\":\"https:\/\/www.eaglescollege.cl\/web\/manual-de-convivencia\/#breadcrumb\",\"itemListElement\":[{\"@type\":\"ListItem\",\"position\":1,\"name\":\"Home\",\"item\":\"https:\/\/www.eaglescollege.cl\/web\/\"},{\"@type\":\"ListItem\",\"position\":2,\"name\":\"Manual de convivencia\"}]},{\"@type\":\"WebSite\",\"@id\":\"https:\/\/www.eaglescollege.cl\/web\/#website\",\"url\":\"https:\/\/www.eaglescollege.cl\/web\/\",\"name\":\"Eagles&#039; College\",\"description\":\"education is life itself\",\"potentialAction\":[{\"@type\":\"SearchAction\",\"target\":{\"@type\":\"EntryPoint\",\"urlTemplate\":\"https:\/\/www.eaglescollege.cl\/web\/?s={search_term_string}\"},\"query-input\":{\"@type\":\"PropertyValueSpecification\",\"valueRequired\":true,\"valueName\":\"search_term_string\"}}],\"inLanguage\":\"es\"}]}<\/script>\n<!-- \/ Yoast SEO plugin. -->","yoast_head_json":{"title":"Manual de convivencia - Eagles&#039; College","robots":{"index":"index","follow":"follow","max-snippet":"max-snippet:-1","max-image-preview":"max-image-preview:large","max-video-preview":"max-video-preview:-1"},"canonical":"https:\/\/www.eaglescollege.cl\/web\/manual-de-convivencia\/","og_locale":"es_ES","og_type":"article","og_title":"Manual de convivencia - Eagles&#039; College","og_description":"La Direcci\u00f3n de Eagles\u2019 College ha impulsado la creaci\u00f3n de una Unidad de Convivencia Escolar, con miembros que promueven las...","og_url":"https:\/\/www.eaglescollege.cl\/web\/manual-de-convivencia\/","og_site_name":"Eagles&#039; College","article_modified_time":"2026-04-08T17:16:11+00:00","twitter_card":"summary_large_image","twitter_misc":{"Tiempo de lectura":"2 minutos"},"schema":{"@context":"https:\/\/schema.org","@graph":[{"@type":"WebPage","@id":"https:\/\/www.eaglescollege.cl\/web\/manual-de-convivencia\/","url":"https:\/\/www.eaglescollege.cl\/web\/manual-de-convivencia\/","name":"Manual de convivencia - Eagles&#039; College","isPartOf":{"@id":"https:\/\/www.eaglescollege.cl\/web\/#website"},"datePublished":"2024-08-26T19:41:03+00:00","dateModified":"2026-04-08T17:16:11+00:00","breadcrumb":{"@id":"https:\/\/www.eaglescollege.cl\/web\/manual-de-convivencia\/#breadcrumb"},"inLanguage":"es","potentialAction":[{"@type":"ReadAction","target":["https:\/\/www.eaglescollege.cl\/web\/manual-de-convivencia\/"]}]},{"@type":"BreadcrumbList","@id":"https:\/\/www.eaglescollege.cl\/web\/manual-de-convivencia\/#breadcrumb","itemListElement":[{"@type":"ListItem","position":1,"name":"Home","item":"https:\/\/www.eaglescollege.cl\/web\/"},{"@type":"ListItem","position":2,"name":"Manual de convivencia"}]},{"@type":"WebSite","@id":"https:\/\/www.eaglescollege.cl\/web\/#website","url":"https:\/\/www.eaglescollege.cl\/web\/","name":"Eagles&#039; College","description":"education is life itself","potentialAction":[{"@type":"SearchAction","target":{"@type":"EntryPoint","urlTemplate":"https:\/\/www.eaglescollege.cl\/web\/?s={search_term_string}"},"query-input":{"@type":"PropertyValueSpecification","valueRequired":true,"valueName":"search_term_string"}}],"inLanguage":"es"}]}},"_links":{"self":[{"href":"https:\/\/www.eaglescollege.cl\/web\/wp-json\/wp\/v2\/pages\/16577","targetHints":{"allow":["GET"]}}],"collection":[{"href":"https:\/\/www.eaglescollege.cl\/web\/wp-json\/wp\/v2\/pages"}],"about":[{"href":"https:\/\/www.eaglescollege.cl\/web\/wp-json\/wp\/v2\/types\/page"}],"author":[{"embeddable":true,"href":"https:\/\/www.eaglescollege.cl\/web\/wp-json\/wp\/v2\/users\/2"}],"replies":[{"embeddable":true,"href":"https:\/\/www.eaglescollege.cl\/web\/wp-json\/wp\/v2\/comments?post=16577"}],"version-history":[{"count":16,"href":"https:\/\/www.eaglescollege.cl\/web\/wp-json\/wp\/v2\/pages\/16577\/revisions"}],"predecessor-version":[{"id":18280,"href":"https:\/\/www.eaglescollege.cl\/web\/wp-json\/wp\/v2\/pages\/16577\/revisions\/18280"}],"wp:attachment":[{"href":"https:\/\/www.eaglescollege.cl\/web\/wp-json\/wp\/v2\/media?parent=16577"}],"curies":[{"name":"wp","href":"https:\/\/api.w.org\/{rel}","templated":true}]}}