{"id":16583,"date":"2024-08-26T16:46:38","date_gmt":"2024-08-26T19:46:38","guid":{"rendered":"https:\/\/www.eaglescollege.cl\/web\/?page_id=16583"},"modified":"2024-11-19T11:35:58","modified_gmt":"2024-11-19T14:35:58","slug":"protocolo-de-atrasos","status":"publish","type":"page","link":"https:\/\/www.eaglescollege.cl\/web\/protocolo-de-atrasos\/","title":{"rendered":"Protocolo de atrasos"},"content":{"rendered":"\n<p>En esta secci\u00f3n encontrar\u00e1s informaci\u00f3n relevante sobre el protocolo para atrasos al inicio de jornada en nuestra instituci\u00f3n educativa.<\/p>\n\n\n\n<p>Como sabemos, la puntualidad y la responsabilidad son valores fundamentales en cualquier organizaci\u00f3n, incluyendo las instituciones educativas. Por esta raz\u00f3n, es necesario regular su incumplimiento a trav\u00e9s de un protocolo que garantice una convivencia respetuosa y ordenada dentro del colegio.<\/p>\n\n\n\n<p>El presente protocolo establece las consideraciones previas, las normas, y los procedimientos a seguir en caso de atrasos al inicio de la jornada. Asimismo, se destaca la importancia de cumplir con los valores de la puntualidad y la responsabilidad para garantizar el \u00e9xito acad\u00e9mico y personal de cada estudiante.<\/p>\n\n\n\n<p>En el enlace adjunto podr\u00e1s encontrar el protocolo completo, que incluye informaci\u00f3n sobre las actividades que se realizar\u00e1n en caso de atraso, las consecuencias de los atrasos reiterados, y c\u00f3mo se llevar\u00e1n a cabo las actividades en la biblioteca CRA.<\/p>\n\n\n\n<p>Te invitamos a leer atentamente este protocolo. Juntos podemos garantizar un ambiente de aprendizaje \u00f3ptimo y respetuoso en nuestra instituci\u00f3n educativa.<\/p>\n\n\n\n<hr class=\"wp-block-separator has-alpha-channel-opacity\"\/>\n\n\n\n<div class=\"wp-block-columns is-layout-flex wp-container-core-columns-is-layout-9d6595d7 wp-block-columns-is-layout-flex\">\n<div class=\"wp-block-column is-layout-flow wp-block-column-is-layout-flow\">\n<p class=\"has-text-align-right\">Protocolo de atrasos<\/p>\n<\/div>\n\n\n\n<div class=\"wp-block-column is-layout-flow wp-block-column-is-layout-flow\">\n<div class=\"wp-block-buttons is-layout-flex wp-block-buttons-is-layout-flex\">\n<div class=\"wp-block-button\"><a class=\"wp-block-button__link wp-element-button\" href=\"https:\/\/drive.google.com\/file\/d\/1lW-Yp6-JvM8eeRNbTjeIJhmaajMlVwno\/view?usp=share_link\">Descargar<\/a><\/div>\n<\/div>\n<\/div>\n<\/div>\n","protected":false},"excerpt":{"rendered":"<p>En esta secci\u00f3n encontrar\u00e1s informaci\u00f3n relevante sobre el protocolo para atrasos al inicio de jornada en nuestra instituci\u00f3n educativa. Como&#8230;<\/p>\n","protected":false},"author":2,"featured_media":0,"parent":0,"menu_order":0,"comment_status":"closed","ping_status":"closed","template":"","meta":{"_EventAllDay":false,"_EventTimezone":"","_EventStartDate":"","_EventEndDate":"","_EventStartDateUTC":"","_EventEndDateUTC":"","_EventShowMap":false,"_EventShowMapLink":false,"_EventURL":"","_EventCost":"","_EventCostDescription":"","_EventCurrencySymbol":"","_EventCurrencyCode":"","_EventCurrencyPosition":"","_EventDateTimeSeparator":"","_EventTimeRangeSeparator":"","_EventOrganizerID":[],"_EventVenueID":[],"_OrganizerEmail":"","_OrganizerPhone":"","_OrganizerWebsite":"","_VenueAddress":"","_VenueCity":"","_VenueCountry":"","_VenueProvince":"","_VenueState":"","_VenueZip":"","_VenuePhone":"","_VenueURL":"","_VenueStateProvince":"","_VenueLat":"","_VenueLng":"","_VenueShowMap":false,"_VenueShowMapLink":false,"footnotes":""},"class_list":["post-16583","page","type-page","status-publish","hentry"],"yoast_head":"<!-- This site is optimized with the Yoast SEO plugin v24.0 - https:\/\/yoast.com\/wordpress\/plugins\/seo\/ -->\n<title>Protocolo de atrasos - Eagles&#039; College<\/title>\n<meta name=\"robots\" content=\"index, follow, max-snippet:-1, max-image-preview:large, max-video-preview:-1\" \/>\n<link rel=\"canonical\" href=\"https:\/\/www.eaglescollege.cl\/web\/protocolo-de-atrasos\/\" \/>\n<meta property=\"og:locale\" content=\"es_ES\" \/>\n<meta property=\"og:type\" content=\"article\" \/>\n<meta property=\"og:title\" content=\"Protocolo de atrasos - Eagles&#039; College\" \/>\n<meta property=\"og:description\" content=\"En esta secci\u00f3n encontrar\u00e1s informaci\u00f3n relevante sobre el protocolo para atrasos al inicio de jornada en nuestra instituci\u00f3n educativa. Como...\" \/>\n<meta property=\"og:url\" content=\"https:\/\/www.eaglescollege.cl\/web\/protocolo-de-atrasos\/\" \/>\n<meta property=\"og:site_name\" content=\"Eagles&#039; College\" \/>\n<meta property=\"article:modified_time\" content=\"2024-11-19T14:35:58+00:00\" \/>\n<meta name=\"twitter:card\" content=\"summary_large_image\" \/>\n<meta name=\"twitter:label1\" content=\"Tiempo de lectura\" \/>\n\t<meta name=\"twitter:data1\" content=\"1 minuto\" \/>\n<script type=\"application\/ld+json\" class=\"yoast-schema-graph\">{\"@context\":\"https:\/\/schema.org\",\"@graph\":[{\"@type\":\"WebPage\",\"@id\":\"https:\/\/www.eaglescollege.cl\/web\/protocolo-de-atrasos\/\",\"url\":\"https:\/\/www.eaglescollege.cl\/web\/protocolo-de-atrasos\/\",\"name\":\"Protocolo de atrasos - Eagles&#039; College\",\"isPartOf\":{\"@id\":\"https:\/\/www.eaglescollege.cl\/web\/#website\"},\"datePublished\":\"2024-08-26T19:46:38+00:00\",\"dateModified\":\"2024-11-19T14:35:58+00:00\",\"breadcrumb\":{\"@id\":\"https:\/\/www.eaglescollege.cl\/web\/protocolo-de-atrasos\/#breadcrumb\"},\"inLanguage\":\"es\",\"potentialAction\":[{\"@type\":\"ReadAction\",\"target\":[\"https:\/\/www.eaglescollege.cl\/web\/protocolo-de-atrasos\/\"]}]},{\"@type\":\"BreadcrumbList\",\"@id\":\"https:\/\/www.eaglescollege.cl\/web\/protocolo-de-atrasos\/#breadcrumb\",\"itemListElement\":[{\"@type\":\"ListItem\",\"position\":1,\"name\":\"Home\",\"item\":\"https:\/\/www.eaglescollege.cl\/web\/\"},{\"@type\":\"ListItem\",\"position\":2,\"name\":\"Protocolo de atrasos\"}]},{\"@type\":\"WebSite\",\"@id\":\"https:\/\/www.eaglescollege.cl\/web\/#website\",\"url\":\"https:\/\/www.eaglescollege.cl\/web\/\",\"name\":\"Eagles&#039; College\",\"description\":\"education is life itself\",\"potentialAction\":[{\"@type\":\"SearchAction\",\"target\":{\"@type\":\"EntryPoint\",\"urlTemplate\":\"https:\/\/www.eaglescollege.cl\/web\/?s={search_term_string}\"},\"query-input\":{\"@type\":\"PropertyValueSpecification\",\"valueRequired\":true,\"valueName\":\"search_term_string\"}}],\"inLanguage\":\"es\"}]}<\/script>\n<!-- \/ Yoast SEO plugin. -->","yoast_head_json":{"title":"Protocolo de atrasos - Eagles&#039; College","robots":{"index":"index","follow":"follow","max-snippet":"max-snippet:-1","max-image-preview":"max-image-preview:large","max-video-preview":"max-video-preview:-1"},"canonical":"https:\/\/www.eaglescollege.cl\/web\/protocolo-de-atrasos\/","og_locale":"es_ES","og_type":"article","og_title":"Protocolo de atrasos - Eagles&#039; College","og_description":"En esta secci\u00f3n encontrar\u00e1s informaci\u00f3n relevante sobre el protocolo para atrasos al inicio de jornada en nuestra instituci\u00f3n educativa. Como...","og_url":"https:\/\/www.eaglescollege.cl\/web\/protocolo-de-atrasos\/","og_site_name":"Eagles&#039; College","article_modified_time":"2024-11-19T14:35:58+00:00","twitter_card":"summary_large_image","twitter_misc":{"Tiempo de lectura":"1 minuto"},"schema":{"@context":"https:\/\/schema.org","@graph":[{"@type":"WebPage","@id":"https:\/\/www.eaglescollege.cl\/web\/protocolo-de-atrasos\/","url":"https:\/\/www.eaglescollege.cl\/web\/protocolo-de-atrasos\/","name":"Protocolo de atrasos - Eagles&#039; College","isPartOf":{"@id":"https:\/\/www.eaglescollege.cl\/web\/#website"},"datePublished":"2024-08-26T19:46:38+00:00","dateModified":"2024-11-19T14:35:58+00:00","breadcrumb":{"@id":"https:\/\/www.eaglescollege.cl\/web\/protocolo-de-atrasos\/#breadcrumb"},"inLanguage":"es","potentialAction":[{"@type":"ReadAction","target":["https:\/\/www.eaglescollege.cl\/web\/protocolo-de-atrasos\/"]}]},{"@type":"BreadcrumbList","@id":"https:\/\/www.eaglescollege.cl\/web\/protocolo-de-atrasos\/#breadcrumb","itemListElement":[{"@type":"ListItem","position":1,"name":"Home","item":"https:\/\/www.eaglescollege.cl\/web\/"},{"@type":"ListItem","position":2,"name":"Protocolo de atrasos"}]},{"@type":"WebSite","@id":"https:\/\/www.eaglescollege.cl\/web\/#website","url":"https:\/\/www.eaglescollege.cl\/web\/","name":"Eagles&#039; College","description":"education is life itself","potentialAction":[{"@type":"SearchAction","target":{"@type":"EntryPoint","urlTemplate":"https:\/\/www.eaglescollege.cl\/web\/?s={search_term_string}"},"query-input":{"@type":"PropertyValueSpecification","valueRequired":true,"valueName":"search_term_string"}}],"inLanguage":"es"}]}},"_links":{"self":[{"href":"https:\/\/www.eaglescollege.cl\/web\/wp-json\/wp\/v2\/pages\/16583","targetHints":{"allow":["GET"]}}],"collection":[{"href":"https:\/\/www.eaglescollege.cl\/web\/wp-json\/wp\/v2\/pages"}],"about":[{"href":"https:\/\/www.eaglescollege.cl\/web\/wp-json\/wp\/v2\/types\/page"}],"author":[{"embeddable":true,"href":"https:\/\/www.eaglescollege.cl\/web\/wp-json\/wp\/v2\/users\/2"}],"replies":[{"embeddable":true,"href":"https:\/\/www.eaglescollege.cl\/web\/wp-json\/wp\/v2\/comments?post=16583"}],"version-history":[{"count":2,"href":"https:\/\/www.eaglescollege.cl\/web\/wp-json\/wp\/v2\/pages\/16583\/revisions"}],"predecessor-version":[{"id":16922,"href":"https:\/\/www.eaglescollege.cl\/web\/wp-json\/wp\/v2\/pages\/16583\/revisions\/16922"}],"wp:attachment":[{"href":"https:\/\/www.eaglescollege.cl\/web\/wp-json\/wp\/v2\/media?parent=16583"}],"curies":[{"name":"wp","href":"https:\/\/api.w.org\/{rel}","templated":true}]}}