{"id":16598,"date":"2024-08-26T16:55:31","date_gmt":"2024-08-26T19:55:31","guid":{"rendered":"https:\/\/www.eaglescollege.cl\/web\/?page_id=16598"},"modified":"2025-07-02T11:35:32","modified_gmt":"2025-07-02T14:35:32","slug":"reglamento-de-evaluacion","status":"publish","type":"page","link":"https:\/\/www.eaglescollege.cl\/web\/reglamento-de-evaluacion\/","title":{"rendered":"Reglamento de evaluaci\u00f3n"},"content":{"rendered":"\n<p>La concepci\u00f3n de evaluaci\u00f3n en nuestro colegio se vive en forma distinta que en la mayor\u00eda de los establecimientos educacionales tradicionales de nuestro pa\u00eds.<\/p>\n\n\n\n<p>Las evaluaciones pueden y deben tomar distintas formas, de acuerdo a lo que nuestro reglamento de evaluaci\u00f3n dictamina.<br>Pero antes quisi\u00e9ramos compartir el siguiente pensamiento con Uds. de lo que las evaluaciones deben significar:<\/p>\n\n\n\n<figure class=\"wp-block-table\"><table><tbody><tr><td>Para los padres, la evaluaci\u00f3n debe significar&#8230;<\/td><td>Un indicador que puede ser considerado \u00fatil para estimular lo que su hijo (a) sabe hacer y apoyarlo para que logre lo que es incapaz de realizar todav\u00eda.<br><br>Una informaci\u00f3n valiosa para saber en qu\u00e9 \u00e1reas su hijo(a) necesita ayuda especial o reforzamiento.<br><br>Un indicador de posibilidades y limitaciones.<br><br>Un medio de informaci\u00f3n respecto del aut\u00e9ntico rendimiento.<\/td><\/tr><tr><td>Para los padres <strong>NO<\/strong> debe significar&#8230;<\/td><td>Un motivo de disgusto al no satisfacer sus expectativas frente a la propia valoraci\u00f3n personal de su hijo(a)<br><br>Una fuente de conflictos.<br><br>Un fin en s\u00ed misma: estudiar por una calificaci\u00f3n.<br><br>Un medio para fomentar la competenciaUn est\u00edmulo de presunci\u00f3n intelectual.<\/td><\/tr><\/tbody><\/table><figcaption class=\"wp-element-caption\">Adaptado de documento P. Lafourcade curso Actualizaci\u00f3n Pr\u00e1cticas Pedag\u00f3gicas de CPEIP entregado por Direcci\u00f3n Provincial de Iquique.<\/figcaption><\/figure>\n\n\n\n<p>Para Eagles\u2019 College, la evaluaci\u00f3n es considerada como un proceso, por lo tanto debe aplicarse antes, durante y despu\u00e9s (diagn\u00f3stica, formativa y sumativa-acumulativa). Vale decir en forma permanente, sistem\u00e1tica y oportuna. No se necesita realizar eventos especiales para evaluar el estado de avance de los ni\u00f1os.<br>Se da igual importancia y atenci\u00f3n al esfuerzo realizado, los procedimientos y estrategias utilizadas por los alumnos, as\u00ed como a los resultados obtenidos por los mismos.<\/p>\n\n\n\n<p>Permitirle a los alumnos equivocarse y cometer errores ofrece al profesor la oportunidad para identificar situaciones dif\u00edciles que los alumnos est\u00e9n viviendo en el proceso y por lo tanto, poder retro alimentar contenidos, actividades y\/o reacomodar estrategias si fuese necesario.<\/p>\n\n\n\n<p>A los alumnos les permite tener la oportunidad de darse cuenta o descubrir en qu\u00e9 consiste el error y poder corregirlo, pudiendo sentirse satisfecho de sus logros adem\u00e1s de ayudarlo a analizar sus estrategias cognitivas (\u00abandamiaje\u00bb-Vigotsky) a cerca del proceso o pasos utilizados en el desarrollo de su quehacer.<\/p>\n\n\n\n<p>El proceso de evaluaci\u00f3n debe permitir dar a conocer el estado de avance de los ni\u00f1os en relaci\u00f3n con los objetivos trazados y hacer los ajustes o tomar medidas de apoyo para los alumnos o readecuar las estrategias, ya que la meta es que todos los alumnos aprendan.<\/p>\n\n\n\n<p>El proceso de evaluaci\u00f3n, del mismo modo, debe entregarle a los alumnos la informaci\u00f3n de qu\u00e9 se espera de ellos adem\u00e1s de ayudarlos a estructurar estrategias del c\u00f3mo lo pueden hacer en la realizaci\u00f3n de sus trabajos; de tal manera los guiamos en el tr\u00e1nsito al logro de sus metas. Al mismo tiempo, les estamos entregando&nbsp;<strong>herramientas de independencia<\/strong>&nbsp;para que ellos regulen su quehacer en t\u00e9rminos de su mayor participaci\u00f3n en el proceso.<\/p>\n\n\n\n<p>Como instituci\u00f3n educativa, nuestro objetivo principal es brindar una educaci\u00f3n de calidad y formar a nuestros estudiantes para que sean ciudadanos responsables y comprometidos con la sociedad. Para lograr este objetivo, es importante contar con un reglamento interno de evaluaci\u00f3n que garantice la objetividad y la transparencia en el proceso de evaluaci\u00f3n de nuestros estudiantes.<\/p>\n\n\n\n<p>Es por eso que en el Eagles\u2019 College nos regimos por el decreto 67 del Ministerio de Educaci\u00f3n del 2018, el cual establece los lineamientos para la evaluaci\u00f3n del aprendizaje en los establecimientos educativos. Nuestro reglamento interno de evaluaci\u00f3n se basa en este decreto y tiene como objetivo principal promover la equidad, la objetividad y la calidad en el proceso de evaluaci\u00f3n.<\/p>\n\n\n\n<p>En esta p\u00e1gina web podr\u00e1s encontrar toda la informaci\u00f3n necesaria sobre nuestro reglamento interno de evaluaci\u00f3n, incluyendo los criterios de evaluaci\u00f3n, los instrumentos de evaluaci\u00f3n utilizados, los plazos para la entrega de trabajos y calificaciones, entre otros aspectos relevantes. Si tienes alguna duda o consulta, no dudes en contactarnos.<\/p>\n\n\n\n<hr class=\"wp-block-separator has-alpha-channel-opacity\"\/>\n\n\n\n<div class=\"wp-block-columns is-layout-flex wp-container-core-columns-is-layout-9d6595d7 wp-block-columns-is-layout-flex\">\n<div class=\"wp-block-column is-layout-flow wp-block-column-is-layout-flow\">\n<p class=\"has-text-align-right\">Reglamento interno de evaluaci\u00f3n y promoci\u00f3n 2025<\/p>\n<\/div>\n\n\n\n<div class=\"wp-block-column is-layout-flow wp-block-column-is-layout-flow\">\n<div class=\"wp-block-buttons is-layout-flex wp-block-buttons-is-layout-flex\">\n<div class=\"wp-block-button\"><a class=\"wp-block-button__link wp-element-button\" href=\"https:\/\/www.eaglescollege.cl\/web\/wp-content\/uploads\/2025\/07\/REGLAMENTO-INTERNO-EVALUACION-EAGLES-COLLEGE-2025-3.pdf\" target=\"_blank\" rel=\"noreferrer noopener\">Descargar<\/a><\/div>\n<\/div>\n<\/div>\n<\/div>\n\n\n\n<p><\/p>\n","protected":false},"excerpt":{"rendered":"<p>La concepci\u00f3n de evaluaci\u00f3n en nuestro colegio se vive en forma distinta que en la mayor\u00eda de los establecimientos educacionales&#8230;<\/p>\n","protected":false},"author":2,"featured_media":0,"parent":0,"menu_order":0,"comment_status":"closed","ping_status":"closed","template":"","meta":{"_EventAllDay":false,"_EventTimezone":"","_EventStartDate":"","_EventEndDate":"","_EventStartDateUTC":"","_EventEndDateUTC":"","_EventShowMap":false,"_EventShowMapLink":false,"_EventURL":"","_EventCost":"","_EventCostDescription":"","_EventCurrencySymbol":"","_EventCurrencyCode":"","_EventCurrencyPosition":"","_EventDateTimeSeparator":"","_EventTimeRangeSeparator":"","_EventOrganizerID":[],"_EventVenueID":[],"_OrganizerEmail":"","_OrganizerPhone":"","_OrganizerWebsite":"","_VenueAddress":"","_VenueCity":"","_VenueCountry":"","_VenueProvince":"","_VenueState":"","_VenueZip":"","_VenuePhone":"","_VenueURL":"","_VenueStateProvince":"","_VenueLat":"","_VenueLng":"","_VenueShowMap":false,"_VenueShowMapLink":false,"footnotes":""},"class_list":["post-16598","page","type-page","status-publish","hentry"],"yoast_head":"<!-- This site is optimized with the Yoast SEO plugin v24.0 - https:\/\/yoast.com\/wordpress\/plugins\/seo\/ -->\n<title>Reglamento de evaluaci\u00f3n - Eagles&#039; College<\/title>\n<meta name=\"robots\" content=\"index, follow, max-snippet:-1, max-image-preview:large, max-video-preview:-1\" \/>\n<link rel=\"canonical\" href=\"https:\/\/www.eaglescollege.cl\/web\/reglamento-de-evaluacion\/\" \/>\n<meta property=\"og:locale\" content=\"es_ES\" \/>\n<meta property=\"og:type\" content=\"article\" \/>\n<meta property=\"og:title\" content=\"Reglamento de evaluaci\u00f3n - Eagles&#039; College\" \/>\n<meta property=\"og:description\" content=\"La concepci\u00f3n de evaluaci\u00f3n en nuestro colegio se vive en forma distinta que en la mayor\u00eda de los establecimientos educacionales...\" \/>\n<meta property=\"og:url\" content=\"https:\/\/www.eaglescollege.cl\/web\/reglamento-de-evaluacion\/\" \/>\n<meta property=\"og:site_name\" content=\"Eagles&#039; College\" \/>\n<meta property=\"article:modified_time\" content=\"2025-07-02T14:35:32+00:00\" \/>\n<meta name=\"twitter:card\" content=\"summary_large_image\" \/>\n<meta name=\"twitter:label1\" content=\"Tiempo de lectura\" \/>\n\t<meta name=\"twitter:data1\" content=\"3 minutos\" \/>\n<script type=\"application\/ld+json\" class=\"yoast-schema-graph\">{\"@context\":\"https:\/\/schema.org\",\"@graph\":[{\"@type\":\"WebPage\",\"@id\":\"https:\/\/www.eaglescollege.cl\/web\/reglamento-de-evaluacion\/\",\"url\":\"https:\/\/www.eaglescollege.cl\/web\/reglamento-de-evaluacion\/\",\"name\":\"Reglamento de evaluaci\u00f3n - Eagles&#039; College\",\"isPartOf\":{\"@id\":\"https:\/\/www.eaglescollege.cl\/web\/#website\"},\"datePublished\":\"2024-08-26T19:55:31+00:00\",\"dateModified\":\"2025-07-02T14:35:32+00:00\",\"breadcrumb\":{\"@id\":\"https:\/\/www.eaglescollege.cl\/web\/reglamento-de-evaluacion\/#breadcrumb\"},\"inLanguage\":\"es\",\"potentialAction\":[{\"@type\":\"ReadAction\",\"target\":[\"https:\/\/www.eaglescollege.cl\/web\/reglamento-de-evaluacion\/\"]}]},{\"@type\":\"BreadcrumbList\",\"@id\":\"https:\/\/www.eaglescollege.cl\/web\/reglamento-de-evaluacion\/#breadcrumb\",\"itemListElement\":[{\"@type\":\"ListItem\",\"position\":1,\"name\":\"Home\",\"item\":\"https:\/\/www.eaglescollege.cl\/web\/\"},{\"@type\":\"ListItem\",\"position\":2,\"name\":\"Reglamento de evaluaci\u00f3n\"}]},{\"@type\":\"WebSite\",\"@id\":\"https:\/\/www.eaglescollege.cl\/web\/#website\",\"url\":\"https:\/\/www.eaglescollege.cl\/web\/\",\"name\":\"Eagles&#039; College\",\"description\":\"education is life itself\",\"potentialAction\":[{\"@type\":\"SearchAction\",\"target\":{\"@type\":\"EntryPoint\",\"urlTemplate\":\"https:\/\/www.eaglescollege.cl\/web\/?s={search_term_string}\"},\"query-input\":{\"@type\":\"PropertyValueSpecification\",\"valueRequired\":true,\"valueName\":\"search_term_string\"}}],\"inLanguage\":\"es\"}]}<\/script>\n<!-- \/ Yoast SEO plugin. -->","yoast_head_json":{"title":"Reglamento de evaluaci\u00f3n - Eagles&#039; College","robots":{"index":"index","follow":"follow","max-snippet":"max-snippet:-1","max-image-preview":"max-image-preview:large","max-video-preview":"max-video-preview:-1"},"canonical":"https:\/\/www.eaglescollege.cl\/web\/reglamento-de-evaluacion\/","og_locale":"es_ES","og_type":"article","og_title":"Reglamento de evaluaci\u00f3n - Eagles&#039; College","og_description":"La concepci\u00f3n de evaluaci\u00f3n en nuestro colegio se vive en forma distinta que en la mayor\u00eda de los establecimientos educacionales...","og_url":"https:\/\/www.eaglescollege.cl\/web\/reglamento-de-evaluacion\/","og_site_name":"Eagles&#039; College","article_modified_time":"2025-07-02T14:35:32+00:00","twitter_card":"summary_large_image","twitter_misc":{"Tiempo de lectura":"3 minutos"},"schema":{"@context":"https:\/\/schema.org","@graph":[{"@type":"WebPage","@id":"https:\/\/www.eaglescollege.cl\/web\/reglamento-de-evaluacion\/","url":"https:\/\/www.eaglescollege.cl\/web\/reglamento-de-evaluacion\/","name":"Reglamento de evaluaci\u00f3n - Eagles&#039; College","isPartOf":{"@id":"https:\/\/www.eaglescollege.cl\/web\/#website"},"datePublished":"2024-08-26T19:55:31+00:00","dateModified":"2025-07-02T14:35:32+00:00","breadcrumb":{"@id":"https:\/\/www.eaglescollege.cl\/web\/reglamento-de-evaluacion\/#breadcrumb"},"inLanguage":"es","potentialAction":[{"@type":"ReadAction","target":["https:\/\/www.eaglescollege.cl\/web\/reglamento-de-evaluacion\/"]}]},{"@type":"BreadcrumbList","@id":"https:\/\/www.eaglescollege.cl\/web\/reglamento-de-evaluacion\/#breadcrumb","itemListElement":[{"@type":"ListItem","position":1,"name":"Home","item":"https:\/\/www.eaglescollege.cl\/web\/"},{"@type":"ListItem","position":2,"name":"Reglamento de evaluaci\u00f3n"}]},{"@type":"WebSite","@id":"https:\/\/www.eaglescollege.cl\/web\/#website","url":"https:\/\/www.eaglescollege.cl\/web\/","name":"Eagles&#039; College","description":"education is life itself","potentialAction":[{"@type":"SearchAction","target":{"@type":"EntryPoint","urlTemplate":"https:\/\/www.eaglescollege.cl\/web\/?s={search_term_string}"},"query-input":{"@type":"PropertyValueSpecification","valueRequired":true,"valueName":"search_term_string"}}],"inLanguage":"es"}]}},"_links":{"self":[{"href":"https:\/\/www.eaglescollege.cl\/web\/wp-json\/wp\/v2\/pages\/16598","targetHints":{"allow":["GET"]}}],"collection":[{"href":"https:\/\/www.eaglescollege.cl\/web\/wp-json\/wp\/v2\/pages"}],"about":[{"href":"https:\/\/www.eaglescollege.cl\/web\/wp-json\/wp\/v2\/types\/page"}],"author":[{"embeddable":true,"href":"https:\/\/www.eaglescollege.cl\/web\/wp-json\/wp\/v2\/users\/2"}],"replies":[{"embeddable":true,"href":"https:\/\/www.eaglescollege.cl\/web\/wp-json\/wp\/v2\/comments?post=16598"}],"version-history":[{"count":7,"href":"https:\/\/www.eaglescollege.cl\/web\/wp-json\/wp\/v2\/pages\/16598\/revisions"}],"predecessor-version":[{"id":18094,"href":"https:\/\/www.eaglescollege.cl\/web\/wp-json\/wp\/v2\/pages\/16598\/revisions\/18094"}],"wp:attachment":[{"href":"https:\/\/www.eaglescollege.cl\/web\/wp-json\/wp\/v2\/media?parent=16598"}],"curies":[{"name":"wp","href":"https:\/\/api.w.org\/{rel}","templated":true}]}}