{"id":16610,"date":"2024-08-27T12:59:06","date_gmt":"2024-08-27T15:59:06","guid":{"rendered":"https:\/\/www.eaglescollege.cl\/web\/?page_id=16610"},"modified":"2024-11-14T08:53:47","modified_gmt":"2024-11-14T11:53:47","slug":"proyecto-educativo-2","status":"publish","type":"page","link":"https:\/\/www.eaglescollege.cl\/web\/proyecto-educativo-2\/","title":{"rendered":"Proyecto Educativo"},"content":{"rendered":"<div id=\"cmsmasters_row_1wpvxkbh7\" class=\"cmsmasters_row cmsmasters_color_scheme_default cmsmasters_row_top_default cmsmasters_row_bot_default cmsmasters_row_boxed\">\n<div class=\"cmsmasters_row_outer_parent\">\n<div class=\"cmsmasters_row_outer\">\n<div class=\"cmsmasters_row_inner\">\n<div class=\"cmsmasters_row_margin\">\n<div id=\"cmsmasters_column_hfahu9xs1\" class=\"cmsmasters_column one_first\">\n<div class=\"cmsmasters_column_inner\"><div class=\"custom_html\">\n<p><head><\/p>\n<style>\n        .justificado {\n            text-align: justify;\n        }\n        .alineacion{\n\ttext-align: center;\n        }\n    <\/style>\n<p><\/head><br \/>\n<body><\/p>\n<div class=\"justificado\">\n<p>\nCada ni\u00f1o y ni\u00f1a tiene un mundo por descubrir por lo tanto procuramos que la seguridad f\u00edsica, seguridad afectiva y la confianza sea afianzada a trav\u00e9s de ausencia de situaciones competitivas y con refuerzos y juicios de valor positivo, por lo tanto procuramos que el clima afectivo sea adecuado, motivador y seguro para nuestros alumnos.<\/p>\n<p>Los Programas son apoyados por una variedad de recursos materiales que refuerzan los aspectos importantes para el desarrollo equilibrado de un ni\u00f1o o ni\u00f1a, teniendo a su disposici\u00f3n did\u00e1cticos que apuntan al desarrollo del pensamiento l\u00f3gico-matem\u00e1tico, al desarrollo de destrezas motoras finas, una mini biblioteca con literatura Ingl\u00e9s y espa\u00f1ol, sistemas audiovisual entre otros.<\/p>\n<p><strong>PRESCHOOL (Ed. Parvularia)<\/strong><\/p>\n<p>Hacemos part\u00edcipe a nuestra comunidad en el desarrollo de nuestros planes y programas por lo tanto participamos de Salidas Pedag\u00f3gicas, las cuales son orientadas para que nuestros ni\u00f1os y ni\u00f1as vivan experiencias educativas significativas las cuales apoyan consistentemente los contenidos planteados para cada nivel.<\/p>\n<p>Se ha incluido en el Programa Educativo clases de Educaci\u00f3n F\u00edsica, para todos los niveles donde se favorece el crecimiento arm\u00f3nico corporal y para los niveles Kinder y Pre-Kinder clases de folclore el cual cuenta con un una estructura donde los ni\u00f1os y ni\u00f1as pueden conocer Chile por su cultura, vestimentas, \u00e9tnias, geograf\u00edas, alimentaci\u00f3n, flora, fauna, m\u00fasica y danzas.<\/p>\n<p class = \"alineacion\"><strong>Nuestros Programas est\u00e1n basados para trabajar los \u00c1mbitos Personal y Social con sus N\u00facleos en Autonom\u00eda, Identidad y convivencia.<\/strong><\/p>\n<p>La formaci\u00f3n personal y social es un proceso permanente y continuo en la vida de las personas que involucra diversas dimensiones interdependientes. Es comprender aspectos tan importantes como el desarrollo y valoraci\u00f3n del s\u00ed mismo, la autonom\u00eda, la identidad, la convivencia con otros, la pertenencia a una comunidad y a una cultura, y la formaci\u00f3n val\u00f3rica. La formaci\u00f3n personal y social de todo ser humano se construye sobre la seguridad y confianza b\u00e1sicas que comienzan a consolidarse desde el nacimiento, y que dependen en gran medida del tipo y calidad de los v\u00ednculos afectivos que se establecen con los padres, la familia y otros adultos que son significativos. Las personas crecen y se desarrollan junto a otras personas. (BCEP, Ministerio de Educaci\u00f3n).<\/p>\n<p>El \u00c1mbito de la Comunicaci\u00f3n comprende los N\u00facleos del Lenguaje Verbal y Lenguajes Art\u00edsticos.<\/p>\n<p>La comunicaci\u00f3n constituye el proceso central mediante el cual ni\u00f1os y ni\u00f1as desde los primeros a\u00f1os de vida intercambian y construyen significados con los otros. La interacci\u00f3n con el medio, a trav\u00e9s de los diferentes instrumentos de comunicaci\u00f3n, permite exteriorizar las vivencias emocionales, acceder a los contenidos culturales, producir mensajes cada vez m\u00e1s elaborados y ampliar progresivamente la comprensi\u00f3n de la realidad. La comunicaci\u00f3n en sus diversas manifestaciones involucra la capacidad de producir, recibir e interpretar mensajes, adquiriendo especial significado en el proceso de aprendizaje de los primeros a\u00f1os, ya que potencia las relaciones que los ni\u00f1os establecen consigo mismo, con las personas y con los distintos ambientes en los que participan. (BCEP, Ministerio de Educaci\u00f3n).<\/p>\n<p>Y el tercer \u00c1mbito es Relaci\u00f3n con el medio Natural y Cultural, donde se plantea tres N\u00facleos que abordan un amplio y complejo campo de conocimientos: Seres vivos y su entorno; Grupos humanos, sus formas de vida y acontecimientos relevantes y; Relaciones l\u00f3gico-matem\u00e1ticas y cuantificaci\u00f3n.<\/p>\n<p>La relaci\u00f3n que el ni\u00f1o establece con el medio natural y cultural, que se caracteriza por ser activa, permanente y de rec\u00edproca influencia, constituye una fuente permanente de aprendizaje. El medio es un todo integrado, en el que los elementos naturales y culturales se relacionan y se influyen mutuamente, configurando un sistema din\u00e1mico de interacciones en permanente cambio. Es importante que la ni\u00f1a y el ni\u00f1o, adem\u00e1s de identificar los distintos elementos que lo conforman, progresivamente vayan descubriendo y comprendiendo las relaciones entre los distintos objetos, fen\u00f3menos y hechos, para explicarse y actuar creativamente distinguiendo el medio natural y cultural. (BCEP, Ministerio de Educaci\u00f3n).\n       <\/p>\n<\/p><\/div>\n<\/div>\n<\/div><\/div>\n<\/div>\n<\/div>\n<\/div>\n<\/div>\n<\/div>\n\n","protected":false},"excerpt":{"rendered":"","protected":false},"author":2,"featured_media":0,"parent":0,"menu_order":0,"comment_status":"closed","ping_status":"closed","template":"","meta":{"_EventAllDay":false,"_EventTimezone":"","_EventStartDate":"","_EventEndDate":"","_EventStartDateUTC":"","_EventEndDateUTC":"","_EventShowMap":false,"_EventShowMapLink":false,"_EventURL":"","_EventCost":"","_EventCostDescription":"","_EventCurrencySymbol":"","_EventCurrencyCode":"","_EventCurrencyPosition":"","_EventDateTimeSeparator":"","_EventTimeRangeSeparator":"","_EventOrganizerID":[],"_EventVenueID":[],"_OrganizerEmail":"","_OrganizerPhone":"","_OrganizerWebsite":"","_VenueAddress":"","_VenueCity":"","_VenueCountry":"","_VenueProvince":"","_VenueState":"","_VenueZip":"","_VenuePhone":"","_VenueURL":"","_VenueStateProvince":"","_VenueLat":"","_VenueLng":"","_VenueShowMap":false,"_VenueShowMapLink":false,"footnotes":""},"class_list":["post-16610","page","type-page","status-publish","hentry"],"yoast_head":"<!-- This site is optimized with the Yoast SEO plugin v24.0 - https:\/\/yoast.com\/wordpress\/plugins\/seo\/ -->\n<title>Proyecto Educativo - Eagles&#039; College<\/title>\n<meta name=\"robots\" content=\"index, follow, max-snippet:-1, max-image-preview:large, max-video-preview:-1\" \/>\n<link rel=\"canonical\" href=\"https:\/\/www.eaglescollege.cl\/web\/proyecto-educativo-2\/\" \/>\n<meta property=\"og:locale\" content=\"es_ES\" \/>\n<meta property=\"og:type\" content=\"article\" \/>\n<meta property=\"og:title\" content=\"Proyecto Educativo - Eagles&#039; College\" \/>\n<meta property=\"og:url\" content=\"https:\/\/www.eaglescollege.cl\/web\/proyecto-educativo-2\/\" \/>\n<meta property=\"og:site_name\" content=\"Eagles&#039; College\" \/>\n<meta property=\"article:modified_time\" content=\"2024-11-14T11:53:47+00:00\" \/>\n<meta name=\"twitter:card\" content=\"summary_large_image\" \/>\n<meta name=\"twitter:label1\" content=\"Tiempo de lectura\" \/>\n\t<meta name=\"twitter:data1\" content=\"1 minuto\" \/>\n<script type=\"application\/ld+json\" class=\"yoast-schema-graph\">{\"@context\":\"https:\/\/schema.org\",\"@graph\":[{\"@type\":\"WebPage\",\"@id\":\"https:\/\/www.eaglescollege.cl\/web\/proyecto-educativo-2\/\",\"url\":\"https:\/\/www.eaglescollege.cl\/web\/proyecto-educativo-2\/\",\"name\":\"Proyecto Educativo - Eagles&#039; College\",\"isPartOf\":{\"@id\":\"https:\/\/www.eaglescollege.cl\/web\/#website\"},\"datePublished\":\"2024-08-27T15:59:06+00:00\",\"dateModified\":\"2024-11-14T11:53:47+00:00\",\"breadcrumb\":{\"@id\":\"https:\/\/www.eaglescollege.cl\/web\/proyecto-educativo-2\/#breadcrumb\"},\"inLanguage\":\"es\",\"potentialAction\":[{\"@type\":\"ReadAction\",\"target\":[\"https:\/\/www.eaglescollege.cl\/web\/proyecto-educativo-2\/\"]}]},{\"@type\":\"BreadcrumbList\",\"@id\":\"https:\/\/www.eaglescollege.cl\/web\/proyecto-educativo-2\/#breadcrumb\",\"itemListElement\":[{\"@type\":\"ListItem\",\"position\":1,\"name\":\"Home\",\"item\":\"https:\/\/www.eaglescollege.cl\/web\/\"},{\"@type\":\"ListItem\",\"position\":2,\"name\":\"Proyecto Educativo\"}]},{\"@type\":\"WebSite\",\"@id\":\"https:\/\/www.eaglescollege.cl\/web\/#website\",\"url\":\"https:\/\/www.eaglescollege.cl\/web\/\",\"name\":\"Eagles&#039; College\",\"description\":\"education is life itself\",\"potentialAction\":[{\"@type\":\"SearchAction\",\"target\":{\"@type\":\"EntryPoint\",\"urlTemplate\":\"https:\/\/www.eaglescollege.cl\/web\/?s={search_term_string}\"},\"query-input\":{\"@type\":\"PropertyValueSpecification\",\"valueRequired\":true,\"valueName\":\"search_term_string\"}}],\"inLanguage\":\"es\"}]}<\/script>\n<!-- \/ Yoast SEO plugin. -->","yoast_head_json":{"title":"Proyecto Educativo - Eagles&#039; College","robots":{"index":"index","follow":"follow","max-snippet":"max-snippet:-1","max-image-preview":"max-image-preview:large","max-video-preview":"max-video-preview:-1"},"canonical":"https:\/\/www.eaglescollege.cl\/web\/proyecto-educativo-2\/","og_locale":"es_ES","og_type":"article","og_title":"Proyecto Educativo - Eagles&#039; College","og_url":"https:\/\/www.eaglescollege.cl\/web\/proyecto-educativo-2\/","og_site_name":"Eagles&#039; College","article_modified_time":"2024-11-14T11:53:47+00:00","twitter_card":"summary_large_image","twitter_misc":{"Tiempo de lectura":"1 minuto"},"schema":{"@context":"https:\/\/schema.org","@graph":[{"@type":"WebPage","@id":"https:\/\/www.eaglescollege.cl\/web\/proyecto-educativo-2\/","url":"https:\/\/www.eaglescollege.cl\/web\/proyecto-educativo-2\/","name":"Proyecto Educativo - Eagles&#039; College","isPartOf":{"@id":"https:\/\/www.eaglescollege.cl\/web\/#website"},"datePublished":"2024-08-27T15:59:06+00:00","dateModified":"2024-11-14T11:53:47+00:00","breadcrumb":{"@id":"https:\/\/www.eaglescollege.cl\/web\/proyecto-educativo-2\/#breadcrumb"},"inLanguage":"es","potentialAction":[{"@type":"ReadAction","target":["https:\/\/www.eaglescollege.cl\/web\/proyecto-educativo-2\/"]}]},{"@type":"BreadcrumbList","@id":"https:\/\/www.eaglescollege.cl\/web\/proyecto-educativo-2\/#breadcrumb","itemListElement":[{"@type":"ListItem","position":1,"name":"Home","item":"https:\/\/www.eaglescollege.cl\/web\/"},{"@type":"ListItem","position":2,"name":"Proyecto Educativo"}]},{"@type":"WebSite","@id":"https:\/\/www.eaglescollege.cl\/web\/#website","url":"https:\/\/www.eaglescollege.cl\/web\/","name":"Eagles&#039; College","description":"education is life itself","potentialAction":[{"@type":"SearchAction","target":{"@type":"EntryPoint","urlTemplate":"https:\/\/www.eaglescollege.cl\/web\/?s={search_term_string}"},"query-input":{"@type":"PropertyValueSpecification","valueRequired":true,"valueName":"search_term_string"}}],"inLanguage":"es"}]}},"_links":{"self":[{"href":"https:\/\/www.eaglescollege.cl\/web\/wp-json\/wp\/v2\/pages\/16610","targetHints":{"allow":["GET"]}}],"collection":[{"href":"https:\/\/www.eaglescollege.cl\/web\/wp-json\/wp\/v2\/pages"}],"about":[{"href":"https:\/\/www.eaglescollege.cl\/web\/wp-json\/wp\/v2\/types\/page"}],"author":[{"embeddable":true,"href":"https:\/\/www.eaglescollege.cl\/web\/wp-json\/wp\/v2\/users\/2"}],"replies":[{"embeddable":true,"href":"https:\/\/www.eaglescollege.cl\/web\/wp-json\/wp\/v2\/comments?post=16610"}],"version-history":[{"count":11,"href":"https:\/\/www.eaglescollege.cl\/web\/wp-json\/wp\/v2\/pages\/16610\/revisions"}],"predecessor-version":[{"id":17521,"href":"https:\/\/www.eaglescollege.cl\/web\/wp-json\/wp\/v2\/pages\/16610\/revisions\/17521"}],"wp:attachment":[{"href":"https:\/\/www.eaglescollege.cl\/web\/wp-json\/wp\/v2\/media?parent=16610"}],"curies":[{"name":"wp","href":"https:\/\/api.w.org\/{rel}","templated":true}]}}