{"id":16750,"date":"2024-08-29T10:49:45","date_gmt":"2024-08-29T13:49:45","guid":{"rendered":"https:\/\/www.eaglescollege.cl\/web\/?page_id=16750"},"modified":"2024-12-11T13:42:27","modified_gmt":"2024-12-11T16:42:27","slug":"valor-del-mes-cortesia-y-buenos-modales","status":"publish","type":"page","link":"https:\/\/www.eaglescollege.cl\/web\/valor-del-mes-cortesia-y-buenos-modales\/","title":{"rendered":"Valor del mes: cortes\u00eda y buenos modales"},"content":{"rendered":"\n<p>En nuestro colegio, celebramos la cortes\u00eda y los buenos modales porque son fundamentales para crear un ambiente de respeto y armon\u00eda. Estos valores no solo ayudan a los ni\u00f1os a relacionarse de manera positiva con sus compa\u00f1eros y profesores, sino que tambi\u00e9n los preparan para la vida fuera de la escuela.<\/p>\n\n\n\n<p>La cortes\u00eda implica ser amable y considerado con los dem\u00e1s. Un simple \u201cpor favor\u201d o \u201cgracias\u201d puede hacer una gran diferencia en c\u00f3mo se siente alguien. Ense\u00f1ar a los ni\u00f1os a ser corteses les ayuda a desarrollar empat\u00eda, es decir, a ponerse en el lugar del otro y entender sus sentimientos. Esto es esencial para que puedan construir relaciones basadas en el respeto mutuo y la comprensi\u00f3n. Adem\u00e1s, los buenos modales son una forma de demostrar respeto hacia los dem\u00e1s. Decir \u201cbuenos d\u00edas\u201d, esperar su turno para hablar, y escuchar atentamente cuando alguien m\u00e1s est\u00e1 hablando son ejemplos de c\u00f3mo los buenos modales se ponen en pr\u00e1ctica diariamente. Estas acciones muestran que valoramos a las personas que nos rodean y que estamos dispuestos a tratarlas con dignidad.<\/p>\n\n\n\n<p>La cortes\u00eda y los buenos modales tambi\u00e9n tienen un impacto positivo en el entorno de aprendizaje. Cuando los ni\u00f1os son respetuosos y amables, el aula se convierte en un lugar donde todos se sienten seguros y valorados. Esto fomenta una mejor colaboraci\u00f3n y participaci\u00f3n, lo cual es crucial para el aprendizaje efectivo.<\/p>\n\n\n\n<p>Por \u00faltimo, al educar a nuestros ni\u00f1os en estos valores, los estamos preparando para ser ciudadanos responsables y considerados en el futuro. En un mundo donde la empat\u00eda y el respeto son m\u00e1s importantes que nunca, ense\u00f1ar cortes\u00eda y buenos modales es una inversi\u00f3n en una sociedad m\u00e1s justa y compasiva. Fomentemos juntos estos valores en nuestros ni\u00f1os para construir un mejor ma\u00f1ana.<\/p>\n","protected":false},"excerpt":{"rendered":"<p>En nuestro colegio, celebramos la cortes\u00eda y los buenos modales porque son fundamentales para crear un ambiente de respeto y&#8230;<\/p>\n","protected":false},"author":2,"featured_media":0,"parent":0,"menu_order":0,"comment_status":"closed","ping_status":"closed","template":"","meta":{"_EventAllDay":false,"_EventTimezone":"","_EventStartDate":"","_EventEndDate":"","_EventStartDateUTC":"","_EventEndDateUTC":"","_EventShowMap":false,"_EventShowMapLink":false,"_EventURL":"","_EventCost":"","_EventCostDescription":"","_EventCurrencySymbol":"","_EventCurrencyCode":"","_EventCurrencyPosition":"","_EventDateTimeSeparator":"","_EventTimeRangeSeparator":"","_EventOrganizerID":[],"_EventVenueID":[],"_OrganizerEmail":"","_OrganizerPhone":"","_OrganizerWebsite":"","_VenueAddress":"","_VenueCity":"","_VenueCountry":"","_VenueProvince":"","_VenueState":"","_VenueZip":"","_VenuePhone":"","_VenueURL":"","_VenueStateProvince":"","_VenueLat":"","_VenueLng":"","_VenueShowMap":false,"_VenueShowMapLink":false,"footnotes":""},"class_list":["post-16750","page","type-page","status-publish","hentry"],"yoast_head":"<!-- This site is optimized with the Yoast SEO plugin v24.0 - https:\/\/yoast.com\/wordpress\/plugins\/seo\/ -->\n<title>Valor del mes: cortes\u00eda y buenos modales - Eagles&#039; College<\/title>\n<meta name=\"robots\" content=\"index, follow, max-snippet:-1, max-image-preview:large, max-video-preview:-1\" \/>\n<link rel=\"canonical\" href=\"https:\/\/www.eaglescollege.cl\/web\/valor-del-mes-cortesia-y-buenos-modales\/\" \/>\n<meta property=\"og:locale\" content=\"es_ES\" \/>\n<meta property=\"og:type\" content=\"article\" \/>\n<meta property=\"og:title\" content=\"Valor del mes: cortes\u00eda y buenos modales - Eagles&#039; College\" \/>\n<meta property=\"og:description\" content=\"En nuestro colegio, celebramos la cortes\u00eda y los buenos modales porque son fundamentales para crear un ambiente de respeto y...\" \/>\n<meta property=\"og:url\" content=\"https:\/\/www.eaglescollege.cl\/web\/valor-del-mes-cortesia-y-buenos-modales\/\" \/>\n<meta property=\"og:site_name\" content=\"Eagles&#039; College\" \/>\n<meta property=\"article:modified_time\" content=\"2024-12-11T16:42:27+00:00\" \/>\n<meta name=\"twitter:card\" content=\"summary_large_image\" \/>\n<meta name=\"twitter:label1\" content=\"Tiempo de lectura\" \/>\n\t<meta name=\"twitter:data1\" content=\"2 minutos\" \/>\n<script type=\"application\/ld+json\" class=\"yoast-schema-graph\">{\"@context\":\"https:\/\/schema.org\",\"@graph\":[{\"@type\":\"WebPage\",\"@id\":\"https:\/\/www.eaglescollege.cl\/web\/valor-del-mes-cortesia-y-buenos-modales\/\",\"url\":\"https:\/\/www.eaglescollege.cl\/web\/valor-del-mes-cortesia-y-buenos-modales\/\",\"name\":\"Valor del mes: cortes\u00eda y buenos modales - Eagles&#039; College\",\"isPartOf\":{\"@id\":\"https:\/\/www.eaglescollege.cl\/web\/#website\"},\"datePublished\":\"2024-08-29T13:49:45+00:00\",\"dateModified\":\"2024-12-11T16:42:27+00:00\",\"breadcrumb\":{\"@id\":\"https:\/\/www.eaglescollege.cl\/web\/valor-del-mes-cortesia-y-buenos-modales\/#breadcrumb\"},\"inLanguage\":\"es\",\"potentialAction\":[{\"@type\":\"ReadAction\",\"target\":[\"https:\/\/www.eaglescollege.cl\/web\/valor-del-mes-cortesia-y-buenos-modales\/\"]}]},{\"@type\":\"BreadcrumbList\",\"@id\":\"https:\/\/www.eaglescollege.cl\/web\/valor-del-mes-cortesia-y-buenos-modales\/#breadcrumb\",\"itemListElement\":[{\"@type\":\"ListItem\",\"position\":1,\"name\":\"Home\",\"item\":\"https:\/\/www.eaglescollege.cl\/web\/\"},{\"@type\":\"ListItem\",\"position\":2,\"name\":\"Valor del mes: cortes\u00eda y buenos modales\"}]},{\"@type\":\"WebSite\",\"@id\":\"https:\/\/www.eaglescollege.cl\/web\/#website\",\"url\":\"https:\/\/www.eaglescollege.cl\/web\/\",\"name\":\"Eagles&#039; College\",\"description\":\"education is life itself\",\"potentialAction\":[{\"@type\":\"SearchAction\",\"target\":{\"@type\":\"EntryPoint\",\"urlTemplate\":\"https:\/\/www.eaglescollege.cl\/web\/?s={search_term_string}\"},\"query-input\":{\"@type\":\"PropertyValueSpecification\",\"valueRequired\":true,\"valueName\":\"search_term_string\"}}],\"inLanguage\":\"es\"}]}<\/script>\n<!-- \/ Yoast SEO plugin. -->","yoast_head_json":{"title":"Valor del mes: cortes\u00eda y buenos modales - Eagles&#039; College","robots":{"index":"index","follow":"follow","max-snippet":"max-snippet:-1","max-image-preview":"max-image-preview:large","max-video-preview":"max-video-preview:-1"},"canonical":"https:\/\/www.eaglescollege.cl\/web\/valor-del-mes-cortesia-y-buenos-modales\/","og_locale":"es_ES","og_type":"article","og_title":"Valor del mes: cortes\u00eda y buenos modales - Eagles&#039; College","og_description":"En nuestro colegio, celebramos la cortes\u00eda y los buenos modales porque son fundamentales para crear un ambiente de respeto y...","og_url":"https:\/\/www.eaglescollege.cl\/web\/valor-del-mes-cortesia-y-buenos-modales\/","og_site_name":"Eagles&#039; College","article_modified_time":"2024-12-11T16:42:27+00:00","twitter_card":"summary_large_image","twitter_misc":{"Tiempo de lectura":"2 minutos"},"schema":{"@context":"https:\/\/schema.org","@graph":[{"@type":"WebPage","@id":"https:\/\/www.eaglescollege.cl\/web\/valor-del-mes-cortesia-y-buenos-modales\/","url":"https:\/\/www.eaglescollege.cl\/web\/valor-del-mes-cortesia-y-buenos-modales\/","name":"Valor del mes: cortes\u00eda y buenos modales - Eagles&#039; College","isPartOf":{"@id":"https:\/\/www.eaglescollege.cl\/web\/#website"},"datePublished":"2024-08-29T13:49:45+00:00","dateModified":"2024-12-11T16:42:27+00:00","breadcrumb":{"@id":"https:\/\/www.eaglescollege.cl\/web\/valor-del-mes-cortesia-y-buenos-modales\/#breadcrumb"},"inLanguage":"es","potentialAction":[{"@type":"ReadAction","target":["https:\/\/www.eaglescollege.cl\/web\/valor-del-mes-cortesia-y-buenos-modales\/"]}]},{"@type":"BreadcrumbList","@id":"https:\/\/www.eaglescollege.cl\/web\/valor-del-mes-cortesia-y-buenos-modales\/#breadcrumb","itemListElement":[{"@type":"ListItem","position":1,"name":"Home","item":"https:\/\/www.eaglescollege.cl\/web\/"},{"@type":"ListItem","position":2,"name":"Valor del mes: cortes\u00eda y buenos modales"}]},{"@type":"WebSite","@id":"https:\/\/www.eaglescollege.cl\/web\/#website","url":"https:\/\/www.eaglescollege.cl\/web\/","name":"Eagles&#039; College","description":"education is life itself","potentialAction":[{"@type":"SearchAction","target":{"@type":"EntryPoint","urlTemplate":"https:\/\/www.eaglescollege.cl\/web\/?s={search_term_string}"},"query-input":{"@type":"PropertyValueSpecification","valueRequired":true,"valueName":"search_term_string"}}],"inLanguage":"es"}]}},"_links":{"self":[{"href":"https:\/\/www.eaglescollege.cl\/web\/wp-json\/wp\/v2\/pages\/16750","targetHints":{"allow":["GET"]}}],"collection":[{"href":"https:\/\/www.eaglescollege.cl\/web\/wp-json\/wp\/v2\/pages"}],"about":[{"href":"https:\/\/www.eaglescollege.cl\/web\/wp-json\/wp\/v2\/types\/page"}],"author":[{"embeddable":true,"href":"https:\/\/www.eaglescollege.cl\/web\/wp-json\/wp\/v2\/users\/2"}],"replies":[{"embeddable":true,"href":"https:\/\/www.eaglescollege.cl\/web\/wp-json\/wp\/v2\/comments?post=16750"}],"version-history":[{"count":1,"href":"https:\/\/www.eaglescollege.cl\/web\/wp-json\/wp\/v2\/pages\/16750\/revisions"}],"predecessor-version":[{"id":16751,"href":"https:\/\/www.eaglescollege.cl\/web\/wp-json\/wp\/v2\/pages\/16750\/revisions\/16751"}],"wp:attachment":[{"href":"https:\/\/www.eaglescollege.cl\/web\/wp-json\/wp\/v2\/media?parent=16750"}],"curies":[{"name":"wp","href":"https:\/\/api.w.org\/{rel}","templated":true}]}}