{"id":16799,"date":"2024-08-30T00:08:44","date_gmt":"2024-08-30T03:08:44","guid":{"rendered":"https:\/\/www.eaglescollege.cl\/web\/?page_id=16799"},"modified":"2024-11-19T15:45:37","modified_gmt":"2024-11-19T18:45:37","slug":"grupo-solidario","status":"publish","type":"page","link":"https:\/\/www.eaglescollege.cl\/web\/grupo-solidario\/","title":{"rendered":"Grupo solidario"},"content":{"rendered":"\n<p><em><strong>Curr\u00edculum para la Solidaridad: Educando corazones y mentes.<\/strong><\/em><\/p>\n\n\n\n<p>En Eagles College, creemos que la solidaridad es fundamental para el \u00e9xito humano. Queremos inspirar a nuestros estudiantes a ser agentes de cambio positivo en la comunidad.<\/p>\n\n\n\n<p>Siguiendo la visi\u00f3n de Benito Baranda, nuestro Curr\u00edculum para la Solidaridad busca abrir la reflexi\u00f3n, fomentar la conciencia y desarrollar una vocaci\u00f3n de servicio en nuestros estudiantes.<\/p>\n\n\n\n<p>Nuestra misi\u00f3n es fomentar la solidaridad y el servicio social en nuestros estudiantes, promoviendo el trabajo en equipo, la conciencia social y el desarrollo de un curr\u00edculo solidario.<\/p>\n\n\n\n<p>El grupo \u00abSolidarity Team\u00bb est\u00e1&nbsp;formado por estudiantes comprometidos con la solidaridad, que trabajan juntos para organizar y realizar actividades de servicio social.<\/p>\n\n\n\n<p>Al participar, nuestros estudiantes desarrollar\u00e1n valores de solidaridad y compasi\u00f3n, trabajar\u00e1n&nbsp;en equipo para ayudar a otros, fomentar\u00e1n la conciencia social y el servicio comunitario, y contribuir\u00e1n a un curr\u00edculo solidario.<\/p>\n\n\n\n<p>Se invita a todos los estudiantes desde 7\u00b0 b\u00e1sico a 4\u00b0 Medio a unirse al proyecto y hacer una diferencia en nuestra comunidad.<\/p>\n\n\n\n<p><strong><em>\u00abEl prop\u00f3sito de la vida humana es servir y mostrar compasi\u00f3n y voluntad de ayudar a los dem\u00e1s\u00bb<\/em>&nbsp;&#8211; Albert Schweitzer<\/strong><\/p>\n","protected":false},"excerpt":{"rendered":"<p>Curr\u00edculum para la Solidaridad: Educando corazones y mentes. En Eagles College, creemos que la solidaridad es fundamental para el \u00e9xito&#8230;<\/p>\n","protected":false},"author":2,"featured_media":0,"parent":0,"menu_order":0,"comment_status":"closed","ping_status":"closed","template":"","meta":{"_EventAllDay":false,"_EventTimezone":"","_EventStartDate":"","_EventEndDate":"","_EventStartDateUTC":"","_EventEndDateUTC":"","_EventShowMap":false,"_EventShowMapLink":false,"_EventURL":"","_EventCost":"","_EventCostDescription":"","_EventCurrencySymbol":"","_EventCurrencyCode":"","_EventCurrencyPosition":"","_EventDateTimeSeparator":"","_EventTimeRangeSeparator":"","_EventOrganizerID":[],"_EventVenueID":[],"_OrganizerEmail":"","_OrganizerPhone":"","_OrganizerWebsite":"","_VenueAddress":"","_VenueCity":"","_VenueCountry":"","_VenueProvince":"","_VenueState":"","_VenueZip":"","_VenuePhone":"","_VenueURL":"","_VenueStateProvince":"","_VenueLat":"","_VenueLng":"","_VenueShowMap":false,"_VenueShowMapLink":false,"footnotes":""},"class_list":["post-16799","page","type-page","status-publish","hentry"],"yoast_head":"<!-- This site is optimized with the Yoast SEO plugin v24.0 - https:\/\/yoast.com\/wordpress\/plugins\/seo\/ -->\n<title>Grupo solidario - Eagles&#039; College<\/title>\n<meta name=\"robots\" content=\"index, follow, max-snippet:-1, max-image-preview:large, max-video-preview:-1\" \/>\n<link rel=\"canonical\" href=\"https:\/\/www.eaglescollege.cl\/web\/grupo-solidario\/\" \/>\n<meta property=\"og:locale\" content=\"es_ES\" \/>\n<meta property=\"og:type\" content=\"article\" \/>\n<meta property=\"og:title\" content=\"Grupo solidario - Eagles&#039; College\" \/>\n<meta property=\"og:description\" content=\"Curr\u00edculum para la Solidaridad: Educando corazones y mentes. En Eagles College, creemos que la solidaridad es fundamental para el \u00e9xito...\" \/>\n<meta property=\"og:url\" content=\"https:\/\/www.eaglescollege.cl\/web\/grupo-solidario\/\" \/>\n<meta property=\"og:site_name\" content=\"Eagles&#039; College\" \/>\n<meta property=\"article:modified_time\" content=\"2024-11-19T18:45:37+00:00\" \/>\n<meta name=\"twitter:card\" content=\"summary_large_image\" \/>\n<meta name=\"twitter:label1\" content=\"Tiempo de lectura\" \/>\n\t<meta name=\"twitter:data1\" content=\"1 minuto\" \/>\n<script type=\"application\/ld+json\" class=\"yoast-schema-graph\">{\"@context\":\"https:\/\/schema.org\",\"@graph\":[{\"@type\":\"WebPage\",\"@id\":\"https:\/\/www.eaglescollege.cl\/web\/grupo-solidario\/\",\"url\":\"https:\/\/www.eaglescollege.cl\/web\/grupo-solidario\/\",\"name\":\"Grupo solidario - Eagles&#039; College\",\"isPartOf\":{\"@id\":\"https:\/\/www.eaglescollege.cl\/web\/#website\"},\"datePublished\":\"2024-08-30T03:08:44+00:00\",\"dateModified\":\"2024-11-19T18:45:37+00:00\",\"breadcrumb\":{\"@id\":\"https:\/\/www.eaglescollege.cl\/web\/grupo-solidario\/#breadcrumb\"},\"inLanguage\":\"es\",\"potentialAction\":[{\"@type\":\"ReadAction\",\"target\":[\"https:\/\/www.eaglescollege.cl\/web\/grupo-solidario\/\"]}]},{\"@type\":\"BreadcrumbList\",\"@id\":\"https:\/\/www.eaglescollege.cl\/web\/grupo-solidario\/#breadcrumb\",\"itemListElement\":[{\"@type\":\"ListItem\",\"position\":1,\"name\":\"Home\",\"item\":\"https:\/\/www.eaglescollege.cl\/web\/\"},{\"@type\":\"ListItem\",\"position\":2,\"name\":\"Grupo solidario\"}]},{\"@type\":\"WebSite\",\"@id\":\"https:\/\/www.eaglescollege.cl\/web\/#website\",\"url\":\"https:\/\/www.eaglescollege.cl\/web\/\",\"name\":\"Eagles&#039; College\",\"description\":\"education is life itself\",\"potentialAction\":[{\"@type\":\"SearchAction\",\"target\":{\"@type\":\"EntryPoint\",\"urlTemplate\":\"https:\/\/www.eaglescollege.cl\/web\/?s={search_term_string}\"},\"query-input\":{\"@type\":\"PropertyValueSpecification\",\"valueRequired\":true,\"valueName\":\"search_term_string\"}}],\"inLanguage\":\"es\"}]}<\/script>\n<!-- \/ Yoast SEO plugin. -->","yoast_head_json":{"title":"Grupo solidario - Eagles&#039; College","robots":{"index":"index","follow":"follow","max-snippet":"max-snippet:-1","max-image-preview":"max-image-preview:large","max-video-preview":"max-video-preview:-1"},"canonical":"https:\/\/www.eaglescollege.cl\/web\/grupo-solidario\/","og_locale":"es_ES","og_type":"article","og_title":"Grupo solidario - Eagles&#039; College","og_description":"Curr\u00edculum para la Solidaridad: Educando corazones y mentes. En Eagles College, creemos que la solidaridad es fundamental para el \u00e9xito...","og_url":"https:\/\/www.eaglescollege.cl\/web\/grupo-solidario\/","og_site_name":"Eagles&#039; College","article_modified_time":"2024-11-19T18:45:37+00:00","twitter_card":"summary_large_image","twitter_misc":{"Tiempo de lectura":"1 minuto"},"schema":{"@context":"https:\/\/schema.org","@graph":[{"@type":"WebPage","@id":"https:\/\/www.eaglescollege.cl\/web\/grupo-solidario\/","url":"https:\/\/www.eaglescollege.cl\/web\/grupo-solidario\/","name":"Grupo solidario - Eagles&#039; College","isPartOf":{"@id":"https:\/\/www.eaglescollege.cl\/web\/#website"},"datePublished":"2024-08-30T03:08:44+00:00","dateModified":"2024-11-19T18:45:37+00:00","breadcrumb":{"@id":"https:\/\/www.eaglescollege.cl\/web\/grupo-solidario\/#breadcrumb"},"inLanguage":"es","potentialAction":[{"@type":"ReadAction","target":["https:\/\/www.eaglescollege.cl\/web\/grupo-solidario\/"]}]},{"@type":"BreadcrumbList","@id":"https:\/\/www.eaglescollege.cl\/web\/grupo-solidario\/#breadcrumb","itemListElement":[{"@type":"ListItem","position":1,"name":"Home","item":"https:\/\/www.eaglescollege.cl\/web\/"},{"@type":"ListItem","position":2,"name":"Grupo solidario"}]},{"@type":"WebSite","@id":"https:\/\/www.eaglescollege.cl\/web\/#website","url":"https:\/\/www.eaglescollege.cl\/web\/","name":"Eagles&#039; College","description":"education is life itself","potentialAction":[{"@type":"SearchAction","target":{"@type":"EntryPoint","urlTemplate":"https:\/\/www.eaglescollege.cl\/web\/?s={search_term_string}"},"query-input":{"@type":"PropertyValueSpecification","valueRequired":true,"valueName":"search_term_string"}}],"inLanguage":"es"}]}},"_links":{"self":[{"href":"https:\/\/www.eaglescollege.cl\/web\/wp-json\/wp\/v2\/pages\/16799","targetHints":{"allow":["GET"]}}],"collection":[{"href":"https:\/\/www.eaglescollege.cl\/web\/wp-json\/wp\/v2\/pages"}],"about":[{"href":"https:\/\/www.eaglescollege.cl\/web\/wp-json\/wp\/v2\/types\/page"}],"author":[{"embeddable":true,"href":"https:\/\/www.eaglescollege.cl\/web\/wp-json\/wp\/v2\/users\/2"}],"replies":[{"embeddable":true,"href":"https:\/\/www.eaglescollege.cl\/web\/wp-json\/wp\/v2\/comments?post=16799"}],"version-history":[{"count":2,"href":"https:\/\/www.eaglescollege.cl\/web\/wp-json\/wp\/v2\/pages\/16799\/revisions"}],"predecessor-version":[{"id":17078,"href":"https:\/\/www.eaglescollege.cl\/web\/wp-json\/wp\/v2\/pages\/16799\/revisions\/17078"}],"wp:attachment":[{"href":"https:\/\/www.eaglescollege.cl\/web\/wp-json\/wp\/v2\/media?parent=16799"}],"curies":[{"name":"wp","href":"https:\/\/api.w.org\/{rel}","templated":true}]}}