{"id":16820,"date":"2024-08-30T01:23:05","date_gmt":"2024-08-30T04:23:05","guid":{"rendered":"https:\/\/www.eaglescollege.cl\/web\/?page_id=16820"},"modified":"2025-04-25T10:13:04","modified_gmt":"2025-04-25T13:13:04","slug":"miembros-ceal","status":"publish","type":"page","link":"https:\/\/www.eaglescollege.cl\/web\/miembros-ceal\/","title":{"rendered":"Miembros CEAL"},"content":{"rendered":"<div id=\"cmsmasters_row_l1iwbr84pm\" class=\"cmsmasters_row cmsmasters_color_scheme_default cmsmasters_row_top_default cmsmasters_row_bot_default cmsmasters_row_boxed\">\n<div class=\"cmsmasters_row_outer_parent\">\n<div class=\"cmsmasters_row_outer\">\n<div class=\"cmsmasters_row_inner\">\n<div class=\"cmsmasters_row_margin\">\n<div id=\"cmsmasters_column_xgwlxrox6\" class=\"cmsmasters_column one_first\">\n<div class=\"cmsmasters_column_inner\"><div class=\"cmsmasters_text\">\n<p>&nbsp;<\/p>\n<p><strong>Centro de Estudiantes de Eagles&#8217; College (CEAL)<\/strong><\/p>\n<p>El objetivo del Centro de Estudiantes de Eagles&#8217; College (CEAL) es apoyar el desarrollo integral de todos los estudiantes, fomentando el pensamiento reflexivo, el juicio cr\u00edtico, y la iniciativa para la acci\u00f3n. A trav\u00e9s de la participaci\u00f3n en el CEAL, se busca formar ciudadanos comprometidos con la vida democr\u00e1tica y preparados para contribuir a los cambios culturales y sociales. Esto se alinea con el Decreto 524 de 2006, que promueve la participaci\u00f3n estudiantil como un pilar fundamental en la formaci\u00f3n de j\u00f3venes responsables y activos en la sociedad.<\/p>\n<\/div>\n<div class=\"cmsmasters_text\">\n<p>El Centro de Estudiantes es una organizaci\u00f3n formada por y para los estudiantes de Eagles&#8217; College. Su finalidad es fortalecer los lazos entre los estudiantes y promover su participaci\u00f3n activa dentro del marco de la misi\u00f3n, visi\u00f3n y valores del colegio, as\u00ed como fomentar el cumplimiento de las normas de convivencia escolar. A trav\u00e9s de su trabajo, el CEAL busca desarrollar habilidades esenciales como el pensamiento cr\u00edtico y la capacidad para liderar e impulsar cambios positivos tanto dentro como fuera de la comunidad escolar.<\/p>\n<\/div>\n<\/div><\/div>\n<\/div>\n<\/div>\n<\/div>\n<\/div>\n<\/div>\n<div id=\"cmsmasters_row_bqa9sesde\" class=\"cmsmasters_row cmsmasters_color_scheme_default cmsmasters_row_top_default cmsmasters_row_bot_default cmsmasters_row_boxed\">\n<div class=\"cmsmasters_row_outer_parent\">\n<div class=\"cmsmasters_row_outer\">\n<div class=\"cmsmasters_row_inner cmsmasters_row_no_margin\">\n<div class=\"cmsmasters_row_margin\">\n<div id=\"cmsmasters_column_ngraxhh6zr\" class=\"cmsmasters_column one_first\" data-animation=\"fadeIn\" data-delay=\"0\">\n<div class=\"cmsmasters_column_inner\"><div class=\"custom_html\">\n<p><head><\/p>\n<style>\n        body {<\/p>\n<p>        }\n        .container {\n            max-width: 1200px;\n            margin: 0 auto;\n            padding: 20px;\n        }\n        h1 {\n            text-align: center;\n            color: #002147; \/* Azul oscuro *\/\n            font-size: clamp(2em, 5vw, 2.5em); \/* Ajusta din\u00e1micamente entre 2em y 2.5em *\/\n            margin-bottom: 50px;\n        }\n        .team {\n            display: flex;\n            justify-content: space-around;\n            flex-wrap: wrap;\n        }\n        .team-member {\n            background-color: #fff;\n            width: 30%;\n            margin: 15px;\n            padding: 20px;\n            border-radius: 15px;\n            box-shadow: 0 0 15px rgba(0, 0, 0, 0.2);\n            text-align: center;\n            transition: transform 0.3s ease;\n            position: relative;\n            overflow: hidden;\n        }\n        .team-member:hover {\n            transform: translateY(-10px);\n        }\n        .team-member::before {\n            content: '';\n            position: absolute;\n            top: 0;\n            left: 0;\n            width: 100%;\n            height: 100%;\n            background-color: rgba(255, 193, 7, 0.1); \/* Amarillo rey con 10% de opacidad *\/\n            z-index: 1;\n            transition: background-color 0.3s ease;\n        }\n        .team-member:hover::before {\n            background-color: rgba(255, 193, 7, 0.2); \/* Aumenta la opacidad al hacer hover *\/\n        }\n        .team-member img {\n            width: 100%;\n            border-radius: 50%;\n            object-fit: cover;\n            border: 5px solid #002147; \/* Azul oscuro *\/\n            z-index: 2;\n            position: relative;\n        }\n        .team-member h3 {\n            margin: 15px 0 10px 0;\n            color: #002147;\n            font-size: clamp(1.2em, 4vw, 1.5em); \/* Tama\u00f1o din\u00e1mico para pantallas peque\u00f1as *\/\n            z-index: 2;\n            position: relative;\n            word-wrap: break-word; \/* Asegura que las palabras largas se ajusten *\/\n        }\n        .team-member p {\n            color: #666;\n            font-size: clamp(0.9em, 3vw, 1em); \/* Ajuste din\u00e1mico del texto *\/\n            z-index: 2;\n            position: relative;\n            word-wrap: break-word; \/* Permite el ajuste de texto largo *\/\n        }<\/p>\n<p>        \/* Media Queries *\/\n        @media (max-width: 768px) {\n            .team-member {\n                width: 45%; \/* Muestra 2 por fila en tablets *\/\n            }\n        }<\/p>\n<p>        @media (max-width: 480px) {\n            .team-member {\n                width: 100%; \/* Muestra 1 por fila en pantallas peque\u00f1as *\/\n                margin: 10px 0; \/* Reduce los m\u00e1rgenes entre tarjetas *\/\n            }\n        }\n    <\/style>\n<p><\/head><br \/>\n<body><\/p>\n<div class=\"container\">\n<h1>Conoce a <strong>Nuestro CEAL<\/strong><\/h1>\n<div class=\"team\">\n<div class=\"team-member\">\n                <img decoding=\"async\" src=\"https:\/\/www.eaglescollege.cl\/web\/wp-content\/uploads\/2025\/04\/Vicente-Puch-Web.jpg\" alt=\"Foto de Vicente Puch\"><\/p>\n<h3>Vicente Puch<\/h3>\n<p>Presidente<\/p>\n<\/p><\/div>\n<div class=\"team-member\">\n                <img decoding=\"async\" src=\"https:\/\/www.eaglescollege.cl\/web\/wp-content\/uploads\/2025\/04\/Sabrina-Rodrigues-Web.jpg\" alt=\"Foto de Sabrina Rodrigues\"><\/p>\n<h3>Sabrina Rodrigues<\/h3>\n<p>Vicepresidenta<\/p>\n<\/p><\/div>\n<div class=\"team-member\">\n                <img decoding=\"async\" src=\"https:\/\/www.eaglescollege.cl\/web\/wp-content\/uploads\/2025\/04\/Catalina-Rios-Web.jpg\" alt=\"Foto de Catalina Rios\"><\/p>\n<h3>Catalina Rios<\/h3>\n<p>Secretaria ejecutiva<\/p>\n<\/p><\/div>\n<div class=\"team-member\">\n                <img decoding=\"async\" src=\"https:\/\/www.eaglescollege.cl\/web\/wp-content\/uploads\/2025\/04\/Mariana-Munoz-Web.jpg\" alt=\"Foto de Mariana Mu\u00f1oz\"><\/p>\n<h3>Mariana Mu\u00f1oz<\/h3>\n<p>Secretaria de actas<\/p>\n<\/p><\/div>\n<div class=\"team-member\">\n                <img decoding=\"async\" src=\"https:\/\/www.eaglescollege.cl\/web\/wp-content\/uploads\/2025\/04\/Harshita-Chhabria-Web.jpg\" alt=\"Foto de Harshita Chhabria\"><\/p>\n<h3>Harshita Chhabria<\/h3>\n<p>Secretaria de finanzas<\/p>\n<\/p><\/div>\n<div class=\"team-member\">\n                <img decoding=\"async\" src=\"https:\/\/www.eaglescollege.cl\/web\/wp-content\/uploads\/2025\/04\/Vicenthe-Jara-Web.jpg\" alt=\"Foto de Vicenthe Jara\"><\/p>\n<h3>Vicenthe Jara<\/h3>\n<p>Delegado<\/p>\n<\/p><\/div>\n<div class=\"team-member\">\n                <img decoding=\"async\" src=\"https:\/\/www.eaglescollege.cl\/web\/wp-content\/uploads\/2025\/04\/Sergio-Venegas-Web.jpg\" alt=\"Foto de Sergio Venegas\"><\/p>\n<h3>Sergio Venegas<\/h3>\n<p>Docente Asesor CEAL<\/p>\n<\/p><\/div><\/div><\/div>\n<p><\/body><\/p>\n<\/div>\n<\/div><\/div>\n<\/div>\n<\/div>\n<\/div>\n<\/div>\n<\/div>\n<div id=\"cmsmasters_row_9twprmjsy\" class=\"cmsmasters_row cmsmasters_color_scheme_default cmsmasters_row_top_default cmsmasters_row_bot_default cmsmasters_row_boxed\">\n<div class=\"cmsmasters_row_outer_parent\">\n<div class=\"cmsmasters_row_outer\">\n<div class=\"cmsmasters_row_inner\">\n<div class=\"cmsmasters_row_margin\">\n<div id=\"cmsmasters_column_g5014stwq\" class=\"cmsmasters_column one_first\">\n<div class=\"cmsmasters_column_inner\"><div class=\"custom_html\">\n<p><head>\n  <link rel=\"stylesheet\" href=\"https:\/\/cdnjs.cloudflare.com\/ajax\/libs\/font-awesome\/6.0.0-beta3\/css\/all.min.css\">\n<style>\n    .signature {\n      background-color: #fbc02d;\n      color: white;\n      padding: 20px;\n      border-radius: 10px;\n      font-family: Arial, sans-serif;\n      max-width: 500px;\n      margin: auto;\n      box-shadow: 0 4px 8px rgba(0, 0, 0, 0.1);\n      line-height: 2.4;\n    }<\/p>\n<p>    .signature div {\n      display: flex;\n      align-items: center;\n      margin-bottom: 15px;\n    }<\/p>\n<p>    .signature div i {\n      font-size: 18px;\n      color: white;\n      margin-right: 10px;\n      min-width: 25px;\n    }<\/p>\n<p>    .signature .name {\n      font-weight: bold;\n      font-size: 24px;\n      color: #ffeb3b;\n    }<\/p>\n<p>    .signature .email, .signature .phone, .signature .role {\n      font-style: italic;\n      color: #003366; \/* Azul oscuro *\/\n    }<\/p>\n<p>    .signature a {\n      color: white;\n      text-decoration: none;\n    }<\/p>\n<p>    .signature a:hover {\n      text-decoration: underline;\n    }<\/p>\n<p>    \/* Estilo para el icono separador *\/\n    .separator {\n      margin: 0 10px; \/* Ajusta el margen para el espaciado *\/\n      font-size: 18px; \/* Tama\u00f1o del icono separador *\/\n      color: white; \/* Color del icono separador *\/\n    }\n  <\/style>\n<p><\/head><\/p>\n<p><body><\/p>\n<div class=\"signature\">\n<div><i class=\"fas fa-users\"><\/i>    <span class=\"separator\">|<\/span>   <span class=\"name\">CEAL<\/span><\/div>\n<div><i class=\"fas fa-envelope\"><\/i>   <span class=\"separator\">|<\/span>   <span class=\"email\"><a href=\"mailto:ceal@eaglescollege.cl\">ceal@eaglescollege.cl<\/a><\/span><\/div><\/div>\n<p><\/body><\/p>\n<\/div>\n<\/div><\/div>\n<\/div>\n<\/div>\n<\/div>\n<\/div>\n<\/div>\n<div id=\"cmsmasters_row_t0x9zme0lf\" class=\"cmsmasters_row cmsmasters_color_scheme_default cmsmasters_row_top_default cmsmasters_row_bot_default cmsmasters_row_boxed\">\n<div class=\"cmsmasters_row_outer_parent\">\n<div class=\"cmsmasters_row_outer\">\n<div class=\"cmsmasters_row_inner\">\n<div class=\"cmsmasters_row_margin\">\n<div id=\"cmsmasters_column_ya0gq3mqwi\" class=\"cmsmasters_column one_first\">\n<div class=\"cmsmasters_column_inner\">\n<div id=\"cmsmasters_divider_hsuho0a2te\" class=\"cmsmasters_divider cmsmasters_divider_width_long cmsmasters_divider_pos_center\"><\/div>\n<\/div><\/div>\n<\/div>\n<\/div>\n<\/div>\n<\/div>\n<\/div>\n<div id=\"cmsmasters_row_z5qyacdncu\" class=\"cmsmasters_row cmsmasters_color_scheme_default cmsmasters_row_top_default cmsmasters_row_bot_default cmsmasters_row_boxed\">\n<div class=\"cmsmasters_row_outer_parent\">\n<div class=\"cmsmasters_row_outer\">\n<div class=\"cmsmasters_row_inner\">\n<div class=\"cmsmasters_row_margin\">\n<div id=\"cmsmasters_column_ttt4covin\" class=\"cmsmasters_column one_first\">\n<div class=\"cmsmasters_column_inner\"><div class=\"cmsmasters_tabs tabs_mode_tab\">\n<ul class=\"cmsmasters_tabs_list\">\n<li id=\"cmsmasters_tabs_list_item_wb5o3nhdlg\" class=\"cmsmasters_tabs_list_item current_tab\">\n<a href=\"#\">\n<span>Lista CEAL<\/span>\n<\/a>\n<\/li><\/ul>\n<div class=\"cmsmasters_tabs_wrap\">\n<div id=\"cmsmasters_tab_wb5o3nhdlg\" class=\"cmsmasters_tab active_tab\">\n<div class=\"cmsmasters_tab_inner\">\n<ul>\n<li><a href=\"https:\/\/docs.google.com\/document\/d\/1SAR4Z8fNZ_oXA0Ud9cqUp9VMHFNVd1yX\/edit?usp=drive_link&amp;ouid=104702260921357943986&amp;rtpof=true&amp;sd=true\">Bajar Lista para llenar<\/a><\/li>\n<\/ul>\n<\/div>\n<\/div><\/div>\n<\/div>\n<\/div><\/div>\n<\/div>\n<\/div>\n<\/div>\n<\/div>\n<\/div>\n\n","protected":false},"excerpt":{"rendered":"","protected":false},"author":2,"featured_media":0,"parent":0,"menu_order":0,"comment_status":"closed","ping_status":"closed","template":"","meta":{"_EventAllDay":false,"_EventTimezone":"","_EventStartDate":"","_EventEndDate":"","_EventStartDateUTC":"","_EventEndDateUTC":"","_EventShowMap":false,"_EventShowMapLink":false,"_EventURL":"","_EventCost":"","_EventCostDescription":"","_EventCurrencySymbol":"","_EventCurrencyCode":"","_EventCurrencyPosition":"","_EventDateTimeSeparator":"","_EventTimeRangeSeparator":"","_EventOrganizerID":[],"_EventVenueID":[],"_OrganizerEmail":"","_OrganizerPhone":"","_OrganizerWebsite":"","_VenueAddress":"","_VenueCity":"","_VenueCountry":"","_VenueProvince":"","_VenueState":"","_VenueZip":"","_VenuePhone":"","_VenueURL":"","_VenueStateProvince":"","_VenueLat":"","_VenueLng":"","_VenueShowMap":false,"_VenueShowMapLink":false,"footnotes":""},"class_list":["post-16820","page","type-page","status-publish","hentry"],"yoast_head":"<!-- This site is optimized with the Yoast SEO plugin v24.0 - https:\/\/yoast.com\/wordpress\/plugins\/seo\/ -->\n<title>Miembros CEAL - Eagles&#039; College<\/title>\n<meta name=\"robots\" content=\"index, follow, max-snippet:-1, max-image-preview:large, max-video-preview:-1\" \/>\n<link rel=\"canonical\" href=\"https:\/\/www.eaglescollege.cl\/web\/miembros-ceal\/\" \/>\n<meta property=\"og:locale\" content=\"es_ES\" \/>\n<meta property=\"og:type\" content=\"article\" \/>\n<meta property=\"og:title\" content=\"Miembros CEAL - Eagles&#039; College\" \/>\n<meta property=\"og:url\" content=\"https:\/\/www.eaglescollege.cl\/web\/miembros-ceal\/\" \/>\n<meta property=\"og:site_name\" content=\"Eagles&#039; College\" \/>\n<meta property=\"article:modified_time\" content=\"2025-04-25T13:13:04+00:00\" \/>\n<meta name=\"twitter:card\" content=\"summary_large_image\" \/>\n<meta name=\"twitter:label1\" content=\"Tiempo de lectura\" \/>\n\t<meta name=\"twitter:data1\" content=\"2 minutos\" \/>\n<script type=\"application\/ld+json\" class=\"yoast-schema-graph\">{\"@context\":\"https:\/\/schema.org\",\"@graph\":[{\"@type\":\"WebPage\",\"@id\":\"https:\/\/www.eaglescollege.cl\/web\/miembros-ceal\/\",\"url\":\"https:\/\/www.eaglescollege.cl\/web\/miembros-ceal\/\",\"name\":\"Miembros CEAL - Eagles&#039; College\",\"isPartOf\":{\"@id\":\"https:\/\/www.eaglescollege.cl\/web\/#website\"},\"datePublished\":\"2024-08-30T04:23:05+00:00\",\"dateModified\":\"2025-04-25T13:13:04+00:00\",\"breadcrumb\":{\"@id\":\"https:\/\/www.eaglescollege.cl\/web\/miembros-ceal\/#breadcrumb\"},\"inLanguage\":\"es\",\"potentialAction\":[{\"@type\":\"ReadAction\",\"target\":[\"https:\/\/www.eaglescollege.cl\/web\/miembros-ceal\/\"]}]},{\"@type\":\"BreadcrumbList\",\"@id\":\"https:\/\/www.eaglescollege.cl\/web\/miembros-ceal\/#breadcrumb\",\"itemListElement\":[{\"@type\":\"ListItem\",\"position\":1,\"name\":\"Home\",\"item\":\"https:\/\/www.eaglescollege.cl\/web\/\"},{\"@type\":\"ListItem\",\"position\":2,\"name\":\"Miembros CEAL\"}]},{\"@type\":\"WebSite\",\"@id\":\"https:\/\/www.eaglescollege.cl\/web\/#website\",\"url\":\"https:\/\/www.eaglescollege.cl\/web\/\",\"name\":\"Eagles&#039; College\",\"description\":\"education is life itself\",\"potentialAction\":[{\"@type\":\"SearchAction\",\"target\":{\"@type\":\"EntryPoint\",\"urlTemplate\":\"https:\/\/www.eaglescollege.cl\/web\/?s={search_term_string}\"},\"query-input\":{\"@type\":\"PropertyValueSpecification\",\"valueRequired\":true,\"valueName\":\"search_term_string\"}}],\"inLanguage\":\"es\"}]}<\/script>\n<!-- \/ Yoast SEO plugin. -->","yoast_head_json":{"title":"Miembros CEAL - Eagles&#039; College","robots":{"index":"index","follow":"follow","max-snippet":"max-snippet:-1","max-image-preview":"max-image-preview:large","max-video-preview":"max-video-preview:-1"},"canonical":"https:\/\/www.eaglescollege.cl\/web\/miembros-ceal\/","og_locale":"es_ES","og_type":"article","og_title":"Miembros CEAL - Eagles&#039; College","og_url":"https:\/\/www.eaglescollege.cl\/web\/miembros-ceal\/","og_site_name":"Eagles&#039; College","article_modified_time":"2025-04-25T13:13:04+00:00","twitter_card":"summary_large_image","twitter_misc":{"Tiempo de lectura":"2 minutos"},"schema":{"@context":"https:\/\/schema.org","@graph":[{"@type":"WebPage","@id":"https:\/\/www.eaglescollege.cl\/web\/miembros-ceal\/","url":"https:\/\/www.eaglescollege.cl\/web\/miembros-ceal\/","name":"Miembros CEAL - Eagles&#039; College","isPartOf":{"@id":"https:\/\/www.eaglescollege.cl\/web\/#website"},"datePublished":"2024-08-30T04:23:05+00:00","dateModified":"2025-04-25T13:13:04+00:00","breadcrumb":{"@id":"https:\/\/www.eaglescollege.cl\/web\/miembros-ceal\/#breadcrumb"},"inLanguage":"es","potentialAction":[{"@type":"ReadAction","target":["https:\/\/www.eaglescollege.cl\/web\/miembros-ceal\/"]}]},{"@type":"BreadcrumbList","@id":"https:\/\/www.eaglescollege.cl\/web\/miembros-ceal\/#breadcrumb","itemListElement":[{"@type":"ListItem","position":1,"name":"Home","item":"https:\/\/www.eaglescollege.cl\/web\/"},{"@type":"ListItem","position":2,"name":"Miembros CEAL"}]},{"@type":"WebSite","@id":"https:\/\/www.eaglescollege.cl\/web\/#website","url":"https:\/\/www.eaglescollege.cl\/web\/","name":"Eagles&#039; College","description":"education is life itself","potentialAction":[{"@type":"SearchAction","target":{"@type":"EntryPoint","urlTemplate":"https:\/\/www.eaglescollege.cl\/web\/?s={search_term_string}"},"query-input":{"@type":"PropertyValueSpecification","valueRequired":true,"valueName":"search_term_string"}}],"inLanguage":"es"}]}},"_links":{"self":[{"href":"https:\/\/www.eaglescollege.cl\/web\/wp-json\/wp\/v2\/pages\/16820","targetHints":{"allow":["GET"]}}],"collection":[{"href":"https:\/\/www.eaglescollege.cl\/web\/wp-json\/wp\/v2\/pages"}],"about":[{"href":"https:\/\/www.eaglescollege.cl\/web\/wp-json\/wp\/v2\/types\/page"}],"author":[{"embeddable":true,"href":"https:\/\/www.eaglescollege.cl\/web\/wp-json\/wp\/v2\/users\/2"}],"replies":[{"embeddable":true,"href":"https:\/\/www.eaglescollege.cl\/web\/wp-json\/wp\/v2\/comments?post=16820"}],"version-history":[{"count":51,"href":"https:\/\/www.eaglescollege.cl\/web\/wp-json\/wp\/v2\/pages\/16820\/revisions"}],"predecessor-version":[{"id":17988,"href":"https:\/\/www.eaglescollege.cl\/web\/wp-json\/wp\/v2\/pages\/16820\/revisions\/17988"}],"wp:attachment":[{"href":"https:\/\/www.eaglescollege.cl\/web\/wp-json\/wp\/v2\/media?parent=16820"}],"curies":[{"name":"wp","href":"https:\/\/api.w.org\/{rel}","templated":true}]}}